{"id":359,"date":"2015-09-29T13:39:23","date_gmt":"2015-09-29T11:39:23","guid":{"rendered":"http:\/\/paitunes.com\/?page_id=359"},"modified":"2021-11-17T00:59:59","modified_gmt":"2021-11-16T23:59:59","slug":"inicio","status":"publish","type":"page","link":"https:\/\/paitunes.com\/en\/","title":{"rendered":"Home"},"content":{"rendered":"<p><\/p>\n\n\n\n<h1 class=\"wp-block-heading\">Welcome to&nbsp;PAITUNES<\/h1>\n\n\n\n<h5 class=\"wp-block-heading\"><a href=\"http:\/\/paitunes.com\/?page_id=4\"><img loading=\"lazy\" decoding=\"async\" class=\"alignleft wp-image-371 size-medium\" src=\"http:\/\/paitunes.com\/wp-content\/uploads\/2015\/09\/tienda-online-300x275.jpg\" alt=\"tienda-online\" width=\"300\" height=\"275\" srcset=\"https:\/\/paitunes.com\/wp-content\/uploads\/2015\/09\/tienda-online-300x275.jpg 300w, https:\/\/paitunes.com\/wp-content\/uploads\/2015\/09\/tienda-online-416x382.jpg 416w, https:\/\/paitunes.com\/wp-content\/uploads\/2015\/09\/tienda-online.jpg 500w\" sizes=\"auto, (max-width: 300px) 100vw, 300px\" \/><\/a><a href=\"https:\/\/paitunes.com\/?product_cat=liquidacion\"><img loading=\"lazy\" decoding=\"async\" class=\"alignnone wp-image-420 size-medium\" src=\"https:\/\/paitunes.com\/wp-content\/uploads\/2016\/09\/todo-a-5-e-300x275.jpg\" alt=\"\" width=\"300\" height=\"275\"><\/a><\/h5>\n\n\n\n<p class=\"has-text-align-left\">Gastos de env\u00edo gratu\u00edtos en Espa\u00f1a&nbsp;en los productos en liquidaci\u00f3n y a partir de 100\u20ac en el resto.<\/p>\n\n\n\n<p class=\"has-text-align-left\">Gastos de env\u00edo gratu\u00edtos en el resto de Europa en pedidos superiores a 300\u20ac.<\/p>\n\n\n\n<p><\/p>","protected":false},"excerpt":{"rendered":"<p>Welcome to&nbsp;PAITUNES Gastos de env\u00edo gratu\u00edtos en Espa\u00f1a&nbsp;en los productos en liquidaci\u00f3n y a partir de 100\u20ac en el resto. Gastos de env\u00edo gratu\u00edtos en el resto de Europa en pedidos superiores a 300\u20ac.<\/p>\n","protected":false},"author":1,"featured_media":0,"parent":0,"menu_order":0,"comment_status":"closed","ping_status":"closed","template":"template-homepage.php","meta":{"footnotes":""},"class_list":["post-359","page","type-page","status-publish","hentry"],"_links":{"self":[{"href":"https:\/\/paitunes.com\/en\/wp-json\/wp\/v2\/pages\/359","targetHints":{"allow":["GET"]}}],"collection":[{"href":"https:\/\/paitunes.com\/en\/wp-json\/wp\/v2\/pages"}],"about":[{"href":"https:\/\/paitunes.com\/en\/wp-json\/wp\/v2\/types\/page"}],"author":[{"embeddable":true,"href":"https:\/\/paitunes.com\/en\/wp-json\/wp\/v2\/users\/1"}],"replies":[{"embeddable":true,"href":"https:\/\/paitunes.com\/en\/wp-json\/wp\/v2\/comments?post=359"}],"version-history":[{"count":32,"href":"https:\/\/paitunes.com\/en\/wp-json\/wp\/v2\/pages\/359\/revisions"}],"predecessor-version":[{"id":621,"href":"https:\/\/paitunes.com\/en\/wp-json\/wp\/v2\/pages\/359\/revisions\/621"}],"wp:attachment":[{"href":"https:\/\/paitunes.com\/en\/wp-json\/wp\/v2\/media?parent=359"}],"curies":[{"name":"wp","href":"https:\/\/api.w.org\/{rel}","templated":true}]}}