{"id":118,"date":"2015-09-04T09:41:35","date_gmt":"2015-09-04T09:41:35","guid":{"rendered":"http:\/\/paitunes.com\/producto\/mitocondrias-que-me-quiten-lo-bailao\/"},"modified":"2016-10-27T11:13:17","modified_gmt":"2016-10-27T09:13:17","slug":"mitocondrias-que-me-quiten-lo-bailao","status":"publish","type":"product","link":"https:\/\/paitunes.com\/en\/tienda\/mitocondrias-que-me-quiten-lo-bailao\/","title":{"rendered":"Mitocondrias &#8211; Que me quiten lo bailao"},"content":{"rendered":"<p>O quinto disco do grupo ourens\u00e1n \u201cMitocondrias\u201d, titulado \u201cQUE ME QUITEN LO BAILAO\u201d, esta a venda, exclusivamente en edici\u00f3n dixital, dende o mes de maio do presente ano na p\u00e1xina web da compa\u00f1\u00eda Pai m\u00fasica.<\/p>\n<p>\u201cQue me quiten lo Bailao\u201d \u00e9 un disco conceptual, t\u00f3dolos temas tocan nas s\u00faas letras a adici\u00f3n e o consumo de diferentes drogas, tanto legais como ilegais, coa \u00fanica pretensi\u00f3n de dar unha visi\u00f3n normalizadora dunhas sustancias empregadas dende que o home \u00e9 o que \u00e9.<\/p>\n<p>Once temas gravados pola t\u00e9cnica \u201ctodos a de tres\u201d, e mesturados pola t\u00e9cnica \u201cunha perna tapa a outra\u201d, e todo feito no estudio \u201cA Casa de Tolos\u201dde Gondomar, dende xaneiro ate abril do ano 2.009. T\u00e9cnico de gravaci\u00f3n e productor Segundo Grandio. Nove temas foron compostos enteiramente por David Ta\u00edn, noutro tema Carlos Ta\u00edn fixo a letra e David a m\u00fasica, e na versi\u00f3n do tema dos Rolling Stones \u201cSister Morphine\u201d, David adaptou a letra o castel\u00e1n e Gary Robert compuxo a m\u00fasica.<\/p>\n<p><iframe loading=\"lazy\" width=\"980\" height=\"551\" src=\"https:\/\/www.youtube.com\/embed\/ASnswmwe50Y?feature=oembed\" frameborder=\"0\" allowfullscreen><\/iframe><\/p>","protected":false},"excerpt":{"rendered":"<p>O quinto disco do grupo ourens\u00e1n \u201cMitocondrias\u201d, titulado \u201cQUE ME QUITEN LO BAILAO\u201d, esta a venda, exclusivamente en edici\u00f3n dixital, dende o mes de maio do presente ano na p\u00e1xina web da compa\u00f1\u00eda Pai m\u00fasica.<\/p>\n","protected":false},"featured_media":121,"comment_status":"open","ping_status":"closed","template":"","meta":[],"product_brand":[],"product_cat":[16],"product_tag":[],"class_list":{"0":"post-118","1":"product","2":"type-product","3":"status-publish","4":"has-post-thumbnail","6":"product_cat-rock-y-pop","7":"pa_formato-mp3","8":"pa_formato-vinilomp3-2","10":"first","11":"instock","12":"taxable","13":"shipping-taxable","14":"purchasable","15":"product-type-variable"},"_links":{"self":[{"href":"https:\/\/paitunes.com\/en\/wp-json\/wp\/v2\/product\/118","targetHints":{"allow":["GET"]}}],"collection":[{"href":"https:\/\/paitunes.com\/en\/wp-json\/wp\/v2\/product"}],"about":[{"href":"https:\/\/paitunes.com\/en\/wp-json\/wp\/v2\/types\/product"}],"replies":[{"embeddable":true,"href":"https:\/\/paitunes.com\/en\/wp-json\/wp\/v2\/comments?post=118"}],"wp:featuredmedia":[{"embeddable":true,"href":"https:\/\/paitunes.com\/en\/wp-json\/wp\/v2\/media\/121"}],"wp:attachment":[{"href":"https:\/\/paitunes.com\/en\/wp-json\/wp\/v2\/media?parent=118"}],"wp:term":[{"taxonomy":"product_brand","embeddable":true,"href":"https:\/\/paitunes.com\/en\/wp-json\/wp\/v2\/product_brand?post=118"},{"taxonomy":"product_cat","embeddable":true,"href":"https:\/\/paitunes.com\/en\/wp-json\/wp\/v2\/product_cat?post=118"},{"taxonomy":"product_tag","embeddable":true,"href":"https:\/\/paitunes.com\/en\/wp-json\/wp\/v2\/product_tag?post=118"}],"curies":[{"name":"wp","href":"https:\/\/api.w.org\/{rel}","templated":true}]}}