{"id":171,"date":"2015-09-04T14:15:50","date_gmt":"2015-09-04T14:15:50","guid":{"rendered":"http:\/\/paitunes.com\/producto\/de-voces-ceibes-a-milladoiro\/"},"modified":"2016-12-19T13:49:40","modified_gmt":"2016-12-19T12:49:40","slug":"corais-do-camino-copiar","status":"publish","type":"product","link":"https:\/\/paitunes.com\/en\/tienda\/corais-do-camino-copiar\/","title":{"rendered":"De Voces Ceibes a Milladoiro"},"content":{"rendered":"<p>Is a trip in the time of the hand of Anton Seoane, one of them our musicians more important and piece fundamental of Milladoiro, traveled by them years earlier to the output of the first disc of the mythical training, to while is revises a time (in order the Francoism) and a project: the try to by build a music of us and take to walk a project absolutely different : Milladoiro. The CD in which Ant\u00f3n Seoane, Pilocha y Rodrigo Roman\u00ed, with the participation of \u00a0Nando Casal, Bibiano, Miro Casabella, X. Quintas Canella, D\u00f3nal Lunny, Harry C, Roi Casal, Man\u00fa Conde, Pancho \u00c1lvarez, Anxo Pintos, Segundo Grand\u00edo, Laura Amado, Quico de Cari\u00f1o, Natalia Zoltan and others partners of travel and adventure, return to record, giving them new life, songs emblematic of the period 1973-1978, some of them recitradas for this project by first time.<\/p>\n<p>Note: This is only the downloadable CD in mp3 format. To buy the album\/book you can go to the page of\u00a0<a href=\"http:\/\/www.editorialgalaxia.es\/catalogo\/libro.php?id_libro=0011030010\" target=\"_blank\">Galaxia<\/a><\/p>\n\n <div id=\"wrapperMI_2\" class=\"wrap-mjp nostop flip \" style=\"position: relative; padding:5px 0px 30px 0px; margin:0px; width:100%;\">\n\t<div style=\"display:none;\" class=\"Eabove-mjp\" id=\"Eabove-mjp_2\"><\/div>\n\t <div class=\"subwrap-MI\">\n\t\t <div class=\"jp-innerwrap\">\n\t\t\t <div class=\"innerx\"><\/div>\n\t\t\t <div class=\"innerleft\"><\/div>\n\t\t\t <div class=\"innerright\"><\/div>\n\t\t\t <div class=\"innertab\"><\/div>\n\t\t\t <div class=\"interface-mjp\" style=\"height:120px;\" id=\"interfaceMI_2\">\n\t\t\t\t <div class=\"MI-image Himg left-mjp\" id=\"MI_image_2\" style=\" width:auto; height:120px; overflow:false;\"><\/div>\n\t\t\t\t <div id=\"T_mp3j_2\" class=\"player-track-title right-mjp bold-mjp plain-mjp childNorm-mjp childItalic-mjp\" style=\"left:36px; right:36px;  top:30px;\"><\/div>\n\t\t\t\t <div class=\"bars_holder\">\n\t\t\t\t\t <div class=\"loadMI_mp3j\" id=\"load_mp3j_2\"><\/div>\n\t\t\t\t\t <div class=\"poscolMI_mp3j soften-mjp\" id=\"poscol_mp3j_2\"><\/div>\n\t\t\t\t\t <div class=\"posbarMI_mp3j\" id=\"posbar_mp3j_2\"><\/div>\n\t\t\t\t <\/div>\n\t\t\t\t <div id=\"P-Time-MI_2\" class=\"jp-play-time\"><\/div>\n\t\t\t\t <div id=\"T-Time-MI_2\" class=\"jp-total-time\"><\/div>\n\t\t\t\t <div id=\"statusMI_2\" class=\"statusMI\"><\/div>\n\t\t\t\t <div class=\"transport-MI\"><div class=\"play-mjp\" id=\"playpause_mp3j_2\">Play<\/div><div class=\"stop-mjp\" id=\"stop_mp3j_2\">Stop<\/div><div class=\"next-mjp\" id=\"Next_mp3j_2\">Next&raquo;<\/div><div class=\"prev-mjp\" id=\"Prev_mp3j_2\">&laquo;Prev<\/div><\/div>\n\t\t\t\t <div class=\"buttons-wrap-mjp\" id=\"buttons-wrap-mjp_2\">\n\t\t\t\t\t <div class=\"playlist-toggle-MI\" id=\"playlist-toggle_2\">HIDE PLAYLIST<\/div>\n\t\t\t\t\t <div class=\"mp3j-popout-MI\" id=\"lpp_mp3j_2\" style=\"\"><\/div>\n\t\t\t\t\t \n\t\t\t\t <\/div>\n\t\t\t <\/div>\n\t\t\t <div class=\"mjp-volwrap\">\n\t\t\t\t <div class=\"MIsliderVolume\" id=\"vol_mp3j_2\"><\/div>\n\t\t\t\t <div class=\"innerExt1\" id=\"innerExt1_2\"><\/div>\n\t\t\t\t <div class=\"innerExt2\" id=\"innerExt2_2\"><\/div>\n\t\t\t <\/div>\n\t\t <\/div>\n\t\t <div style=\"display:none;\" class=\"Ebetween-mjp\" id=\"Ebetween-mjp_2\"><\/div>\n\t\t <div class=\"listwrap_mp3j\" id=\"L_mp3j_2\" style=\"overflow:auto; max-height:450px;\"><div class=\"wrapper-mjp\"><div class=\"playlist-colour\"><\/div><div class=\"wrapper-mjp\"><ul class=\"ul-mjp childNorm-mjp childPlain-mjp left-mjp\" id=\"UL_mp3j_2\"><li><\/li><\/ul><\/div><\/div><\/div>\n\t <\/div>\n\t <div id=\"mp3j_finfo_2\" class=\"mp3j-finfo\" style=\"display:none;\"><div class=\"mp3j-finfo-sleeve\"><div id=\"mp3j_finfo_gif_2\" class=\"mp3j-finfo-gif\"><\/div><div id=\"mp3j_finfo_txt_2\" class=\"mp3j-finfo-txt\"><\/div><div class=\"mp3j-finfo-close\" id=\"mp3j_finfo_close_2\">X<\/div><\/div><\/div><div id=\"mp3j_dlf_2\" class=\"mp3j-dlframe\" style=\"display:none;\"><\/div>\n\t <div class=\"mp3j-nosolution\" id=\"mp3j_nosolution_2\" style=\"display:none;\"><\/div>\n\t <div style=\"display:none;\" class=\"Ebelow-mjp\" id=\"Ebelow-mjp_2\"><\/div>\n <\/div> \n<script>\nMP3jPLAYLISTS.MI_2 = [\n\t{ name: \"01\", formats: [\"mp3\"], mp3: \"aHR0cDovL3BhaXR1bmVzLmNvbS9pbWFnZXMvc3Rvcmllcy9hdWRpby9kZV92b2Nlc19jZWliZXNfYV9taWxsYWRvaXJvLzAxLm1wMw==\", counterpart:\"\", artist: \"\", image: \"true\", imgurl: \"\" },\n\t{ name: \"02\", formats: [\"mp3\"], mp3: \"aHR0cDovL3BhaXR1bmVzLmNvbS9pbWFnZXMvc3Rvcmllcy9hdWRpby9kZV92b2Nlc19jZWliZXNfYV9taWxsYWRvaXJvLzAyLm1wMw==\", counterpart:\"\", artist: \"\", image: \"true\", imgurl: \"\" },\n\t{ name: \"03\", formats: [\"mp3\"], mp3: \"aHR0cDovL3BhaXR1bmVzLmNvbS9pbWFnZXMvc3Rvcmllcy9hdWRpby9kZV92b2Nlc19jZWliZXNfYV9taWxsYWRvaXJvLzAzLm1wMw==\", counterpart:\"\", artist: \"\", image: \"true\", imgurl: \"\" },\n\t{ name: \"04\", formats: [\"mp3\"], mp3: \"aHR0cDovL3BhaXR1bmVzLmNvbS9pbWFnZXMvc3Rvcmllcy9hdWRpby9kZV92b2Nlc19jZWliZXNfYV9taWxsYWRvaXJvLzA0Lm1wMw==\", counterpart:\"\", artist: \"\", image: \"true\", imgurl: \"\" },\n\t{ name: \"05\", formats: [\"mp3\"], mp3: \"aHR0cDovL3BhaXR1bmVzLmNvbS9pbWFnZXMvc3Rvcmllcy9hdWRpby9kZV92b2Nlc19jZWliZXNfYV9taWxsYWRvaXJvLzA1Lm1wMw==\", counterpart:\"\", artist: \"\", image: \"true\", imgurl: \"\" },\n\t{ name: \"06\", formats: [\"mp3\"], mp3: \"aHR0cDovL3BhaXR1bmVzLmNvbS9pbWFnZXMvc3Rvcmllcy9hdWRpby9kZV92b2Nlc19jZWliZXNfYV9taWxsYWRvaXJvLzA2Lm1wMw==\", counterpart:\"\", artist: \"\", image: \"true\", imgurl: \"\" },\n\t{ name: \"07\", formats: [\"mp3\"], mp3: \"aHR0cDovL3BhaXR1bmVzLmNvbS9pbWFnZXMvc3Rvcmllcy9hdWRpby9kZV92b2Nlc19jZWliZXNfYV9taWxsYWRvaXJvLzA3Lm1wMw==\", counterpart:\"\", artist: \"\", image: \"true\", imgurl: \"\" },\n\t{ name: \"08\", formats: [\"mp3\"], mp3: \"aHR0cDovL3BhaXR1bmVzLmNvbS9pbWFnZXMvc3Rvcmllcy9hdWRpby9kZV92b2Nlc19jZWliZXNfYV9taWxsYWRvaXJvLzA4Lm1wMw==\", counterpart:\"\", artist: \"\", image: \"true\", imgurl: \"\" },\n\t{ name: \"09\", formats: [\"mp3\"], mp3: \"aHR0cDovL3BhaXR1bmVzLmNvbS9pbWFnZXMvc3Rvcmllcy9hdWRpby9kZV92b2Nlc19jZWliZXNfYV9taWxsYWRvaXJvLzA5Lm1wMw==\", counterpart:\"\", artist: \"\", image: \"true\", imgurl: \"\" },\n\t{ name: \"10\", formats: [\"mp3\"], mp3: \"aHR0cDovL3BhaXR1bmVzLmNvbS9pbWFnZXMvc3Rvcmllcy9hdWRpby9kZV92b2Nlc19jZWliZXNfYV9taWxsYWRvaXJvLzEwLm1wMw==\", counterpart:\"\", artist: \"\", image: \"true\", imgurl: \"\" },\n\t{ name: \"11\", formats: [\"mp3\"], mp3: \"aHR0cDovL3BhaXR1bmVzLmNvbS9pbWFnZXMvc3Rvcmllcy9hdWRpby9kZV92b2Nlc19jZWliZXNfYV9taWxsYWRvaXJvLzExLm1wMw==\", counterpart:\"\", artist: \"\", image: \"true\", imgurl: \"\" },\n\t{ name: \"12\", formats: [\"mp3\"], mp3: \"aHR0cDovL3BhaXR1bmVzLmNvbS9pbWFnZXMvc3Rvcmllcy9hdWRpby9kZV92b2Nlc19jZWliZXNfYV9taWxsYWRvaXJvLzEyLm1wMw==\", counterpart:\"\", artist: \"\", image: \"true\", imgurl: \"\" },\n\t{ name: \"13\", formats: [\"mp3\"], mp3: \"aHR0cDovL3BhaXR1bmVzLmNvbS9pbWFnZXMvc3Rvcmllcy9hdWRpby9kZV92b2Nlc19jZWliZXNfYV9taWxsYWRvaXJvLzEzLm1wMw==\", counterpart:\"\", artist: \"\", image: \"true\", imgurl: \"\" },\n\t{ name: \"14\", formats: [\"mp3\"], mp3: \"aHR0cDovL3BhaXR1bmVzLmNvbS9pbWFnZXMvc3Rvcmllcy9hdWRpby9kZV92b2Nlc19jZWliZXNfYV9taWxsYWRvaXJvLzE0Lm1wMw==\", counterpart:\"\", artist: \"\", image: \"true\", imgurl: \"\" },\n\t{ name: \"15\", formats: [\"mp3\"], mp3: \"aHR0cDovL3BhaXR1bmVzLmNvbS9pbWFnZXMvc3Rvcmllcy9hdWRpby9kZV92b2Nlc19jZWliZXNfYV9taWxsYWRvaXJvLzE1Lm1wMw==\", counterpart:\"\", artist: \"\", image: \"true\", imgurl: \"\" },\n\t{ name: \"16\", formats: [\"mp3\"], mp3: \"aHR0cDovL3BhaXR1bmVzLmNvbS9pbWFnZXMvc3Rvcmllcy9hdWRpby9kZV92b2Nlc19jZWliZXNfYV9taWxsYWRvaXJvLzE2Lm1wMw==\", counterpart:\"\", artist: \"\", image: \"true\", imgurl: \"\" },\n\t{ name: \"17\", formats: [\"mp3\"], mp3: \"aHR0cDovL3BhaXR1bmVzLmNvbS9pbWFnZXMvc3Rvcmllcy9hdWRpby9kZV92b2Nlc19jZWliZXNfYV9taWxsYWRvaXJvLzE3Lm1wMw==\", counterpart:\"\", artist: \"\", image: \"true\", imgurl: \"\" },\n\t{ name: \"18\", formats: [\"mp3\"], mp3: \"aHR0cDovL3BhaXR1bmVzLmNvbS9pbWFnZXMvc3Rvcmllcy9hdWRpby9kZV92b2Nlc19jZWliZXNfYV9taWxsYWRvaXJvLzE4Lm1wMw==\", counterpart:\"\", artist: \"\", image: \"true\", imgurl: \"\" }\n];\n<\/script>\n\n<script>MP3jPLAYERS[2] = { list:MP3jPLAYLISTS.MI_2, tr:0, type:'MI', lstate:true, loop:false, play_txt:'Play', pause_txt:'Pause', pp_title:'Paitunes', autoplay:false, download:false, vol:100, height:120, cssclass:'nostop flip ', popout_css:{ enabled:true, \t\t\tcolours: [\"#f0f0f0\", \"rgba(0, 0, 0, 0.18)\", \"rgba(167, 167, 167, 0.55)\", \"rgba(49, 49, 49, 0.64)\", \"rgba(0, 180, 37, 0.91)\", \"#d3d3d3\", \"#d8d8d8\", \"#3d3232\", \"#262120\", \"#262120\", \"#11912b\", \"\", 400, 600 ],\n\t\t\tcssInterface: { \"color\": \"#3d3232\" },\n\t\t\tcssTitle: { \"left\": \"36px\", \"right\":\"36px\", \"top\":\"30px\" },\n\t\t\tcssImage: { \"overflow\": \"false\", \"width\":\"auto\", \"height\":\"120px\"  },\n\t\t\tcssFontSize: { \"title\": \"22px\", \"caption\": \"15.4px\", \"list\": \"18px\" },\n\t\t\tclasses: { interface:'', title:' right-mjp bold-mjp plain-mjp childNorm-mjp childItalic-mjp', image:' Himg left-mjp', poscol:' soften-mjp', ul:' childNorm-mjp childPlain-mjp left-mjp' }} };<\/script>\n\n\n<p><iframe loading=\"lazy\" width=\"980\" height=\"551\" src=\"https:\/\/www.youtube.com\/embed\/aBZ4yGq5v6g?feature=oembed\" frameborder=\"0\" allowfullscreen><\/iframe><\/p>","protected":false},"excerpt":{"rendered":"<p>&nbsp;<\/p>\n<p>Is a trip in the time of the hand of Anton Seoane, one of them our musicians more important and piece fundamental of Milladoiro, traveled by them years earlier to the output of the first disc of the mythical training, to while is revises a time (in order the Francoism) and a project: the try to by build a music of us and take to walk a project absolutely different : Milladoiro. The CD in which Ant\u00f3n Seoane, Pilocha y Rodrigo Roman\u00ed, with the participation of \u00a0Nando Casal, Bibiano, Miro Casabella, X. Quintas Canella, D\u00f3nal Lunny, Harry C, Roi Casal, Man\u00fa Conde, Pancho \u00c1lvarez, Anxo Pintos, Segundo Grand\u00edo, Laura Amado, Quico de Cari\u00f1o, Natalia Zoltan and others partners of travel and adventure, return to record, giving them new life, songs emblematic of the period 1973-1978, some of them recitradas for this project by first time.<\/p>\n<p>Note: This is only the downloadable CD in mp3 format. To buy the album\/book you can go to the page of\u00a0<a href=\"http:\/\/www.editorialgalaxia.es\/catalogo\/libro.php?id_libro=0011030010\" target=\"_blank\">Galaxia<\/a><\/p>\n","protected":false},"featured_media":174,"comment_status":"open","ping_status":"closed","template":"","meta":[],"product_brand":[],"product_cat":[17,18],"product_tag":[],"class_list":{"0":"post-171","1":"product","2":"type-product","3":"status-publish","4":"has-post-thumbnail","6":"product_cat-tradicional-world","7":"product_cat-varios","8":"pa_formato-mp3-descargable","10":"first","11":"instock","12":"downloadable","13":"virtual","14":"taxable","15":"purchasable","16":"product-type-simple"},"_links":{"self":[{"href":"https:\/\/paitunes.com\/en\/wp-json\/wp\/v2\/product\/171","targetHints":{"allow":["GET"]}}],"collection":[{"href":"https:\/\/paitunes.com\/en\/wp-json\/wp\/v2\/product"}],"about":[{"href":"https:\/\/paitunes.com\/en\/wp-json\/wp\/v2\/types\/product"}],"replies":[{"embeddable":true,"href":"https:\/\/paitunes.com\/en\/wp-json\/wp\/v2\/comments?post=171"}],"wp:featuredmedia":[{"embeddable":true,"href":"https:\/\/paitunes.com\/en\/wp-json\/wp\/v2\/media\/174"}],"wp:attachment":[{"href":"https:\/\/paitunes.com\/en\/wp-json\/wp\/v2\/media?parent=171"}],"wp:term":[{"taxonomy":"product_brand","embeddable":true,"href":"https:\/\/paitunes.com\/en\/wp-json\/wp\/v2\/product_brand?post=171"},{"taxonomy":"product_cat","embeddable":true,"href":"https:\/\/paitunes.com\/en\/wp-json\/wp\/v2\/product_cat?post=171"},{"taxonomy":"product_tag","embeddable":true,"href":"https:\/\/paitunes.com\/en\/wp-json\/wp\/v2\/product_tag?post=171"}],"curies":[{"name":"wp","href":"https:\/\/api.w.org\/{rel}","templated":true}]}}