{"id":193,"date":"2015-09-04T14:44:37","date_gmt":"2015-09-04T14:44:37","guid":{"rendered":"http:\/\/paitunes.com\/producto\/milladoiro-a-quinta-das-lagrimas\/"},"modified":"2016-12-15T01:43:51","modified_gmt":"2016-12-15T00:43:51","slug":"milladoiro-a-quinta-das-lagrimas","status":"publish","type":"product","link":"https:\/\/paitunes.com\/en\/tienda\/milladoiro-a-quinta-das-lagrimas\/","title":{"rendered":"Milladoiro &#8211; A Quinta das L\u00e1grimas"},"content":{"rendered":"<p>It is the soundtrack of the similar and different soul which we share, Galicia and Portugal. It is a musical journey through the lands, mountains, rivers, speech, del mar, rhythms, traditions, history, etc, which form the imagery that made us two branches of a same tree.&#8221;<\/p>\n<p>It has is its origin and inspiration in the loves of D. Pedro de Portugal y Do\u00f1a In\u00e9s de Castro, Galician which will become Queen of Portugal after dead. There we find the source where comes this story that we wanted to have like a river that together leads to the sea, and its title is found at that place who had hidden their story of love and death and gave place to the beautiful legend which is the birthplace deste story musical: A Quinta das Lagrima.<\/p>\n<p>We walk the labyrinth the middle ages from the hand of the &#8220;Santa Mar\u00eda&#8221; Cantigas de Alfonso X to then get into music, the rhythms born without borders, Raia compositions, wore the tradition of shore along the \u00a0as the &#8220;Canter of Guistola&#8221; the rich folklore Minho and two issues after you mountains and traditional Galician &#8220;Foliada de plane&#8221; theme.<\/p>\n<p>Face to the West, Galicia and Portugal regarded this mystery unanswered is the Atlantic, an infinite horizon itself. That sea talks about Fernando Pessoa in his poem &#8220;Mar Portugu\u00eas&#8221;, but there is another, which surcarn women and men in cruises, no return times, the sea work, poetic and real in the poem by Manoel antonio &#8220;S\u00f3s&#8221;.<\/p>\n<p>One day Portugal rose full of carnations. At that time a new song was on &#8220;Venham mais cinco&#8221; Jos\u00e9 Afonso, that we permitimo versioning. Meanwhile, from this side of the River, Luis E. Batall\u00e1n put beautiful music to the poem by \u00c1lvaro Cunqueiro, &#8220;Quen poidera namorala&#8221;, one leaves vu of the lyric poetry of the troubadours.<\/p>\n<p>This work happens to occupy the number 23 of the history of the group more representative and admired of the music folk of our paie. Quinta das tears is thus a return to colors, the beauty and exquisite care of the works of Milladoiro.<\/p>\n<p>A disc recorded in the studies of cormorant and in Casa de Tolos and featuring special collaborations with female voices Laura Amado and the Lisbon fado singer Mafalda Arnauth.<\/p>\n<p>The design is again provided by Xos\u00e9 M. Pi\u00f1eiro , another companion of Milladoiro from &#8220;A Galicia de Maeloc&#8221;.<\/p>","protected":false},"excerpt":{"rendered":"<p>It is the soundtrack of the similar and different soul which we share, Galicia and Portugal. It is a musical journey through the lands, mountains, rivers, speech, del mar, rhythms, traditions, history, etc, which form the imagery that made us two branches of a same tree.&#8221;<\/p>\n","protected":false},"featured_media":192,"comment_status":"open","ping_status":"closed","template":"","meta":[],"product_brand":[],"product_cat":[17],"product_tag":[],"class_list":{"0":"post-193","1":"product","2":"type-product","3":"status-publish","4":"has-post-thumbnail","6":"product_cat-tradicional-world","7":"pa_formato-digipack-cd-dvdmp3","8":"pa_formato-mp3","10":"first","11":"instock","12":"downloadable","13":"virtual","14":"taxable","15":"purchasable","16":"product-type-simple"},"_links":{"self":[{"href":"https:\/\/paitunes.com\/en\/wp-json\/wp\/v2\/product\/193","targetHints":{"allow":["GET"]}}],"collection":[{"href":"https:\/\/paitunes.com\/en\/wp-json\/wp\/v2\/product"}],"about":[{"href":"https:\/\/paitunes.com\/en\/wp-json\/wp\/v2\/types\/product"}],"replies":[{"embeddable":true,"href":"https:\/\/paitunes.com\/en\/wp-json\/wp\/v2\/comments?post=193"}],"wp:featuredmedia":[{"embeddable":true,"href":"https:\/\/paitunes.com\/en\/wp-json\/wp\/v2\/media\/192"}],"wp:attachment":[{"href":"https:\/\/paitunes.com\/en\/wp-json\/wp\/v2\/media?parent=193"}],"wp:term":[{"taxonomy":"product_brand","embeddable":true,"href":"https:\/\/paitunes.com\/en\/wp-json\/wp\/v2\/product_brand?post=193"},{"taxonomy":"product_cat","embeddable":true,"href":"https:\/\/paitunes.com\/en\/wp-json\/wp\/v2\/product_cat?post=193"},{"taxonomy":"product_tag","embeddable":true,"href":"https:\/\/paitunes.com\/en\/wp-json\/wp\/v2\/product_tag?post=193"}],"curies":[{"name":"wp","href":"https:\/\/api.w.org\/{rel}","templated":true}]}}