{"id":261,"date":"2015-09-04T16:55:06","date_gmt":"2015-09-04T16:55:06","guid":{"rendered":"http:\/\/paitunes.com\/producto\/pelogato-24\/"},"modified":"2016-10-20T14:21:35","modified_gmt":"2016-10-20T12:21:35","slug":"pelogato-24","status":"publish","type":"product","link":"https:\/\/paitunes.com\/en\/tienda\/pelogato-24\/","title":{"rendered":"Pelogato 24"},"content":{"rendered":"<p><strong>&#8220;Pelo Gato 24&#8221;<\/strong> its a project impulsed by the<strong> Association of Galician Pipers<\/strong> which includes two of the most important tangles of the kids: the cantigas and the games. In form of book, CD and DVD <strong>&#8220;Pelo Gato 24&#8221;<\/strong> pretends to give to know and diclose between the young audience the cantigas because the oral tradition whas who transported them to our days. Under the production and musical direction of<strong> Magoia Bodega<\/strong> and <strong>Paulo Nogueira<\/strong>, also this work its a musician gallery where the young \u00a0galician audience discover a varied cast of the musicians and singers: <strong>Sonia Lebedynski, Xabier D\u00edaz, Mercedes Arribe, Fuxan os Ventos, Migallas, Se\u00f1ora Carmen, Xurxo Souto, Pancho \u00c1lvarez, C\u00e9sar Longa, Xos\u00e9 Liz, Leil\u00eda, Bego\u00f1a Riob\u00f3<\/strong> and the <strong>Changara &#8220;Vai de Baile&#8221;<\/strong>. It also includes, a DVD with various traditional galician games, videoclipsand <em>playbacks<\/em>, a <em>&#8220;how it was made&#8221;<\/em> and a guidebook of 64 pages.<\/p>\n\n <div id=\"wrapperMI_2\" class=\"wrap-mjp nostop flip \" style=\"position: relative; padding:5px 0px 30px 0px; margin:0px; width:100%;\">\n\t<div style=\"display:none;\" class=\"Eabove-mjp\" id=\"Eabove-mjp_2\"><\/div>\n\t <div class=\"subwrap-MI\">\n\t\t <div class=\"jp-innerwrap\">\n\t\t\t <div class=\"innerx\"><\/div>\n\t\t\t <div class=\"innerleft\"><\/div>\n\t\t\t <div class=\"innerright\"><\/div>\n\t\t\t <div class=\"innertab\"><\/div>\n\t\t\t <div class=\"interface-mjp\" style=\"height:120px;\" id=\"interfaceMI_2\">\n\t\t\t\t <div class=\"MI-image Himg left-mjp\" id=\"MI_image_2\" style=\" width:auto; height:120px; overflow:false;\"><\/div>\n\t\t\t\t <div id=\"T_mp3j_2\" class=\"player-track-title right-mjp bold-mjp plain-mjp childNorm-mjp childItalic-mjp\" style=\"left:36px; right:36px;  top:30px;\"><\/div>\n\t\t\t\t <div class=\"bars_holder\">\n\t\t\t\t\t <div class=\"loadMI_mp3j\" id=\"load_mp3j_2\"><\/div>\n\t\t\t\t\t <div class=\"poscolMI_mp3j soften-mjp\" id=\"poscol_mp3j_2\"><\/div>\n\t\t\t\t\t <div class=\"posbarMI_mp3j\" id=\"posbar_mp3j_2\"><\/div>\n\t\t\t\t <\/div>\n\t\t\t\t <div id=\"P-Time-MI_2\" class=\"jp-play-time\"><\/div>\n\t\t\t\t <div id=\"T-Time-MI_2\" class=\"jp-total-time\"><\/div>\n\t\t\t\t <div id=\"statusMI_2\" class=\"statusMI\"><\/div>\n\t\t\t\t <div class=\"transport-MI\"><div class=\"play-mjp\" id=\"playpause_mp3j_2\">Play<\/div><div class=\"stop-mjp\" id=\"stop_mp3j_2\">Stop<\/div><div class=\"next-mjp\" id=\"Next_mp3j_2\">Next&raquo;<\/div><div class=\"prev-mjp\" id=\"Prev_mp3j_2\">&laquo;Prev<\/div><\/div>\n\t\t\t\t <div class=\"buttons-wrap-mjp\" id=\"buttons-wrap-mjp_2\">\n\t\t\t\t\t <div class=\"playlist-toggle-MI\" id=\"playlist-toggle_2\">HIDE PLAYLIST<\/div>\n\t\t\t\t\t <div class=\"mp3j-popout-MI\" id=\"lpp_mp3j_2\" style=\"\"><\/div>\n\t\t\t\t\t \n\t\t\t\t <\/div>\n\t\t\t <\/div>\n\t\t\t <div class=\"mjp-volwrap\">\n\t\t\t\t <div class=\"MIsliderVolume\" id=\"vol_mp3j_2\"><\/div>\n\t\t\t\t <div class=\"innerExt1\" id=\"innerExt1_2\"><\/div>\n\t\t\t\t <div class=\"innerExt2\" id=\"innerExt2_2\"><\/div>\n\t\t\t <\/div>\n\t\t <\/div>\n\t\t <div style=\"display:none;\" class=\"Ebetween-mjp\" id=\"Ebetween-mjp_2\"><\/div>\n\t\t <div class=\"listwrap_mp3j\" id=\"L_mp3j_2\" style=\"overflow:auto; max-height:450px;\"><div class=\"wrapper-mjp\"><div class=\"playlist-colour\"><\/div><div class=\"wrapper-mjp\"><ul class=\"ul-mjp childNorm-mjp childPlain-mjp left-mjp\" id=\"UL_mp3j_2\"><li><\/li><\/ul><\/div><\/div><\/div>\n\t <\/div>\n\t <div id=\"mp3j_finfo_2\" class=\"mp3j-finfo\" style=\"display:none;\"><div class=\"mp3j-finfo-sleeve\"><div id=\"mp3j_finfo_gif_2\" class=\"mp3j-finfo-gif\"><\/div><div id=\"mp3j_finfo_txt_2\" class=\"mp3j-finfo-txt\"><\/div><div class=\"mp3j-finfo-close\" id=\"mp3j_finfo_close_2\">X<\/div><\/div><\/div><div id=\"mp3j_dlf_2\" class=\"mp3j-dlframe\" style=\"display:none;\"><\/div>\n\t <div class=\"mp3j-nosolution\" id=\"mp3j_nosolution_2\" style=\"display:none;\"><\/div>\n\t <div style=\"display:none;\" class=\"Ebelow-mjp\" id=\"Ebelow-mjp_2\"><\/div>\n <\/div> \n<script>\nMP3jPLAYLISTS.MI_2 = [\n\t{ name: \"01 Di\u0301game se fai favor\", formats: [\"mp3\"], mp3: \"aHR0cDovL3BhaXR1bmVzLmNvbS9pbWFnZXMvc3Rvcmllcy9hdWRpby9wZWxvZ2F0bzI0LzAxIERpzIFnYW1lIHNlIGZhaSBmYXZvci5tcDM=\", counterpart:\"\", artist: \"\", image: \"true\", imgurl: \"\" },\n\t{ name: \"02 Arao\", formats: [\"mp3\"], mp3: \"aHR0cDovL3BhaXR1bmVzLmNvbS9pbWFnZXMvc3Rvcmllcy9hdWRpby9wZWxvZ2F0bzI0LzAyIEFyYW8ubXAz\", counterpart:\"\", artist: \"\", image: \"true\", imgurl: \"\" },\n\t{ name: \"03 25 mentiras\", formats: [\"mp3\"], mp3: \"aHR0cDovL3BhaXR1bmVzLmNvbS9pbWFnZXMvc3Rvcmllcy9hdWRpby9wZWxvZ2F0bzI0LzAzIDI1IG1lbnRpcmFzLm1wMw==\", counterpart:\"\", artist: \"\", image: \"true\", imgurl: \"\" },\n\t{ name: \"04 A vaca marela\", formats: [\"mp3\"], mp3: \"aHR0cDovL3BhaXR1bmVzLmNvbS9pbWFnZXMvc3Rvcmllcy9hdWRpby9wZWxvZ2F0bzI0LzA0IEEgdmFjYSBtYXJlbGEubXAz\", counterpart:\"\", artist: \"\", image: \"true\", imgurl: \"\" },\n\t{ name: \"05 O sen\u0303or don gato\", formats: [\"mp3\"], mp3: \"aHR0cDovL3BhaXR1bmVzLmNvbS9pbWFnZXMvc3Rvcmllcy9hdWRpby9wZWxvZ2F0bzI0LzA1IE8gc2VuzINvciBkb24gZ2F0by5tcDM=\", counterpart:\"\", artist: \"\", image: \"true\", imgurl: \"\" },\n\t{ name: \"06 Xan de outeiro\", formats: [\"mp3\"], mp3: \"aHR0cDovL3BhaXR1bmVzLmNvbS9pbWFnZXMvc3Rvcmllcy9hdWRpby9wZWxvZ2F0bzI0LzA2IFhhbiBkZSBvdXRlaXJvLm1wMw==\", counterpart:\"\", artist: \"\", image: \"true\", imgurl: \"\" },\n\t{ name: \"07 A pita podeira\", formats: [\"mp3\"], mp3: \"aHR0cDovL3BhaXR1bmVzLmNvbS9pbWFnZXMvc3Rvcmllcy9hdWRpby9wZWxvZ2F0bzI0LzA3IEEgcGl0YSBwb2RlaXJhLm1wMw==\", counterpart:\"\", artist: \"\", image: \"true\", imgurl: \"\" },\n\t{ name: \"08 O conde cego\", formats: [\"mp3\"], mp3: \"aHR0cDovL3BhaXR1bmVzLmNvbS9pbWFnZXMvc3Rvcmllcy9hdWRpby9wZWxvZ2F0bzI0LzA4IE8gY29uZGUgY2Vnby5tcDM=\", counterpart:\"\", artist: \"\", image: \"true\", imgurl: \"\" },\n\t{ name: \"09 O paraugas do Xose\", formats: [\"mp3\"], mp3: \"aHR0cDovL3BhaXR1bmVzLmNvbS9pbWFnZXMvc3Rvcmllcy9hdWRpby9wZWxvZ2F0bzI0LzA5IE8gcGFyYXVnYXMgZG8gWG9zZS5tcDM=\", counterpart:\"\", artist: \"\", image: \"true\", imgurl: \"\" },\n\t{ name: \"10 Madrugaba\", formats: [\"mp3\"], mp3: \"aHR0cDovL3BhaXR1bmVzLmNvbS9pbWFnZXMvc3Rvcmllcy9hdWRpby9wZWxvZ2F0bzI0LzEwIE1hZHJ1Z2FiYS5tcDM=\", counterpart:\"\", artist: \"\", image: \"true\", imgurl: \"\" },\n\t{ name: \"11 Media volta\", formats: [\"mp3\"], mp3: \"aHR0cDovL3BhaXR1bmVzLmNvbS9pbWFnZXMvc3Rvcmllcy9hdWRpby9wZWxvZ2F0bzI0LzExIE1lZGlhIHZvbHRhLm1wMw==\", counterpart:\"\", artist: \"\", image: \"true\", imgurl: \"\" },\n\t{ name: \"12 Pequenin\u0303o e\u0301\", formats: [\"mp3\"], mp3: \"aHR0cDovL3BhaXR1bmVzLmNvbS9pbWFnZXMvc3Rvcmllcy9hdWRpby9wZWxvZ2F0bzI0LzEyIFBlcXVlbmluzINvIGXMgS5tcDM=\", counterpart:\"\", artist: \"\", image: \"true\", imgurl: \"\" },\n\t{ name: \"13 Debaixo da figueira\", formats: [\"mp3\"], mp3: \"aHR0cDovL3BhaXR1bmVzLmNvbS9pbWFnZXMvc3Rvcmllcy9hdWRpby9wZWxvZ2F0bzI0LzEzIERlYmFpeG8gZGEgZmlndWVpcmEubXAz\", counterpart:\"\", artist: \"\", image: \"true\", imgurl: \"\" },\n\t{ name: \"14 Conto da muin\u0303eira de Chantada\", formats: [\"mp3\"], mp3: \"aHR0cDovL3BhaXR1bmVzLmNvbS9pbWFnZXMvc3Rvcmllcy9hdWRpby9wZWxvZ2F0bzI0LzE0IENvbnRvIGRhIG11aW7Mg2VpcmEgZGUgQ2hhbnRhZGEubXAz\", counterpart:\"\", artist: \"\", image: \"true\", imgurl: \"\" }\n];\n<\/script>\n\n<script>MP3jPLAYERS[2] = { list:MP3jPLAYLISTS.MI_2, tr:0, type:'MI', lstate:true, loop:false, play_txt:'Play', pause_txt:'Pause', pp_title:'Paitunes', autoplay:false, download:false, vol:100, height:120, cssclass:'nostop flip ', popout_css:{ enabled:true, \t\t\tcolours: [\"#f0f0f0\", \"rgba(0, 0, 0, 0.18)\", \"rgba(167, 167, 167, 0.55)\", \"rgba(49, 49, 49, 0.64)\", \"rgba(0, 180, 37, 0.91)\", \"#d3d3d3\", \"#d8d8d8\", \"#3d3232\", \"#262120\", \"#262120\", \"#11912b\", \"\", 400, 600 ],\n\t\t\tcssInterface: { \"color\": \"#3d3232\" },\n\t\t\tcssTitle: { \"left\": \"36px\", \"right\":\"36px\", \"top\":\"30px\" },\n\t\t\tcssImage: { \"overflow\": \"false\", \"width\":\"auto\", \"height\":\"120px\"  },\n\t\t\tcssFontSize: { \"title\": \"22px\", \"caption\": \"15.4px\", \"list\": \"18px\" },\n\t\t\tclasses: { interface:'', title:' right-mjp bold-mjp plain-mjp childNorm-mjp childItalic-mjp', image:' Himg left-mjp', poscol:' soften-mjp', ul:' childNorm-mjp childPlain-mjp left-mjp' }} };<\/script>\n\n\n<p><iframe loading=\"lazy\" width=\"980\" height=\"551\" src=\"https:\/\/www.youtube.com\/embed\/qoRhZUem4Ko?feature=oembed\" frameborder=\"0\" allowfullscreen><\/iframe><\/p>\n<p><iframe loading=\"lazy\" width=\"980\" height=\"551\" src=\"https:\/\/www.youtube.com\/embed\/xq7QqJfQ4PI?feature=oembed\" frameborder=\"0\" allowfullscreen><\/iframe><\/p>","protected":false},"excerpt":{"rendered":"<p><strong>&#8220;Pelo Gato 24&#8221;<\/strong> its a project impulsed by the<strong> Association of Galician Pipers<\/strong> which includes two of the most important tangles of the kids: the cantigas and the games. In form of book, CD and DVD <strong>&#8220;Pelo Gato 24&#8221;<\/strong> pretends to give to know and diclose between the young audience the cantigas because the oral tradition whas who transported them to our days.<\/p>\n","protected":false},"featured_media":264,"comment_status":"open","ping_status":"closed","template":"","meta":[],"product_brand":[],"product_cat":[18],"product_tag":[],"class_list":{"0":"post-261","1":"product","2":"type-product","3":"status-publish","4":"has-post-thumbnail","6":"product_cat-varios","7":"pa_formato-libro-cddvdmp3","8":"pa_formato-mp3","10":"first","11":"instock","12":"taxable","13":"shipping-taxable","14":"purchasable","15":"product-type-variable"},"_links":{"self":[{"href":"https:\/\/paitunes.com\/en\/wp-json\/wp\/v2\/product\/261","targetHints":{"allow":["GET"]}}],"collection":[{"href":"https:\/\/paitunes.com\/en\/wp-json\/wp\/v2\/product"}],"about":[{"href":"https:\/\/paitunes.com\/en\/wp-json\/wp\/v2\/types\/product"}],"replies":[{"embeddable":true,"href":"https:\/\/paitunes.com\/en\/wp-json\/wp\/v2\/comments?post=261"}],"wp:featuredmedia":[{"embeddable":true,"href":"https:\/\/paitunes.com\/en\/wp-json\/wp\/v2\/media\/264"}],"wp:attachment":[{"href":"https:\/\/paitunes.com\/en\/wp-json\/wp\/v2\/media?parent=261"}],"wp:term":[{"taxonomy":"product_brand","embeddable":true,"href":"https:\/\/paitunes.com\/en\/wp-json\/wp\/v2\/product_brand?post=261"},{"taxonomy":"product_cat","embeddable":true,"href":"https:\/\/paitunes.com\/en\/wp-json\/wp\/v2\/product_cat?post=261"},{"taxonomy":"product_tag","embeddable":true,"href":"https:\/\/paitunes.com\/en\/wp-json\/wp\/v2\/product_tag?post=261"}],"curies":[{"name":"wp","href":"https:\/\/api.w.org\/{rel}","templated":true}]}}