{"id":56,"date":"2015-09-03T23:00:41","date_gmt":"2015-09-03T23:00:41","guid":{"rendered":"http:\/\/paitunes.com\/producto\/magin-blanco-realidad\/"},"modified":"2016-10-27T11:43:51","modified_gmt":"2016-10-27T09:43:51","slug":"magin-blanco-realidad","status":"publish","type":"product","link":"https:\/\/paitunes.com\/en\/tienda\/magin-blanco-realidad\/","title":{"rendered":"Mag\u00edn Blanco &#8211; Realidad"},"content":{"rendered":"<p>Second release of Magin Blanco.<\/p>\n<p>After the success and the good taste that left them with &#8220;She&#8221;, is back now with mothers strength than ever with &#8216;Reality&#8217;, another great collection of songs, halfway between author music, pop and folk. &#8220;Reality&#8221;, follows the intimate &#8216;She&#8217;, show them some songs more arranged vitalistic, coidadosamente, which are targeted to reach the heart of the listener.<\/p>\n<p>From the joy of themes as&#8221; the party &#8220;or&#8221; ice on ice &#8220;, to the melancholy of&#8221; he heart of them birds &#8220;or&#8221; their things &#8220;, or to the contagious&#8221; Golden rain &#8220;or&#8221; the tides &#8220;.<\/p>\n<p>&#8221; Reality&#8221;is produced and recorded by Segundo Grand\u00edo at Casa de Tolos Studios. Magin also has the collaboration of Pepe Losada guitars, Isaac Palac\u00edn (Berrog\u00fcetto) on drums and the own Segundo Grand\u00edo on bass. &#8220;Reality&#8221; is undoubtedly the definitive consecration of Magin white disk<\/p>\n\n <div id=\"wrapperMI_2\" class=\"wrap-mjp nostop flip \" style=\"position: relative; padding:5px 0px 30px 0px; margin:0px; width:100%;\">\n\t<div style=\"display:none;\" class=\"Eabove-mjp\" id=\"Eabove-mjp_2\"><\/div>\n\t <div class=\"subwrap-MI\">\n\t\t <div class=\"jp-innerwrap\">\n\t\t\t <div class=\"innerx\"><\/div>\n\t\t\t <div class=\"innerleft\"><\/div>\n\t\t\t <div class=\"innerright\"><\/div>\n\t\t\t <div class=\"innertab\"><\/div>\n\t\t\t <div class=\"interface-mjp\" style=\"height:120px;\" id=\"interfaceMI_2\">\n\t\t\t\t <div class=\"MI-image Himg left-mjp\" id=\"MI_image_2\" style=\" width:auto; height:120px; overflow:false;\"><\/div>\n\t\t\t\t <div id=\"T_mp3j_2\" class=\"player-track-title right-mjp bold-mjp plain-mjp childNorm-mjp childItalic-mjp\" style=\"left:36px; right:36px;  top:30px;\"><\/div>\n\t\t\t\t <div class=\"bars_holder\">\n\t\t\t\t\t <div class=\"loadMI_mp3j\" id=\"load_mp3j_2\"><\/div>\n\t\t\t\t\t <div class=\"poscolMI_mp3j soften-mjp\" id=\"poscol_mp3j_2\"><\/div>\n\t\t\t\t\t <div class=\"posbarMI_mp3j\" id=\"posbar_mp3j_2\"><\/div>\n\t\t\t\t <\/div>\n\t\t\t\t <div id=\"P-Time-MI_2\" class=\"jp-play-time\"><\/div>\n\t\t\t\t <div id=\"T-Time-MI_2\" class=\"jp-total-time\"><\/div>\n\t\t\t\t <div id=\"statusMI_2\" class=\"statusMI\"><\/div>\n\t\t\t\t <div class=\"transport-MI\"><div class=\"play-mjp\" id=\"playpause_mp3j_2\">Play<\/div><div class=\"stop-mjp\" id=\"stop_mp3j_2\">Stop<\/div><div class=\"next-mjp\" id=\"Next_mp3j_2\">Next&raquo;<\/div><div class=\"prev-mjp\" id=\"Prev_mp3j_2\">&laquo;Prev<\/div><\/div>\n\t\t\t\t <div class=\"buttons-wrap-mjp\" id=\"buttons-wrap-mjp_2\">\n\t\t\t\t\t <div class=\"playlist-toggle-MI\" id=\"playlist-toggle_2\">HIDE PLAYLIST<\/div>\n\t\t\t\t\t <div class=\"mp3j-popout-MI\" id=\"lpp_mp3j_2\" style=\"\"><\/div>\n\t\t\t\t\t \n\t\t\t\t <\/div>\n\t\t\t <\/div>\n\t\t\t <div class=\"mjp-volwrap\">\n\t\t\t\t <div class=\"MIsliderVolume\" id=\"vol_mp3j_2\"><\/div>\n\t\t\t\t <div class=\"innerExt1\" id=\"innerExt1_2\"><\/div>\n\t\t\t\t <div class=\"innerExt2\" id=\"innerExt2_2\"><\/div>\n\t\t\t <\/div>\n\t\t <\/div>\n\t\t <div style=\"display:none;\" class=\"Ebetween-mjp\" id=\"Ebetween-mjp_2\"><\/div>\n\t\t <div class=\"listwrap_mp3j\" id=\"L_mp3j_2\" style=\"overflow:auto; max-height:450px;\"><div class=\"wrapper-mjp\"><div class=\"playlist-colour\"><\/div><div class=\"wrapper-mjp\"><ul class=\"ul-mjp childNorm-mjp childPlain-mjp left-mjp\" id=\"UL_mp3j_2\"><li><\/li><\/ul><\/div><\/div><\/div>\n\t <\/div>\n\t <div id=\"mp3j_finfo_2\" class=\"mp3j-finfo\" style=\"display:none;\"><div class=\"mp3j-finfo-sleeve\"><div id=\"mp3j_finfo_gif_2\" class=\"mp3j-finfo-gif\"><\/div><div id=\"mp3j_finfo_txt_2\" class=\"mp3j-finfo-txt\"><\/div><div class=\"mp3j-finfo-close\" id=\"mp3j_finfo_close_2\">X<\/div><\/div><\/div><div id=\"mp3j_dlf_2\" class=\"mp3j-dlframe\" style=\"display:none;\"><\/div>\n\t <div class=\"mp3j-nosolution\" id=\"mp3j_nosolution_2\" style=\"display:none;\"><\/div>\n\t <div style=\"display:none;\" class=\"Ebelow-mjp\" id=\"Ebelow-mjp_2\"><\/div>\n <\/div> \n<script>\nMP3jPLAYLISTS.MI_2 = [\n\t{ name: \"01 El Corazon De Los Pajaros\", formats: [\"mp3\"], mp3: \"aHR0cDovL3BhaXR1bmVzLmNvbS9pbWFnZXMvc3Rvcmllcy9hdWRpby9NYWdpbl9CbGFuY29fUmVhbGlkYWQvMDEgRWwgQ29yYXpvbiBEZSBMb3MgUGFqYXJvcy5tcDM=\", counterpart:\"\", artist: \"\", image: \"true\", imgurl: \"\" },\n\t{ name: \"02 Lluvia Dorada\", formats: [\"mp3\"], mp3: \"aHR0cDovL3BhaXR1bmVzLmNvbS9pbWFnZXMvc3Rvcmllcy9hdWRpby9NYWdpbl9CbGFuY29fUmVhbGlkYWQvMDIgTGx1dmlhIERvcmFkYS5tcDM=\", counterpart:\"\", artist: \"\", image: \"true\", imgurl: \"\" },\n\t{ name: \"03 La Fiesta\", formats: [\"mp3\"], mp3: \"aHR0cDovL3BhaXR1bmVzLmNvbS9pbWFnZXMvc3Rvcmllcy9hdWRpby9NYWdpbl9CbGFuY29fUmVhbGlkYWQvMDMgTGEgRmllc3RhLm1wMw==\", counterpart:\"\", artist: \"\", image: \"true\", imgurl: \"\" },\n\t{ name: \"04 Sus Cosas\", formats: [\"mp3\"], mp3: \"aHR0cDovL3BhaXR1bmVzLmNvbS9pbWFnZXMvc3Rvcmllcy9hdWRpby9NYWdpbl9CbGFuY29fUmVhbGlkYWQvMDQgU3VzIENvc2FzLm1wMw==\", counterpart:\"\", artist: \"\", image: \"true\", imgurl: \"\" },\n\t{ name: \"05 Las Mareas\", formats: [\"mp3\"], mp3: \"aHR0cDovL3BhaXR1bmVzLmNvbS9pbWFnZXMvc3Rvcmllcy9hdWRpby9NYWdpbl9CbGFuY29fUmVhbGlkYWQvMDUgTGFzIE1hcmVhcy5tcDM=\", counterpart:\"\", artist: \"\", image: \"true\", imgurl: \"\" },\n\t{ name: \"06 Hielo Sobre Hielo\", formats: [\"mp3\"], mp3: \"aHR0cDovL3BhaXR1bmVzLmNvbS9pbWFnZXMvc3Rvcmllcy9hdWRpby9NYWdpbl9CbGFuY29fUmVhbGlkYWQvMDYgSGllbG8gU29icmUgSGllbG8ubXAz\", counterpart:\"\", artist: \"\", image: \"true\", imgurl: \"\" },\n\t{ name: \"07 Realidad\", formats: [\"mp3\"], mp3: \"aHR0cDovL3BhaXR1bmVzLmNvbS9pbWFnZXMvc3Rvcmllcy9hdWRpby9NYWdpbl9CbGFuY29fUmVhbGlkYWQvMDcgUmVhbGlkYWQubXAz\", counterpart:\"\", artist: \"\", image: \"true\", imgurl: \"\" },\n\t{ name: \"08 Mi Borrachera\", formats: [\"mp3\"], mp3: \"aHR0cDovL3BhaXR1bmVzLmNvbS9pbWFnZXMvc3Rvcmllcy9hdWRpby9NYWdpbl9CbGFuY29fUmVhbGlkYWQvMDggTWkgQm9ycmFjaGVyYS5tcDM=\", counterpart:\"\", artist: \"\", image: \"true\", imgurl: \"\" },\n\t{ name: \"09 La Escalera\", formats: [\"mp3\"], mp3: \"aHR0cDovL3BhaXR1bmVzLmNvbS9pbWFnZXMvc3Rvcmllcy9hdWRpby9NYWdpbl9CbGFuY29fUmVhbGlkYWQvMDkgTGEgRXNjYWxlcmEubXAz\", counterpart:\"\", artist: \"\", image: \"true\", imgurl: \"\" },\n\t{ name: \"10 Revelacion\", formats: [\"mp3\"], mp3: \"aHR0cDovL3BhaXR1bmVzLmNvbS9pbWFnZXMvc3Rvcmllcy9hdWRpby9NYWdpbl9CbGFuY29fUmVhbGlkYWQvMTAgUmV2ZWxhY2lvbi5tcDM=\", counterpart:\"\", artist: \"\", image: \"true\", imgurl: \"\" }\n];\n<\/script>\n\n<script>MP3jPLAYERS[2] = { list:MP3jPLAYLISTS.MI_2, tr:0, type:'MI', lstate:true, loop:false, play_txt:'Play', pause_txt:'Pause', pp_title:'Paitunes', autoplay:false, download:false, vol:100, height:120, cssclass:'nostop flip ', popout_css:{ enabled:true, \t\t\tcolours: [\"#f0f0f0\", \"rgba(0, 0, 0, 0.18)\", \"rgba(167, 167, 167, 0.55)\", \"rgba(49, 49, 49, 0.64)\", \"rgba(0, 180, 37, 0.91)\", \"#d3d3d3\", \"#d8d8d8\", \"#3d3232\", \"#262120\", \"#262120\", \"#11912b\", \"\", 400, 600 ],\n\t\t\tcssInterface: { \"color\": \"#3d3232\" },\n\t\t\tcssTitle: { \"left\": \"36px\", \"right\":\"36px\", \"top\":\"30px\" },\n\t\t\tcssImage: { \"overflow\": \"false\", \"width\":\"auto\", \"height\":\"120px\"  },\n\t\t\tcssFontSize: { \"title\": \"22px\", \"caption\": \"15.4px\", \"list\": \"18px\" },\n\t\t\tclasses: { interface:'', title:' right-mjp bold-mjp plain-mjp childNorm-mjp childItalic-mjp', image:' Himg left-mjp', poscol:' soften-mjp', ul:' childNorm-mjp childPlain-mjp left-mjp' }} };<\/script>\n\n\n<p><iframe loading=\"lazy\" width=\"980\" height=\"735\" src=\"https:\/\/www.youtube.com\/embed\/WcPL5kacSz4?feature=oembed\" frameborder=\"0\" allowfullscreen><\/iframe><\/p>","protected":false},"excerpt":{"rendered":"<p>Second release of Magin Blanco.<\/p>\n<p>After the success and the good taste that left them with &#8220;She&#8221;, is back now with mothers strength than ever with &#8216;Reality&#8217;, another great collection of songs, halfway between author music, pop and folk. &#8220;Reality&#8221;, follows the intimate &#8216;She&#8217;, show them some songs more arranged vitalistic, coidadosamente, which are targeted to reach the heart of the listener.<\/p>\n","protected":false},"featured_media":59,"comment_status":"open","ping_status":"closed","template":"","meta":[],"product_brand":[],"product_cat":[6],"product_tag":[],"class_list":{"0":"post-56","1":"product","2":"type-product","3":"status-publish","4":"has-post-thumbnail","6":"product_cat-solistas","7":"pa_formato-cdmp3-2","8":"pa_formato-mp3","10":"first","11":"instock","12":"taxable","13":"shipping-taxable","14":"purchasable","15":"product-type-variable"},"_links":{"self":[{"href":"https:\/\/paitunes.com\/en\/wp-json\/wp\/v2\/product\/56","targetHints":{"allow":["GET"]}}],"collection":[{"href":"https:\/\/paitunes.com\/en\/wp-json\/wp\/v2\/product"}],"about":[{"href":"https:\/\/paitunes.com\/en\/wp-json\/wp\/v2\/types\/product"}],"replies":[{"embeddable":true,"href":"https:\/\/paitunes.com\/en\/wp-json\/wp\/v2\/comments?post=56"}],"wp:featuredmedia":[{"embeddable":true,"href":"https:\/\/paitunes.com\/en\/wp-json\/wp\/v2\/media\/59"}],"wp:attachment":[{"href":"https:\/\/paitunes.com\/en\/wp-json\/wp\/v2\/media?parent=56"}],"wp:term":[{"taxonomy":"product_brand","embeddable":true,"href":"https:\/\/paitunes.com\/en\/wp-json\/wp\/v2\/product_brand?post=56"},{"taxonomy":"product_cat","embeddable":true,"href":"https:\/\/paitunes.com\/en\/wp-json\/wp\/v2\/product_cat?post=56"},{"taxonomy":"product_tag","embeddable":true,"href":"https:\/\/paitunes.com\/en\/wp-json\/wp\/v2\/product_tag?post=56"}],"curies":[{"name":"wp","href":"https:\/\/api.w.org\/{rel}","templated":true}]}}