{"id":768,"date":"2025-04-25T13:56:43","date_gmt":"2025-04-25T11:56:43","guid":{"rendered":"https:\/\/paitunes.com\/?page_id=768"},"modified":"2025-04-25T14:19:39","modified_gmt":"2025-04-25T12:19:39","slug":"about-us","status":"publish","type":"page","link":"https:\/\/paitunes.com\/gl\/about-us\/","title":{"rendered":"Quen somos"},"content":{"rendered":"<p><br><strong>Sobre PAI Edici\u00f3ns<\/strong><br><br>PAI Edici\u00f3ns S.L. \u00e9 un selo discogr\u00e1fico independente con sede en Galicia, creado co obxectivo de dar voz a propostas musicais aut\u00e9nticas e comprometidas coa creaci\u00f3n art\u00edstica. Dende os nosos inicios, traballamos man a man con artistas de diferentes estilos e xeraci\u00f3ns, acompa\u00f1\u00e1ndoos en cada etapa dos seus proxectos.<br><br><br>Adic\u00e1monos \u00e1 produci\u00f3n, distribuci\u00f3n e difusi\u00f3n musical cun enfoque especial no traballo coidado, na proximidade cos m\u00fasicos e no respecto pola identidade de cada obra. Apostamos por un modelo sostible, diverso e conectado coa realidade cultural galega e global.<br><br><br>Para calquera consulta, podes contactar connosco en: <strong>info@pai-musica.com<\/strong><br>","protected":false},"excerpt":{"rendered":"<p>Sobre PAI Edici\u00f3ns PAI Edici\u00f3ns S.L. \u00e9 un selo discogr\u00e1fico independente con sede en Galicia, creado co obxectivo de dar voz a propostas musicais aut\u00e9nticas e comprometidas coa creaci\u00f3n art\u00edstica. Dende os nosos inicios, traballamos man a man con artistas de diferentes estilos e xeraci\u00f3ns, acompa\u00f1\u00e1ndoos en cada etapa dos seus proxectos. Adic\u00e1monos \u00e1 produci\u00f3n, [&hellip;]<\/p>\n","protected":false},"author":1,"featured_media":0,"parent":0,"menu_order":0,"comment_status":"closed","ping_status":"closed","template":"","meta":{"footnotes":""},"class_list":["post-768","page","type-page","status-publish","hentry"],"_links":{"self":[{"href":"https:\/\/paitunes.com\/gl\/wp-json\/wp\/v2\/pages\/768","targetHints":{"allow":["GET"]}}],"collection":[{"href":"https:\/\/paitunes.com\/gl\/wp-json\/wp\/v2\/pages"}],"about":[{"href":"https:\/\/paitunes.com\/gl\/wp-json\/wp\/v2\/types\/page"}],"author":[{"embeddable":true,"href":"https:\/\/paitunes.com\/gl\/wp-json\/wp\/v2\/users\/1"}],"replies":[{"embeddable":true,"href":"https:\/\/paitunes.com\/gl\/wp-json\/wp\/v2\/comments?post=768"}],"version-history":[{"count":13,"href":"https:\/\/paitunes.com\/gl\/wp-json\/wp\/v2\/pages\/768\/revisions"}],"predecessor-version":[{"id":785,"href":"https:\/\/paitunes.com\/gl\/wp-json\/wp\/v2\/pages\/768\/revisions\/785"}],"wp:attachment":[{"href":"https:\/\/paitunes.com\/gl\/wp-json\/wp\/v2\/media?parent=768"}],"curies":[{"name":"wp","href":"https:\/\/api.w.org\/{rel}","templated":true}]}}