{"id":100,"date":"2015-09-04T08:59:59","date_gmt":"2015-09-04T08:59:59","guid":{"rendered":"http:\/\/paitunes.com\/producto\/jabon-blue-la-musica-va-por-dentro\/"},"modified":"2019-12-26T13:22:12","modified_gmt":"2019-12-26T12:22:12","slug":"jabon-blue-la-musica-va-por-dentro","status":"publish","type":"product","link":"https:\/\/paitunes.com\/gl\/tienda\/jabon-blue-la-musica-va-por-dentro\/","title":{"rendered":"Jabon Blue &#8211; La m\u00fasica va por dentro"},"content":{"rendered":"<p><strong><em>Jab\u00f3n Blue<\/em><\/strong> \u00e9 a banda formada en 2005 por <strong>Javi Maneiro &#8220;Ou fillo d\u00e1 Necha&#8221;<\/strong> (voz), <strong>Kuervo<\/strong>(guitarra),<strong>Diego &#8220;Mayor Tom&#8221;<\/strong> (guitarra), <strong>Pony<\/strong> (baixo) e <strong>Marcos Otero<\/strong> (Bater\u00eda).<\/p>\n<p><strong><a href=\"http:\/\/www.jabonblue.tk\/\">Jabon Blue<\/a><\/strong> \u00e9 un grupo que nace tras a disoluci\u00f3n da m\u00edtica banda galega <strong>Heredeiros d\u00e1 Crus<\/strong>. <strong>Javi Maneiro<\/strong> (voz), despois de doce anos triunfando en Galicia, sete discos editados e m\u00e1is de 30.000 copias vendidas, decide continuar a s\u00faa carreira musical formando nova banda con <strong>Diego Casta\u00f1o<\/strong> e <strong>Kuervo<\/strong> \u00e1s guitarras, <strong>Pony<\/strong> ao baixo e <strong>Marcos<\/strong> \u00e1 bater\u00eda.&#8221;<strong>La m\u00fasica va por dentro<\/strong>&#8221;\u00a0son 15 temas do m\u00e1is puro rock and roll, un disco sen fisuras, onde hai cabida ao rock m\u00e1is poderoso como&#8221;<strong>El hombre del saco<\/strong>&#8220;, &#8220;<strong>Cacareando<\/strong>&#8221; ou <strong>&#8220;Baby chocho&#8221;<\/strong>, temas menos acelerados como&#8221;<strong>Cuando el silencio suena<\/strong>&#8221; ou&#8221;<strong>Era para m\u00ed<\/strong>&#8221; e preciosas baladas rock como&#8221;<strong>Tan s\u00f3lo<\/strong>&#8220;. Textos imaxinativos e cheos dunha fresca vitalidade.<\/p>\n\n <div id=\"wrapperMI_1\" class=\"wrap-mjp nostop flip \" style=\"position: relative; padding:5px 0px 30px 0px; margin:0px; width:100%;\">\n\t<div style=\"display:none;\" class=\"Eabove-mjp\" id=\"Eabove-mjp_1\"><\/div>\n\t <div class=\"subwrap-MI\">\n\t\t <div class=\"jp-innerwrap\">\n\t\t\t <div class=\"innerx\"><\/div>\n\t\t\t <div class=\"innerleft\"><\/div>\n\t\t\t <div class=\"innerright\"><\/div>\n\t\t\t <div class=\"innertab\"><\/div>\n\t\t\t <div class=\"interface-mjp\" style=\"height:120px;\" id=\"interfaceMI_1\">\n\t\t\t\t <div class=\"MI-image Himg left-mjp\" id=\"MI_image_1\" style=\" width:auto; height:120px; overflow:false;\"><\/div>\n\t\t\t\t <div id=\"T_mp3j_1\" class=\"player-track-title right-mjp bold-mjp plain-mjp childNorm-mjp childItalic-mjp\" style=\"left:36px; right:36px;  top:30px;\"><\/div>\n\t\t\t\t <div class=\"bars_holder\">\n\t\t\t\t\t <div class=\"loadMI_mp3j\" id=\"load_mp3j_1\"><\/div>\n\t\t\t\t\t <div class=\"poscolMI_mp3j soften-mjp\" id=\"poscol_mp3j_1\"><\/div>\n\t\t\t\t\t <div class=\"posbarMI_mp3j\" id=\"posbar_mp3j_1\"><\/div>\n\t\t\t\t <\/div>\n\t\t\t\t <div id=\"P-Time-MI_1\" class=\"jp-play-time\"><\/div>\n\t\t\t\t <div id=\"T-Time-MI_1\" class=\"jp-total-time\"><\/div>\n\t\t\t\t <div id=\"statusMI_1\" class=\"statusMI\"><\/div>\n\t\t\t\t <div class=\"transport-MI\"><div class=\"play-mjp\" id=\"playpause_mp3j_1\">Play<\/div><div class=\"stop-mjp\" id=\"stop_mp3j_1\">Stop<\/div><div class=\"next-mjp\" id=\"Next_mp3j_1\">Next&raquo;<\/div><div class=\"prev-mjp\" id=\"Prev_mp3j_1\">&laquo;Prev<\/div><\/div>\n\t\t\t\t <div class=\"buttons-wrap-mjp\" id=\"buttons-wrap-mjp_1\">\n\t\t\t\t\t <div class=\"playlist-toggle-MI\" id=\"playlist-toggle_1\">HIDE PLAYLIST<\/div>\n\t\t\t\t\t <div class=\"mp3j-popout-MI\" id=\"lpp_mp3j_1\" style=\"\"><\/div>\n\t\t\t\t\t \n\t\t\t\t <\/div>\n\t\t\t <\/div>\n\t\t\t <div class=\"mjp-volwrap\">\n\t\t\t\t <div class=\"MIsliderVolume\" id=\"vol_mp3j_1\"><\/div>\n\t\t\t\t <div class=\"innerExt1\" id=\"innerExt1_1\"><\/div>\n\t\t\t\t <div class=\"innerExt2\" id=\"innerExt2_1\"><\/div>\n\t\t\t <\/div>\n\t\t <\/div>\n\t\t <div style=\"display:none;\" class=\"Ebetween-mjp\" id=\"Ebetween-mjp_1\"><\/div>\n\t\t <div class=\"listwrap_mp3j\" id=\"L_mp3j_1\" style=\"overflow:auto; max-height:450px;\"><div class=\"wrapper-mjp\"><div class=\"playlist-colour\"><\/div><div class=\"wrapper-mjp\"><ul class=\"ul-mjp childNorm-mjp childPlain-mjp left-mjp\" id=\"UL_mp3j_1\"><li><\/li><\/ul><\/div><\/div><\/div>\n\t <\/div>\n\t <div id=\"mp3j_finfo_1\" class=\"mp3j-finfo\" style=\"display:none;\"><div class=\"mp3j-finfo-sleeve\"><div id=\"mp3j_finfo_gif_1\" class=\"mp3j-finfo-gif\"><\/div><div id=\"mp3j_finfo_txt_1\" class=\"mp3j-finfo-txt\"><\/div><div class=\"mp3j-finfo-close\" id=\"mp3j_finfo_close_1\">X<\/div><\/div><\/div><div id=\"mp3j_dlf_1\" class=\"mp3j-dlframe\" style=\"display:none;\"><\/div>\n\t <div class=\"mp3j-nosolution\" id=\"mp3j_nosolution_1\" style=\"display:none;\"><\/div>\n\t <div style=\"display:none;\" class=\"Ebelow-mjp\" id=\"Ebelow-mjp_1\"><\/div>\n <\/div> \n<script>\nMP3jPLAYLISTS.MI_1 = [\n\t{ name: \"01 Un Porrito De Ilusion\", formats: [\"mp3\"], mp3: \"aHR0cDovL3BhaXR1bmVzLmNvbS9pbWFnZXMvc3Rvcmllcy9hdWRpby9KYWJvbl9CbHVlX0xhX211c2ljYV92YV9wb3JfZGVudHJvLzAxIFVuIFBvcnJpdG8gRGUgSWx1c2lvbi5tcDM=\", counterpart:\"\", artist: \"\", image: \"true\", imgurl: \"\" },\n\t{ name: \"02 El Hombre Del Saco\", formats: [\"mp3\"], mp3: \"aHR0cDovL3BhaXR1bmVzLmNvbS9pbWFnZXMvc3Rvcmllcy9hdWRpby9KYWJvbl9CbHVlX0xhX211c2ljYV92YV9wb3JfZGVudHJvLzAyIEVsIEhvbWJyZSBEZWwgU2Fjby5tcDM=\", counterpart:\"\", artist: \"\", image: \"true\", imgurl: \"\" },\n\t{ name: \"04 Cacareando\", formats: [\"mp3\"], mp3: \"aHR0cDovL3BhaXR1bmVzLmNvbS9pbWFnZXMvc3Rvcmllcy9hdWRpby9KYWJvbl9CbHVlX0xhX211c2ljYV92YV9wb3JfZGVudHJvLzA0IENhY2FyZWFuZG8ubXAz\", counterpart:\"\", artist: \"\", image: \"true\", imgurl: \"\" },\n\t{ name: \"05 Cuando El Silencio Suena\", formats: [\"mp3\"], mp3: \"aHR0cDovL3BhaXR1bmVzLmNvbS9pbWFnZXMvc3Rvcmllcy9hdWRpby9KYWJvbl9CbHVlX0xhX211c2ljYV92YV9wb3JfZGVudHJvLzA1IEN1YW5kbyBFbCBTaWxlbmNpbyBTdWVuYS5tcDM=\", counterpart:\"\", artist: \"\", image: \"true\", imgurl: \"\" },\n\t{ name: \"06 Mato A Mi Madre\", formats: [\"mp3\"], mp3: \"aHR0cDovL3BhaXR1bmVzLmNvbS9pbWFnZXMvc3Rvcmllcy9hdWRpby9KYWJvbl9CbHVlX0xhX211c2ljYV92YV9wb3JfZGVudHJvLzA2IE1hdG8gQSBNaSBNYWRyZS5tcDM=\", counterpart:\"\", artist: \"\", image: \"true\", imgurl: \"\" },\n\t{ name: \"07 Era Para Mi\", formats: [\"mp3\"], mp3: \"aHR0cDovL3BhaXR1bmVzLmNvbS9pbWFnZXMvc3Rvcmllcy9hdWRpby9KYWJvbl9CbHVlX0xhX211c2ljYV92YV9wb3JfZGVudHJvLzA3IEVyYSBQYXJhIE1pLm1wMw==\", counterpart:\"\", artist: \"\", image: \"true\", imgurl: \"\" },\n\t{ name: \"08 Quinse Pesos De Rockanroll\", formats: [\"mp3\"], mp3: \"aHR0cDovL3BhaXR1bmVzLmNvbS9pbWFnZXMvc3Rvcmllcy9hdWRpby9KYWJvbl9CbHVlX0xhX211c2ljYV92YV9wb3JfZGVudHJvLzA4IFF1aW5zZSBQZXNvcyBEZSBSb2NrYW5yb2xsLm1wMw==\", counterpart:\"\", artist: \"\", image: \"true\", imgurl: \"\" },\n\t{ name: \"09 Sexy Rock\", formats: [\"mp3\"], mp3: \"aHR0cDovL3BhaXR1bmVzLmNvbS9pbWFnZXMvc3Rvcmllcy9hdWRpby9KYWJvbl9CbHVlX0xhX211c2ljYV92YV9wb3JfZGVudHJvLzA5IFNleHkgUm9jay5tcDM=\", counterpart:\"\", artist: \"\", image: \"true\", imgurl: \"\" },\n\t{ name: \"10 Baby Chocho\", formats: [\"mp3\"], mp3: \"aHR0cDovL3BhaXR1bmVzLmNvbS9pbWFnZXMvc3Rvcmllcy9hdWRpby9KYWJvbl9CbHVlX0xhX211c2ljYV92YV9wb3JfZGVudHJvLzEwIEJhYnkgQ2hvY2hvLm1wMw==\", counterpart:\"\", artist: \"\", image: \"true\", imgurl: \"\" },\n\t{ name: \"11 Homenaje\", formats: [\"mp3\"], mp3: \"aHR0cDovL3BhaXR1bmVzLmNvbS9pbWFnZXMvc3Rvcmllcy9hdWRpby9KYWJvbl9CbHVlX0xhX211c2ljYV92YV9wb3JfZGVudHJvLzExIEhvbWVuYWplLm1wMw==\", counterpart:\"\", artist: \"\", image: \"true\", imgurl: \"\" },\n\t{ name: \"12 La Gallina De Los Huevos De Oro\", formats: [\"mp3\"], mp3: \"aHR0cDovL3BhaXR1bmVzLmNvbS9pbWFnZXMvc3Rvcmllcy9hdWRpby9KYWJvbl9CbHVlX0xhX211c2ljYV92YV9wb3JfZGVudHJvLzEyIExhIEdhbGxpbmEgRGUgTG9zIEh1ZXZvcyBEZSBPcm8ubXAz\", counterpart:\"\", artist: \"\", image: \"true\", imgurl: \"\" },\n\t{ name: \"13 No Quiere Nada De Mi\", formats: [\"mp3\"], mp3: \"aHR0cDovL3BhaXR1bmVzLmNvbS9pbWFnZXMvc3Rvcmllcy9hdWRpby9KYWJvbl9CbHVlX0xhX211c2ljYV92YV9wb3JfZGVudHJvLzEzIE5vIFF1aWVyZSBOYWRhIERlIE1pLm1wMw==\", counterpart:\"\", artist: \"\", image: \"true\", imgurl: \"\" },\n\t{ name: \"14 Tengo Una Amiga\", formats: [\"mp3\"], mp3: \"aHR0cDovL3BhaXR1bmVzLmNvbS9pbWFnZXMvc3Rvcmllcy9hdWRpby9KYWJvbl9CbHVlX0xhX211c2ljYV92YV9wb3JfZGVudHJvLzE0IFRlbmdvIFVuYSBBbWlnYS5tcDM=\", counterpart:\"\", artist: \"\", image: \"true\", imgurl: \"\" },\n\t{ name: \"15 La Musica Va Por Dentro\", formats: [\"mp3\"], mp3: \"aHR0cDovL3BhaXR1bmVzLmNvbS9pbWFnZXMvc3Rvcmllcy9hdWRpby9KYWJvbl9CbHVlX0xhX211c2ljYV92YV9wb3JfZGVudHJvLzE1IExhIE11c2ljYSBWYSBQb3IgRGVudHJvLm1wMw==\", counterpart:\"\", artist: \"\", image: \"true\", imgurl: \"\" }\n];\n<\/script>\n\n<script>MP3jPLAYERS[1] = { list:MP3jPLAYLISTS.MI_1, tr:0, type:'MI', lstate:true, loop:false, play_txt:'Play', pause_txt:'Pause', pp_title:'Paitunes', autoplay:false, download:false, vol:100, height:120, cssclass:'nostop flip ', popout_css:{ enabled:true, \t\t\tcolours: [\"#f0f0f0\", \"rgba(0, 0, 0, 0.18)\", \"rgba(167, 167, 167, 0.55)\", \"rgba(49, 49, 49, 0.64)\", \"rgba(0, 180, 37, 0.91)\", \"#d3d3d3\", \"#d8d8d8\", \"#3d3232\", \"#262120\", \"#262120\", \"#11912b\", \"\", 400, 600 ],\n\t\t\tcssInterface: { \"color\": \"#3d3232\" },\n\t\t\tcssTitle: { \"left\": \"36px\", \"right\":\"36px\", \"top\":\"30px\" },\n\t\t\tcssImage: { \"overflow\": \"false\", \"width\":\"auto\", \"height\":\"120px\"  },\n\t\t\tcssFontSize: { \"title\": \"22px\", \"caption\": \"15.4px\", \"list\": \"18px\" },\n\t\t\tclasses: { interface:'', title:' right-mjp bold-mjp plain-mjp childNorm-mjp childItalic-mjp', image:' Himg left-mjp', poscol:' soften-mjp', ul:' childNorm-mjp childPlain-mjp left-mjp' }} };<\/script>\n\n\n<p><iframe loading=\"lazy\" width=\"980\" height=\"551\" src=\"https:\/\/www.youtube.com\/embed\/RVttoBEI6AY?feature=oembed\" frameborder=\"0\" allowfullscreen><\/iframe><\/p>","protected":false},"excerpt":{"rendered":"<p><strong><em>Jab\u00f3n Blue<\/em><\/strong> \u00e9 a banda formada en 2005 por <strong>Javi Maneiro &#8220;Ou fillo d\u00e1 Necha&#8221;<\/strong> (voz), <strong>Kuervo<\/strong>(guitarra),<strong>Diego &#8220;Mayor Tom&#8221;<\/strong> (guitarra), <strong>Pony<\/strong> (baixo) e <strong>Marcos Otero<\/strong> (Bater\u00eda).<\/p>\n","protected":false},"featured_media":104,"comment_status":"open","ping_status":"closed","template":"","meta":[],"product_brand":[],"product_cat":[16],"product_tag":[],"class_list":{"0":"post-100","1":"product","2":"type-product","3":"status-publish","4":"has-post-thumbnail","6":"product_cat-rock-y-pop","7":"pa_formato-cdmp3-2","8":"pa_formato-mp3","10":"first","11":"instock","12":"taxable","13":"shipping-taxable","14":"purchasable","15":"product-type-variable"},"_links":{"self":[{"href":"https:\/\/paitunes.com\/gl\/wp-json\/wp\/v2\/product\/100","targetHints":{"allow":["GET"]}}],"collection":[{"href":"https:\/\/paitunes.com\/gl\/wp-json\/wp\/v2\/product"}],"about":[{"href":"https:\/\/paitunes.com\/gl\/wp-json\/wp\/v2\/types\/product"}],"replies":[{"embeddable":true,"href":"https:\/\/paitunes.com\/gl\/wp-json\/wp\/v2\/comments?post=100"}],"wp:featuredmedia":[{"embeddable":true,"href":"https:\/\/paitunes.com\/gl\/wp-json\/wp\/v2\/media\/104"}],"wp:attachment":[{"href":"https:\/\/paitunes.com\/gl\/wp-json\/wp\/v2\/media?parent=100"}],"wp:term":[{"taxonomy":"product_brand","embeddable":true,"href":"https:\/\/paitunes.com\/gl\/wp-json\/wp\/v2\/product_brand?post=100"},{"taxonomy":"product_cat","embeddable":true,"href":"https:\/\/paitunes.com\/gl\/wp-json\/wp\/v2\/product_cat?post=100"},{"taxonomy":"product_tag","embeddable":true,"href":"https:\/\/paitunes.com\/gl\/wp-json\/wp\/v2\/product_tag?post=100"}],"curies":[{"name":"wp","href":"https:\/\/api.w.org\/{rel}","templated":true}]}}