{"id":138,"date":"2015-09-04T10:10:26","date_gmt":"2015-09-04T10:10:26","guid":{"rendered":"http:\/\/paitunes.com\/producto\/javier-gonzalez-mendez-sin-novedad-en-el-frente\/"},"modified":"2016-10-25T01:53:56","modified_gmt":"2016-10-24T23:53:56","slug":"javier-gonzalez-mendez-sin-novedad-en-el-frente","status":"publish","type":"product","link":"https:\/\/paitunes.com\/gl\/tienda\/javier-gonzalez-mendez-sin-novedad-en-el-frente\/","title":{"rendered":"Javier Gonz\u00e1lez M\u00e9ndez &#8211; Sin Novedad en el frente"},"content":{"rendered":"<p><em>De los hombres y las mujeres sujetos de una especie capacitada para ponerse en peligro de extinci\u00f3n y resurecci\u00f3n permanente. De los pares que se convierten en impares. De sue\u00f1os que se proyectan juntos y se frustran por separado. Del amor y su guerra, donde nunca se sabe quien es el enemigo. De los obuses disfrazadosde palabras, las miradas francotiradoras. Las granadas en forma de platos, las trincheras invisibles en las que tan pocas veces resuena una voz exclamando: <strong>\u00a1Sin novedad en el frente!<\/strong><\/em><\/p>\n<p>&#8220;Sin novedad en el frente&#8221; es el segundo disco en solitario del cantautor Javier Gonz\u00e1lez M\u00e9ndez, un trabajo que habla de cicatrices, de nuevos alicientes, de esa dama de compa\u00f1ia, que a veces resulta hermosa y seductora, a la que llamamos tantas veces con miedo, soledad. Grabado en los estudios de Casa de Tolos bajo la produci\u00f3n musical de Segundo Grand\u00edo, &#8220;Sin novedad en el frente&#8221; cuenta con las colaboraciones de lujo de Isaac Palac\u00edn (Berrog\u00fcetto) a la bater\u00eda, Diego Pacheco a las guitarras ac\u00fasticas y el\u00e9ctricas, Marcos Legazpi a los teclados y el piano, y el propio Segundo Grand\u00edo al bajo.<\/p>\n\n <div id=\"wrapperMI_1\" class=\"wrap-mjp nostop flip \" style=\"position: relative; padding:5px 0px 30px 0px; margin:0px; width:100%;\">\n\t<div style=\"display:none;\" class=\"Eabove-mjp\" id=\"Eabove-mjp_1\"><\/div>\n\t <div class=\"subwrap-MI\">\n\t\t <div class=\"jp-innerwrap\">\n\t\t\t <div class=\"innerx\"><\/div>\n\t\t\t <div class=\"innerleft\"><\/div>\n\t\t\t <div class=\"innerright\"><\/div>\n\t\t\t <div class=\"innertab\"><\/div>\n\t\t\t <div class=\"interface-mjp\" style=\"height:120px;\" id=\"interfaceMI_1\">\n\t\t\t\t <div class=\"MI-image Himg left-mjp\" id=\"MI_image_1\" style=\" width:auto; height:120px; overflow:false;\"><\/div>\n\t\t\t\t <div id=\"T_mp3j_1\" class=\"player-track-title right-mjp bold-mjp plain-mjp childNorm-mjp childItalic-mjp\" style=\"left:36px; right:36px;  top:30px;\"><\/div>\n\t\t\t\t <div class=\"bars_holder\">\n\t\t\t\t\t <div class=\"loadMI_mp3j\" id=\"load_mp3j_1\"><\/div>\n\t\t\t\t\t <div class=\"poscolMI_mp3j soften-mjp\" id=\"poscol_mp3j_1\"><\/div>\n\t\t\t\t\t <div class=\"posbarMI_mp3j\" id=\"posbar_mp3j_1\"><\/div>\n\t\t\t\t <\/div>\n\t\t\t\t <div id=\"P-Time-MI_1\" class=\"jp-play-time\"><\/div>\n\t\t\t\t <div id=\"T-Time-MI_1\" class=\"jp-total-time\"><\/div>\n\t\t\t\t <div id=\"statusMI_1\" class=\"statusMI\"><\/div>\n\t\t\t\t <div class=\"transport-MI\"><div class=\"play-mjp\" id=\"playpause_mp3j_1\">Play<\/div><div class=\"stop-mjp\" id=\"stop_mp3j_1\">Stop<\/div><div class=\"next-mjp\" id=\"Next_mp3j_1\">Next&raquo;<\/div><div class=\"prev-mjp\" id=\"Prev_mp3j_1\">&laquo;Prev<\/div><\/div>\n\t\t\t\t <div class=\"buttons-wrap-mjp\" id=\"buttons-wrap-mjp_1\">\n\t\t\t\t\t <div class=\"playlist-toggle-MI\" id=\"playlist-toggle_1\">HIDE PLAYLIST<\/div>\n\t\t\t\t\t <div class=\"mp3j-popout-MI\" id=\"lpp_mp3j_1\" style=\"\"><\/div>\n\t\t\t\t\t \n\t\t\t\t <\/div>\n\t\t\t <\/div>\n\t\t\t <div class=\"mjp-volwrap\">\n\t\t\t\t <div class=\"MIsliderVolume\" id=\"vol_mp3j_1\"><\/div>\n\t\t\t\t <div class=\"innerExt1\" id=\"innerExt1_1\"><\/div>\n\t\t\t\t <div class=\"innerExt2\" id=\"innerExt2_1\"><\/div>\n\t\t\t <\/div>\n\t\t <\/div>\n\t\t <div style=\"display:none;\" class=\"Ebetween-mjp\" id=\"Ebetween-mjp_1\"><\/div>\n\t\t <div class=\"listwrap_mp3j\" id=\"L_mp3j_1\" style=\"overflow:auto; max-height:450px;\"><div class=\"wrapper-mjp\"><div class=\"playlist-colour\"><\/div><div class=\"wrapper-mjp\"><ul class=\"ul-mjp childNorm-mjp childPlain-mjp left-mjp\" id=\"UL_mp3j_1\"><li><\/li><\/ul><\/div><\/div><\/div>\n\t <\/div>\n\t <div id=\"mp3j_finfo_1\" class=\"mp3j-finfo\" style=\"display:none;\"><div class=\"mp3j-finfo-sleeve\"><div id=\"mp3j_finfo_gif_1\" class=\"mp3j-finfo-gif\"><\/div><div id=\"mp3j_finfo_txt_1\" class=\"mp3j-finfo-txt\"><\/div><div class=\"mp3j-finfo-close\" id=\"mp3j_finfo_close_1\">X<\/div><\/div><\/div><div id=\"mp3j_dlf_1\" class=\"mp3j-dlframe\" style=\"display:none;\"><\/div>\n\t <div class=\"mp3j-nosolution\" id=\"mp3j_nosolution_1\" style=\"display:none;\"><\/div>\n\t <div style=\"display:none;\" class=\"Ebelow-mjp\" id=\"Ebelow-mjp_1\"><\/div>\n <\/div> \n<script>\nMP3jPLAYLISTS.MI_1 = [\n\t{ name: \"01 Sin novedad en el frente\", formats: [\"mp3\"], mp3: \"aHR0cDovL3BhaXR1bmVzLmNvbS9pbWFnZXMvc3Rvcmllcy9hdWRpby9KYXZpZXJfR29uemFsZXpfTWVuZGV6X1Npbl9ub3ZlZGFkX2FsX2ZyZW50ZS8wMSBTaW4gbm92ZWRhZCBlbiBlbCBmcmVudGUubXAz\", counterpart:\"\", artist: \"\", image: \"true\", imgurl: \"\" },\n\t{ name: \"02 Tarde de futbol\", formats: [\"mp3\"], mp3: \"aHR0cDovL3BhaXR1bmVzLmNvbS9pbWFnZXMvc3Rvcmllcy9hdWRpby9KYXZpZXJfR29uemFsZXpfTWVuZGV6X1Npbl9ub3ZlZGFkX2FsX2ZyZW50ZS8wMiBUYXJkZSBkZSBmdXRib2wubXAz\", counterpart:\"\", artist: \"\", image: \"true\", imgurl: \"\" },\n\t{ name: \"03 Sospecho\", formats: [\"mp3\"], mp3: \"aHR0cDovL3BhaXR1bmVzLmNvbS9pbWFnZXMvc3Rvcmllcy9hdWRpby9KYXZpZXJfR29uemFsZXpfTWVuZGV6X1Npbl9ub3ZlZGFkX2FsX2ZyZW50ZS8wMyBTb3NwZWNoby5tcDM=\", counterpart:\"\", artist: \"\", image: \"true\", imgurl: \"\" },\n\t{ name: \"04 Cara y cruz\", formats: [\"mp3\"], mp3: \"aHR0cDovL3BhaXR1bmVzLmNvbS9pbWFnZXMvc3Rvcmllcy9hdWRpby9KYXZpZXJfR29uemFsZXpfTWVuZGV6X1Npbl9ub3ZlZGFkX2FsX2ZyZW50ZS8wNCBDYXJhIHkgY3J1ei5tcDM=\", counterpart:\"\", artist: \"\", image: \"true\", imgurl: \"\" },\n\t{ name: \"05 11 de Septiembre\", formats: [\"mp3\"], mp3: \"aHR0cDovL3BhaXR1bmVzLmNvbS9pbWFnZXMvc3Rvcmllcy9hdWRpby9KYXZpZXJfR29uemFsZXpfTWVuZGV6X1Npbl9ub3ZlZGFkX2FsX2ZyZW50ZS8wNSAxMSBkZSBTZXB0aWVtYnJlLm1wMw==\", counterpart:\"\", artist: \"\", image: \"true\", imgurl: \"\" },\n\t{ name: \"06 Ahi esta Madrid\", formats: [\"mp3\"], mp3: \"aHR0cDovL3BhaXR1bmVzLmNvbS9pbWFnZXMvc3Rvcmllcy9hdWRpby9KYXZpZXJfR29uemFsZXpfTWVuZGV6X1Npbl9ub3ZlZGFkX2FsX2ZyZW50ZS8wNiBBaGkgZXN0YSBNYWRyaWQubXAz\", counterpart:\"\", artist: \"\", image: \"true\", imgurl: \"\" },\n\t{ name: \"07 Solo una vez\", formats: [\"mp3\"], mp3: \"aHR0cDovL3BhaXR1bmVzLmNvbS9pbWFnZXMvc3Rvcmllcy9hdWRpby9KYXZpZXJfR29uemFsZXpfTWVuZGV6X1Npbl9ub3ZlZGFkX2FsX2ZyZW50ZS8wNyBTb2xvIHVuYSB2ZXoubXAz\", counterpart:\"\", artist: \"\", image: \"true\", imgurl: \"\" },\n\t{ name: \"08 Agonizaba Abril\", formats: [\"mp3\"], mp3: \"aHR0cDovL3BhaXR1bmVzLmNvbS9pbWFnZXMvc3Rvcmllcy9hdWRpby9KYXZpZXJfR29uemFsZXpfTWVuZGV6X1Npbl9ub3ZlZGFkX2FsX2ZyZW50ZS8wOCBBZ29uaXphYmEgQWJyaWwubXAz\", counterpart:\"\", artist: \"\", image: \"true\", imgurl: \"\" },\n\t{ name: \"09 Bendito silencio!\", formats: [\"mp3\"], mp3: \"aHR0cDovL3BhaXR1bmVzLmNvbS9pbWFnZXMvc3Rvcmllcy9hdWRpby9KYXZpZXJfR29uemFsZXpfTWVuZGV6X1Npbl9ub3ZlZGFkX2FsX2ZyZW50ZS8wOSBCZW5kaXRvIHNpbGVuY2lvIS5tcDM=\", counterpart:\"\", artist: \"\", image: \"true\", imgurl: \"\" },\n\t{ name: \"10 Ni trampa ni carton\", formats: [\"mp3\"], mp3: \"aHR0cDovL3BhaXR1bmVzLmNvbS9pbWFnZXMvc3Rvcmllcy9hdWRpby9KYXZpZXJfR29uemFsZXpfTWVuZGV6X1Npbl9ub3ZlZGFkX2FsX2ZyZW50ZS8xMCBOaSB0cmFtcGEgbmkgY2FydG9uLm1wMw==\", counterpart:\"\", artist: \"\", image: \"true\", imgurl: \"\" },\n\t{ name: \"11 Una ventana\", formats: [\"mp3\"], mp3: \"aHR0cDovL3BhaXR1bmVzLmNvbS9pbWFnZXMvc3Rvcmllcy9hdWRpby9KYXZpZXJfR29uemFsZXpfTWVuZGV6X1Npbl9ub3ZlZGFkX2FsX2ZyZW50ZS8xMSBVbmEgdmVudGFuYS5tcDM=\", counterpart:\"\", artist: \"\", image: \"true\", imgurl: \"\" },\n\t{ name: \"12 Ultimamente\", formats: [\"mp3\"], mp3: \"aHR0cDovL3BhaXR1bmVzLmNvbS9pbWFnZXMvc3Rvcmllcy9hdWRpby9KYXZpZXJfR29uemFsZXpfTWVuZGV6X1Npbl9ub3ZlZGFkX2FsX2ZyZW50ZS8xMiBVbHRpbWFtZW50ZS5tcDM=\", counterpart:\"\", artist: \"\", image: \"true\", imgurl: \"\" }\n];\n<\/script>\n\n<script>MP3jPLAYERS[1] = { list:MP3jPLAYLISTS.MI_1, tr:0, type:'MI', lstate:true, loop:false, play_txt:'Play', pause_txt:'Pause', pp_title:'Paitunes', autoplay:false, download:false, vol:100, height:120, cssclass:'nostop flip ', popout_css:{ enabled:true, \t\t\tcolours: [\"#f0f0f0\", \"rgba(0, 0, 0, 0.18)\", \"rgba(167, 167, 167, 0.55)\", \"rgba(49, 49, 49, 0.64)\", \"rgba(0, 180, 37, 0.91)\", \"#d3d3d3\", \"#d8d8d8\", \"#3d3232\", \"#262120\", \"#262120\", \"#11912b\", \"\", 400, 600 ],\n\t\t\tcssInterface: { \"color\": \"#3d3232\" },\n\t\t\tcssTitle: { \"left\": \"36px\", \"right\":\"36px\", \"top\":\"30px\" },\n\t\t\tcssImage: { \"overflow\": \"false\", \"width\":\"auto\", \"height\":\"120px\"  },\n\t\t\tcssFontSize: { \"title\": \"22px\", \"caption\": \"15.4px\", \"list\": \"18px\" },\n\t\t\tclasses: { interface:'', title:' right-mjp bold-mjp plain-mjp childNorm-mjp childItalic-mjp', image:' Himg left-mjp', poscol:' soften-mjp', ul:' childNorm-mjp childPlain-mjp left-mjp' }} };<\/script>\n\n\n<p><iframe loading=\"lazy\" width=\"980\" height=\"551\" src=\"https:\/\/www.youtube.com\/embed\/ly5awV8unmQ?feature=oembed\" frameborder=\"0\" allowfullscreen><\/iframe><\/p>","protected":false},"excerpt":{"rendered":"<p><em>De los hombres y las mujeres sujetos de una especie capacitada para ponerse en peligro de extinci\u00f3n y resurecci\u00f3n permanente. De los pares que se convierten en impares. De sue\u00f1os que se proyectan juntos y se frustran por separado. Del amor y su guerra, donde nunca se sabe quien es el enemigo. De los obuses disfrazadosde palabras, las miradas francotiradoras. Las granadas en forma de platos, las trincheras invisibles en las que tan pocas veces resuena una voz exclamando: <strong>\u00a1Sin novedad en el frente!<\/strong><\/em><\/p>\n","protected":false},"featured_media":142,"comment_status":"open","ping_status":"closed","template":"","meta":[],"product_brand":[],"product_cat":[6],"product_tag":[],"class_list":{"0":"post-138","1":"product","2":"type-product","3":"status-publish","4":"has-post-thumbnail","6":"product_cat-solistas","7":"pa_formato-cdmp3-2","8":"pa_formato-mp3","10":"first","11":"instock","12":"taxable","13":"shipping-taxable","14":"purchasable","15":"product-type-variable"},"_links":{"self":[{"href":"https:\/\/paitunes.com\/gl\/wp-json\/wp\/v2\/product\/138","targetHints":{"allow":["GET"]}}],"collection":[{"href":"https:\/\/paitunes.com\/gl\/wp-json\/wp\/v2\/product"}],"about":[{"href":"https:\/\/paitunes.com\/gl\/wp-json\/wp\/v2\/types\/product"}],"replies":[{"embeddable":true,"href":"https:\/\/paitunes.com\/gl\/wp-json\/wp\/v2\/comments?post=138"}],"wp:featuredmedia":[{"embeddable":true,"href":"https:\/\/paitunes.com\/gl\/wp-json\/wp\/v2\/media\/142"}],"wp:attachment":[{"href":"https:\/\/paitunes.com\/gl\/wp-json\/wp\/v2\/media?parent=138"}],"wp:term":[{"taxonomy":"product_brand","embeddable":true,"href":"https:\/\/paitunes.com\/gl\/wp-json\/wp\/v2\/product_brand?post=138"},{"taxonomy":"product_cat","embeddable":true,"href":"https:\/\/paitunes.com\/gl\/wp-json\/wp\/v2\/product_cat?post=138"},{"taxonomy":"product_tag","embeddable":true,"href":"https:\/\/paitunes.com\/gl\/wp-json\/wp\/v2\/product_tag?post=138"}],"curies":[{"name":"wp","href":"https:\/\/api.w.org\/{rel}","templated":true}]}}