{"id":148,"date":"2015-09-04T12:20:01","date_gmt":"2015-09-04T12:20:01","guid":{"rendered":"http:\/\/paitunes.com\/producto\/xil-rios-son-da-alma\/"},"modified":"2019-12-16T11:07:09","modified_gmt":"2019-12-16T10:07:09","slug":"xil-rios-son-da-alma","status":"publish","type":"product","link":"https:\/\/paitunes.com\/gl\/tienda\/xil-rios-son-da-alma\/","title":{"rendered":"Xil R\u00edos &#8211; Son da alma"},"content":{"rendered":"<p>O vix\u00e9simo s\u00e9timo traballo discogr\u00e1fico de Xil R\u00edos chega baixo o t\u00edtulo de \u201cSon da Alma\u201d. Un disco ideado para aportarnos \u00f3s galegos un punto de ledicia nestes tempos de tristura que atravesamos.<\/p>\n<p>Este \u00e9 un traballo que o artista tivo sempre en mente, dende neno, cando se sentaba no palco diante das orquestras e alucinaba con eses ritmos caribe\u00f1os novos en Galicia.<\/p>\n<p>Con unha instrumentaci\u00f3n sinxela Xil R\u00edos e o productor do traballo, Segundo Grand\u00edo, conseguen sacar un disco realmente potente, coa forza dos sons cubanos e toda a retranca e picaresca galegas nas letras.<\/p>\n<p>Este disco cumple co desexo do cantante de facer un cambio na s\u00faa m\u00fasica, algo que lle enchese, distinto, m\u00e1is ac\u00fastico e natural. Representa o son que levou dentro dende ben cativo, o son da s\u00faa alma, das nosas m\u00fasicas e da nosa terra galega.<\/p>\n<p>Poderedes comprobar esa evoluci\u00f3n no traballo de Xil R\u00edos e desfrutar e bailar como nunca a partires do vindeiro xoves 6 de abril nas tendas de discos de toda Galicia.<\/p>\n\n <div id=\"wrapperMI_1\" class=\"wrap-mjp nostop flip \" style=\"position: relative; padding:5px 0px 30px 0px; margin:0px; width:100%;\">\n\t<div style=\"display:none;\" class=\"Eabove-mjp\" id=\"Eabove-mjp_1\"><\/div>\n\t <div class=\"subwrap-MI\">\n\t\t <div class=\"jp-innerwrap\">\n\t\t\t <div class=\"innerx\"><\/div>\n\t\t\t <div class=\"innerleft\"><\/div>\n\t\t\t <div class=\"innerright\"><\/div>\n\t\t\t <div class=\"innertab\"><\/div>\n\t\t\t <div class=\"interface-mjp\" style=\"height:120px;\" id=\"interfaceMI_1\">\n\t\t\t\t <div class=\"MI-image Himg left-mjp\" id=\"MI_image_1\" style=\" width:auto; height:120px; overflow:false;\"><\/div>\n\t\t\t\t <div id=\"T_mp3j_1\" class=\"player-track-title right-mjp bold-mjp plain-mjp childNorm-mjp childItalic-mjp\" style=\"left:36px; right:36px;  top:30px;\"><\/div>\n\t\t\t\t <div class=\"bars_holder\">\n\t\t\t\t\t <div class=\"loadMI_mp3j\" id=\"load_mp3j_1\"><\/div>\n\t\t\t\t\t <div class=\"poscolMI_mp3j soften-mjp\" id=\"poscol_mp3j_1\"><\/div>\n\t\t\t\t\t <div class=\"posbarMI_mp3j\" id=\"posbar_mp3j_1\"><\/div>\n\t\t\t\t <\/div>\n\t\t\t\t <div id=\"P-Time-MI_1\" class=\"jp-play-time\"><\/div>\n\t\t\t\t <div id=\"T-Time-MI_1\" class=\"jp-total-time\"><\/div>\n\t\t\t\t <div id=\"statusMI_1\" class=\"statusMI\"><\/div>\n\t\t\t\t <div class=\"transport-MI\"><div class=\"play-mjp\" id=\"playpause_mp3j_1\">Play<\/div><div class=\"stop-mjp\" id=\"stop_mp3j_1\">Stop<\/div><div class=\"next-mjp\" id=\"Next_mp3j_1\">Next&raquo;<\/div><div class=\"prev-mjp\" id=\"Prev_mp3j_1\">&laquo;Prev<\/div><\/div>\n\t\t\t\t <div class=\"buttons-wrap-mjp\" id=\"buttons-wrap-mjp_1\">\n\t\t\t\t\t <div class=\"playlist-toggle-MI\" id=\"playlist-toggle_1\">HIDE PLAYLIST<\/div>\n\t\t\t\t\t <div class=\"mp3j-popout-MI\" id=\"lpp_mp3j_1\" style=\"\"><\/div>\n\t\t\t\t\t \n\t\t\t\t <\/div>\n\t\t\t <\/div>\n\t\t\t <div class=\"mjp-volwrap\">\n\t\t\t\t <div class=\"MIsliderVolume\" id=\"vol_mp3j_1\"><\/div>\n\t\t\t\t <div class=\"innerExt1\" id=\"innerExt1_1\"><\/div>\n\t\t\t\t <div class=\"innerExt2\" id=\"innerExt2_1\"><\/div>\n\t\t\t <\/div>\n\t\t <\/div>\n\t\t <div style=\"display:none;\" class=\"Ebetween-mjp\" id=\"Ebetween-mjp_1\"><\/div>\n\t\t <div class=\"listwrap_mp3j\" id=\"L_mp3j_1\" style=\"overflow:auto; max-height:450px;\"><div class=\"wrapper-mjp\"><div class=\"playlist-colour\"><\/div><div class=\"wrapper-mjp\"><ul class=\"ul-mjp childNorm-mjp childPlain-mjp left-mjp\" id=\"UL_mp3j_1\"><li><\/li><\/ul><\/div><\/div><\/div>\n\t <\/div>\n\t <div id=\"mp3j_finfo_1\" class=\"mp3j-finfo\" style=\"display:none;\"><div class=\"mp3j-finfo-sleeve\"><div id=\"mp3j_finfo_gif_1\" class=\"mp3j-finfo-gif\"><\/div><div id=\"mp3j_finfo_txt_1\" class=\"mp3j-finfo-txt\"><\/div><div class=\"mp3j-finfo-close\" id=\"mp3j_finfo_close_1\">X<\/div><\/div><\/div><div id=\"mp3j_dlf_1\" class=\"mp3j-dlframe\" style=\"display:none;\"><\/div>\n\t <div class=\"mp3j-nosolution\" id=\"mp3j_nosolution_1\" style=\"display:none;\"><\/div>\n\t <div style=\"display:none;\" class=\"Ebelow-mjp\" id=\"Ebelow-mjp_1\"><\/div>\n <\/div> \n<script>\nMP3jPLAYLISTS.MI_1 = [\n\t{ name: \"01 Xa caera\", formats: [\"mp3\"], mp3: \"aHR0cDovL3BhaXR1bmVzLmNvbS9pbWFnZXMvc3Rvcmllcy9hdWRpby9YaWxfUmlvc19Tb25fZGFfYWxtYS8wMSBYYSBjYWVyYS5tcDM=\", counterpart:\"\", artist: \"\", image: \"true\", imgurl: \"\" },\n\t{ name: \"02 Para adiante para atras\", formats: [\"mp3\"], mp3: \"aHR0cDovL3BhaXR1bmVzLmNvbS9pbWFnZXMvc3Rvcmllcy9hdWRpby9YaWxfUmlvc19Tb25fZGFfYWxtYS8wMiBQYXJhIGFkaWFudGUgcGFyYSBhdHJhcy5tcDM=\", counterpart:\"\", artist: \"\", image: \"true\", imgurl: \"\" },\n\t{ name: \"03 Unida a min\", formats: [\"mp3\"], mp3: \"aHR0cDovL3BhaXR1bmVzLmNvbS9pbWFnZXMvc3Rvcmllcy9hdWRpby9YaWxfUmlvc19Tb25fZGFfYWxtYS8wMyBVbmlkYSBhIG1pbi5tcDM=\", counterpart:\"\", artist: \"\", image: \"true\", imgurl: \"\" },\n\t{ name: \"04 Maruxa baila conmigo\", formats: [\"mp3\"], mp3: \"aHR0cDovL3BhaXR1bmVzLmNvbS9pbWFnZXMvc3Rvcmllcy9hdWRpby9YaWxfUmlvc19Tb25fZGFfYWxtYS8wNCBNYXJ1eGEgYmFpbGEgY29ubWlnby5tcDM=\", counterpart:\"\", artist: \"\", image: \"true\", imgurl: \"\" },\n\t{ name: \"05 O baile levase dentro\", formats: [\"mp3\"], mp3: \"aHR0cDovL3BhaXR1bmVzLmNvbS9pbWFnZXMvc3Rvcmllcy9hdWRpby9YaWxfUmlvc19Tb25fZGFfYWxtYS8wNSBPIGJhaWxlIGxldmFzZSBkZW50cm8ubXAz\", counterpart:\"\", artist: \"\", image: \"true\", imgurl: \"\" },\n\t{ name: \"06 Mama quero ter \", formats: [\"mp3\"], mp3: \"aHR0cDovL3BhaXR1bmVzLmNvbS9pbWFnZXMvc3Rvcmllcy9hdWRpby9YaWxfUmlvc19Tb25fZGFfYWxtYS8wNiBNYW1hIHF1ZXJvIHRlciAubXAz\", counterpart:\"\", artist: \"\", image: \"true\", imgurl: \"\" },\n\t{ name: \"07 O bodegon da Maria\", formats: [\"mp3\"], mp3: \"aHR0cDovL3BhaXR1bmVzLmNvbS9pbWFnZXMvc3Rvcmllcy9hdWRpby9YaWxfUmlvc19Tb25fZGFfYWxtYS8wNyBPIGJvZGVnb24gZGEgTWFyaWEubXAz\", counterpart:\"\", artist: \"\", image: \"true\", imgurl: \"\" },\n\t{ name: \"08 O meu barquin\u0303o veleiro\", formats: [\"mp3\"], mp3: \"aHR0cDovL3BhaXR1bmVzLmNvbS9pbWFnZXMvc3Rvcmllcy9hdWRpby9YaWxfUmlvc19Tb25fZGFfYWxtYS8wOCBPIG1ldSBiYXJxdWluzINvIHZlbGVpcm8ubXAz\", counterpart:\"\", artist: \"\", image: \"true\", imgurl: \"\" },\n\t{ name: \"09 Tumba Maria\", formats: [\"mp3\"], mp3: \"aHR0cDovL3BhaXR1bmVzLmNvbS9pbWFnZXMvc3Rvcmllcy9hdWRpby9YaWxfUmlvc19Tb25fZGFfYWxtYS8wOSBUdW1iYSBNYXJpYS5tcDM=\", counterpart:\"\", artist: \"\", image: \"true\", imgurl: \"\" },\n\t{ name: \"10 Cantareira\", formats: [\"mp3\"], mp3: \"aHR0cDovL3BhaXR1bmVzLmNvbS9pbWFnZXMvc3Rvcmllcy9hdWRpby9YaWxfUmlvc19Tb25fZGFfYWxtYS8xMCBDYW50YXJlaXJhLm1wMw==\", counterpart:\"\", artist: \"\", image: \"true\", imgurl: \"\" }\n];\n<\/script>\n\n<script>MP3jPLAYERS[1] = { list:MP3jPLAYLISTS.MI_1, tr:0, type:'MI', lstate:true, loop:false, play_txt:'Play', pause_txt:'Pause', pp_title:'Paitunes', autoplay:false, download:false, vol:100, height:120, cssclass:'nostop flip ', popout_css:{ enabled:true, \t\t\tcolours: [\"#f0f0f0\", \"rgba(0, 0, 0, 0.18)\", \"rgba(167, 167, 167, 0.55)\", \"rgba(49, 49, 49, 0.64)\", \"rgba(0, 180, 37, 0.91)\", \"#d3d3d3\", \"#d8d8d8\", \"#3d3232\", \"#262120\", \"#262120\", \"#11912b\", \"\", 400, 600 ],\n\t\t\tcssInterface: { \"color\": \"#3d3232\" },\n\t\t\tcssTitle: { \"left\": \"36px\", \"right\":\"36px\", \"top\":\"30px\" },\n\t\t\tcssImage: { \"overflow\": \"false\", \"width\":\"auto\", \"height\":\"120px\"  },\n\t\t\tcssFontSize: { \"title\": \"22px\", \"caption\": \"15.4px\", \"list\": \"18px\" },\n\t\t\tclasses: { interface:'', title:' right-mjp bold-mjp plain-mjp childNorm-mjp childItalic-mjp', image:' Himg left-mjp', poscol:' soften-mjp', ul:' childNorm-mjp childPlain-mjp left-mjp' }} };<\/script>\n\n\n<p><iframe loading=\"lazy\" src=\"https:\/\/player.vimeo.com\/video\/10747668\" width=\"980\" height=\"551\" frameborder=\"0\" title=\"Xil Rios - Entrevista\" webkitallowfullscreen mozallowfullscreen allowfullscreen><\/iframe><\/p>\n<p><iframe loading=\"lazy\" src=\"https:\/\/player.vimeo.com\/video\/10751486\" width=\"980\" height=\"551\" frameborder=\"0\" title=\"Xil Rios - Xa caer&aacute;\" webkitallowfullscreen mozallowfullscreen allowfullscreen><\/iframe><\/p>","protected":false},"excerpt":{"rendered":"<p>O vix\u00e9simo s\u00e9timo traballo discogr\u00e1fico de Xil R\u00edos chega baixo o t\u00edtulo de \u201cSon da Alma\u201d. Un disco ideado para aportarnos \u00f3s galegos un punto de ledicia nestes tempos de tristura que atravesamos.<\/p>\n","protected":false},"featured_media":151,"comment_status":"open","ping_status":"closed","template":"","meta":[],"product_brand":[],"product_cat":[6],"product_tag":[],"class_list":{"0":"post-148","1":"product","2":"type-product","3":"status-publish","4":"has-post-thumbnail","6":"product_cat-solistas","7":"pa_formato-cdmp3-2","8":"pa_formato-mp3","10":"first","11":"instock","12":"taxable","13":"shipping-taxable","14":"purchasable","15":"product-type-variable"},"_links":{"self":[{"href":"https:\/\/paitunes.com\/gl\/wp-json\/wp\/v2\/product\/148","targetHints":{"allow":["GET"]}}],"collection":[{"href":"https:\/\/paitunes.com\/gl\/wp-json\/wp\/v2\/product"}],"about":[{"href":"https:\/\/paitunes.com\/gl\/wp-json\/wp\/v2\/types\/product"}],"replies":[{"embeddable":true,"href":"https:\/\/paitunes.com\/gl\/wp-json\/wp\/v2\/comments?post=148"}],"wp:featuredmedia":[{"embeddable":true,"href":"https:\/\/paitunes.com\/gl\/wp-json\/wp\/v2\/media\/151"}],"wp:attachment":[{"href":"https:\/\/paitunes.com\/gl\/wp-json\/wp\/v2\/media?parent=148"}],"wp:term":[{"taxonomy":"product_brand","embeddable":true,"href":"https:\/\/paitunes.com\/gl\/wp-json\/wp\/v2\/product_brand?post=148"},{"taxonomy":"product_cat","embeddable":true,"href":"https:\/\/paitunes.com\/gl\/wp-json\/wp\/v2\/product_cat?post=148"},{"taxonomy":"product_tag","embeddable":true,"href":"https:\/\/paitunes.com\/gl\/wp-json\/wp\/v2\/product_tag?post=148"}],"curies":[{"name":"wp","href":"https:\/\/api.w.org\/{rel}","templated":true}]}}