{"id":152,"date":"2015-09-04T12:23:32","date_gmt":"2015-09-04T12:23:32","guid":{"rendered":"http:\/\/paitunes.com\/producto\/batuko-tabanka-djunta-mo\/"},"modified":"2024-09-07T15:19:55","modified_gmt":"2024-09-07T13:19:55","slug":"batuko-tabanka-djunta-mo","status":"publish","type":"product","link":"https:\/\/paitunes.com\/gl\/tienda\/batuko-tabanka-djunta-mo\/","title":{"rendered":"Batuko Tabanka &#8211; Djunta m\u00f4"},"content":{"rendered":"<p><strong>Un traballo que emana emoci\u00f3n e morri\u00f1a polos catro costados.<\/strong><br \/>\n<strong>Un di\u00e1logo e fusi\u00f3n de d\u00faas culturas, Galicia e Cabo Verde.<\/strong><\/p>\n<p>&#8220;Djunta m\u00f4&#8221; \u00e9 un proxecto que se remonta ao ano 2006, cando PAI M\u00fasica co\u00f1ece e escoita por primeira vez \u00e1s Batuko Tabanka grazas ao interese da produtora Abada de iniciar un proxecto discogr\u00e1fico conxunto con este grupo de mulleres caboverdianas asentadas desde principios dos anos 70 no pobo mari\u00f1eiro de Burela, na costa lucense galega.<\/p>\n<p>As\u00ed foi como emprendemos esta viaxe xuntos, e nunca mellor devandito, xa que parte da gravaci\u00f3n realizouse en Cabo Verde, cos m\u00fasicos e cantantes m\u00e1is representativos do panorama musical deste pa\u00eds africano.<br \/>\nO ritmo das &#8220;batukadeiras&#8221;, ten un pasado ligado \u00e1 m\u00fasica tradicional que fac\u00edan os escravos en Cabo Verde. Antes batendo no peito, e agora batendo nunha saca de coiro colocada entre as pernas que recibe o nome de &#8220;batuko&#8221;.<br \/>\nA integraci\u00f3n destes ritmos africanos coa m\u00fasica galega fusi\u00f3nanse dunha maneira natural, xa que sorprendentemente descubrimos que os seus ritmos ternarios eran moi parecidos aos da xotas galegas, e as canci\u00f3ns lembraban \u00e1s que cantan as pandeireteiras galegas no tocante a que existe unha &#8220;sacadora&#8221; \u00e1 que se lle suma o resto de compa\u00f1eiras repetindo a mesma frase.<\/p>\n<p>Con todos estes ingredentes musicais, PAI M\u00fasica presenta &#8220;Djunta m\u00f4&#8221;, unha expresi\u00f3n &#8220;crioula&#8221; que significa &#8220;botar unha man&#8221;, &#8220;axudar entre todos&#8221;. Esta \u00e9 a expresi\u00f3n que define o esp\u00edrito deste traballo que emana emoci\u00f3n e morri\u00f1a polos catro custados; un verdadeiro &#8220;djunta m\u00f4&#8221; de integraci\u00f3n, fusi\u00f3n, di\u00e1logo, diversidade e respecto entre d\u00faas culturas. Un disco que contou coa colaboraci\u00f3n de m\u00fasicos e artistas galegos, estreme\u00f1os, cabovedianos, portugueses e brasileiros.<\/p>\n<p>Un CD con doce temas e un DVD que recolle: un concerto en Cabo Verde, v\u00eddeo clips e unha reportaxe de como se realizou todo este traballo. Todo recollido nun libro ilustrado coas fotograf\u00edas de Cabo Verde de Xulio Villarino, compa\u00f1eiro tam\u00e9n nesta viaxe, e as letras das canci\u00f3ns en &#8220;crioulo&#8221; traducidas ao portugu\u00e9s, galego e castel\u00e1n.<br \/>\nUn disco imprescindible para engrosar calquera colecci\u00f3n de &#8220;world music&#8221; que se precie.<\/p>\n<p><strong>Ficha t\u00e9cnica<\/strong><\/p>\n<p>M\u00fasicos e artistas participantes neste disco:<\/p>\n<ul>\n<li>GALICIA: Xos\u00e9 Manuel Budi\u00f1o, Ux\u00eda, Mercedes Pe\u00f3n, Rodrigo Roman\u00ed, Xos\u00e9 Liz, Antonio Por do Sol, Fernando Abreu, Isaac Palac\u00edn, Lola de Ribeira, Treixadura (Pablo Ces, Paulo Nogueira e Xaqu\u00edn Xesteira) e Segundo Grand\u00edo.<\/li>\n<li>EXTREMADURA: Luis Pastor<\/li>\n<li>CABO VERDE: Tcheka, Vitori Nha Vivinha, N\u00e1cia Gomes, Nho Nanu, DJ Asaias, Manel Di Tilinha, Ntoni Dente D\u00b4Oro, Jon Luz, o fillo de Vitori, Xisto Almeida, Vad\u00fa e Agostinho<\/li>\n<li>PORTUGAL: Augusto Canario<\/li>\n<li>BRASIL: Sergio Tannus<\/li>\n<\/ul>\n\n <div id=\"wrapperMI_1\" class=\"wrap-mjp nostop flip \" style=\"position: relative; padding:5px 0px 30px 0px; margin:0px; width:100%;\">\n\t<div style=\"display:none;\" class=\"Eabove-mjp\" id=\"Eabove-mjp_1\"><\/div>\n\t <div class=\"subwrap-MI\">\n\t\t <div class=\"jp-innerwrap\">\n\t\t\t <div class=\"innerx\"><\/div>\n\t\t\t <div class=\"innerleft\"><\/div>\n\t\t\t <div class=\"innerright\"><\/div>\n\t\t\t <div class=\"innertab\"><\/div>\n\t\t\t <div class=\"interface-mjp\" style=\"height:120px;\" id=\"interfaceMI_1\">\n\t\t\t\t <div class=\"MI-image Himg left-mjp\" id=\"MI_image_1\" style=\" width:auto; height:120px; overflow:false;\"><\/div>\n\t\t\t\t <div id=\"T_mp3j_1\" class=\"player-track-title right-mjp bold-mjp plain-mjp childNorm-mjp childItalic-mjp\" style=\"left:36px; right:36px;  top:30px;\"><\/div>\n\t\t\t\t <div class=\"bars_holder\">\n\t\t\t\t\t <div class=\"loadMI_mp3j\" id=\"load_mp3j_1\"><\/div>\n\t\t\t\t\t <div class=\"poscolMI_mp3j soften-mjp\" id=\"poscol_mp3j_1\"><\/div>\n\t\t\t\t\t <div class=\"posbarMI_mp3j\" id=\"posbar_mp3j_1\"><\/div>\n\t\t\t\t <\/div>\n\t\t\t\t <div id=\"P-Time-MI_1\" class=\"jp-play-time\"><\/div>\n\t\t\t\t <div id=\"T-Time-MI_1\" class=\"jp-total-time\"><\/div>\n\t\t\t\t <div id=\"statusMI_1\" class=\"statusMI\"><\/div>\n\t\t\t\t <div class=\"transport-MI\"><div class=\"play-mjp\" id=\"playpause_mp3j_1\">Play<\/div><div class=\"stop-mjp\" id=\"stop_mp3j_1\">Stop<\/div><div class=\"next-mjp\" id=\"Next_mp3j_1\">Next&raquo;<\/div><div class=\"prev-mjp\" id=\"Prev_mp3j_1\">&laquo;Prev<\/div><\/div>\n\t\t\t\t <div class=\"buttons-wrap-mjp\" id=\"buttons-wrap-mjp_1\">\n\t\t\t\t\t <div class=\"playlist-toggle-MI\" id=\"playlist-toggle_1\">HIDE PLAYLIST<\/div>\n\t\t\t\t\t <div class=\"mp3j-popout-MI\" id=\"lpp_mp3j_1\" style=\"\"><\/div>\n\t\t\t\t\t \n\t\t\t\t <\/div>\n\t\t\t <\/div>\n\t\t\t <div class=\"mjp-volwrap\">\n\t\t\t\t <div class=\"MIsliderVolume\" id=\"vol_mp3j_1\"><\/div>\n\t\t\t\t <div class=\"innerExt1\" id=\"innerExt1_1\"><\/div>\n\t\t\t\t <div class=\"innerExt2\" id=\"innerExt2_1\"><\/div>\n\t\t\t <\/div>\n\t\t <\/div>\n\t\t <div style=\"display:none;\" class=\"Ebetween-mjp\" id=\"Ebetween-mjp_1\"><\/div>\n\t\t <div class=\"listwrap_mp3j\" id=\"L_mp3j_1\" style=\"overflow:auto; max-height:450px;\"><div class=\"wrapper-mjp\"><div class=\"playlist-colour\"><\/div><div class=\"wrapper-mjp\"><ul class=\"ul-mjp childNorm-mjp childPlain-mjp left-mjp\" id=\"UL_mp3j_1\"><li><\/li><\/ul><\/div><\/div><\/div>\n\t <\/div>\n\t <div id=\"mp3j_finfo_1\" class=\"mp3j-finfo\" style=\"display:none;\"><div class=\"mp3j-finfo-sleeve\"><div id=\"mp3j_finfo_gif_1\" class=\"mp3j-finfo-gif\"><\/div><div id=\"mp3j_finfo_txt_1\" class=\"mp3j-finfo-txt\"><\/div><div class=\"mp3j-finfo-close\" id=\"mp3j_finfo_close_1\">X<\/div><\/div><\/div><div id=\"mp3j_dlf_1\" class=\"mp3j-dlframe\" style=\"display:none;\"><\/div>\n\t <div class=\"mp3j-nosolution\" id=\"mp3j_nosolution_1\" style=\"display:none;\"><\/div>\n\t <div style=\"display:none;\" class=\"Ebelow-mjp\" id=\"Ebelow-mjp_1\"><\/div>\n <\/div> \n<script>\nMP3jPLAYLISTS.MI_1 = [\n\t{ name: \"01 N decha nha amiga ku mininu\", formats: [\"mp3\"], mp3: \"aHR0cDovL3BhaXR1bmVzLmNvbS9pbWFnZXMvc3Rvcmllcy9hdWRpby9CYXR1a29fVGFiYW5rYS8wMSBOIGRlY2hhIG5oYSBhbWlnYSBrdSBtaW5pbnUubXAz\", counterpart:\"\", artist: \"\", image: \"true\", imgurl: \"\" },\n\t{ name: \"02 Cumpra vistu\", formats: [\"mp3\"], mp3: \"aHR0cDovL3BhaXR1bmVzLmNvbS9pbWFnZXMvc3Rvcmllcy9hdWRpby9CYXR1a29fVGFiYW5rYS8wMiBDdW1wcmEgdmlzdHUubXAz\", counterpart:\"\", artist: \"\", image: \"true\", imgurl: \"\" },\n\t{ name: \"03 Brinca Kumi\", formats: [\"mp3\"], mp3: \"aHR0cDovL3BhaXR1bmVzLmNvbS9pbWFnZXMvc3Rvcmllcy9hdWRpby9CYXR1a29fVGFiYW5rYS8wMyBCcmluY2EgS3VtaS5tcDM=\", counterpart:\"\", artist: \"\", image: \"true\", imgurl: \"\" },\n\t{ name: \"04 Qui dia nta tchigala\", formats: [\"mp3\"], mp3: \"aHR0cDovL3BhaXR1bmVzLmNvbS9pbWFnZXMvc3Rvcmllcy9hdWRpby9CYXR1a29fVGFiYW5rYS8wNCBRdWkgZGlhIG50YSB0Y2hpZ2FsYS5tcDM=\", counterpart:\"\", artist: \"\", image: \"true\", imgurl: \"\" },\n\t{ name: \"05 Nos nuben di txon di Espanha\", formats: [\"mp3\"], mp3: \"aHR0cDovL3BhaXR1bmVzLmNvbS9pbWFnZXMvc3Rvcmllcy9hdWRpby9CYXR1a29fVGFiYW5rYS8wNSBOb3MgbnViZW4gZGkgdHhvbiBkaSBFc3BhbmhhLm1wMw==\", counterpart:\"\", artist: \"\", image: \"true\", imgurl: \"\" },\n\t{ name: \"06 Nos na Burela\", formats: [\"mp3\"], mp3: \"aHR0cDovL3BhaXR1bmVzLmNvbS9pbWFnZXMvc3Rvcmllcy9hdWRpby9CYXR1a29fVGFiYW5rYS8wNiBOb3MgbmEgQnVyZWxhLm1wMw==\", counterpart:\"\", artist: \"\", image: \"true\", imgurl: \"\" },\n\t{ name: \"07 Dia 29\", formats: [\"mp3\"], mp3: \"aHR0cDovL3BhaXR1bmVzLmNvbS9pbWFnZXMvc3Rvcmllcy9hdWRpby9CYXR1a29fVGFiYW5rYS8wNyBEaWEgMjkubXAz\", counterpart:\"\", artist: \"\", image: \"true\", imgurl: \"\" },\n\t{ name: \"08 Finac\u0327om\", formats: [\"mp3\"], mp3: \"aHR0cDovL3BhaXR1bmVzLmNvbS9pbWFnZXMvc3Rvcmllcy9hdWRpby9CYXR1a29fVGFiYW5rYS8wOCBGaW5hY8ynb20ubXAz\", counterpart:\"\", artist: \"\", image: \"true\", imgurl: \"\" },\n\t{ name: \"09 Nha maridu\", formats: [\"mp3\"], mp3: \"aHR0cDovL3BhaXR1bmVzLmNvbS9pbWFnZXMvc3Rvcmllcy9hdWRpby9CYXR1a29fVGFiYW5rYS8wOSBOaGEgbWFyaWR1Lm1wMw==\", counterpart:\"\", artist: \"\", image: \"true\", imgurl: \"\" },\n\t{ name: \"10 Controlo\", formats: [\"mp3\"], mp3: \"aHR0cDovL3BhaXR1bmVzLmNvbS9pbWFnZXMvc3Rvcmllcy9hdWRpby9CYXR1a29fVGFiYW5rYS8xMCBDb250cm9sby5tcDM=\", counterpart:\"\", artist: \"\", image: \"true\", imgurl: \"\" },\n\t{ name: \"11 Carlos Veiga \", formats: [\"mp3\"], mp3: \"aHR0cDovL3BhaXR1bmVzLmNvbS9pbWFnZXMvc3Rvcmllcy9hdWRpby9CYXR1a29fVGFiYW5rYS8xMSBDYXJsb3MgVmVpZ2EgLm1wMw==\", counterpart:\"\", artist: \"\", image: \"true\", imgurl: \"\" },\n\t{ name: \"12 Cabo Verde e bonitu\", formats: [\"mp3\"], mp3: \"aHR0cDovL3BhaXR1bmVzLmNvbS9pbWFnZXMvc3Rvcmllcy9hdWRpby9CYXR1a29fVGFiYW5rYS8xMiBDYWJvIFZlcmRlIGUgYm9uaXR1Lm1wMw==\", counterpart:\"\", artist: \"\", image: \"true\", imgurl: \"\" }\n];\n<\/script>\n\n<script>MP3jPLAYERS[1] = { list:MP3jPLAYLISTS.MI_1, tr:0, type:'MI', lstate:true, loop:false, play_txt:'Play', pause_txt:'Pause', pp_title:'Paitunes', autoplay:false, download:false, vol:100, height:120, cssclass:'nostop flip ', popout_css:{ enabled:true, \t\t\tcolours: [\"#f0f0f0\", \"rgba(0, 0, 0, 0.18)\", \"rgba(167, 167, 167, 0.55)\", \"rgba(49, 49, 49, 0.64)\", \"rgba(0, 180, 37, 0.91)\", \"#d3d3d3\", \"#d8d8d8\", \"#3d3232\", \"#262120\", \"#262120\", \"#11912b\", \"\", 400, 600 ],\n\t\t\tcssInterface: { \"color\": \"#3d3232\" },\n\t\t\tcssTitle: { \"left\": \"36px\", \"right\":\"36px\", \"top\":\"30px\" },\n\t\t\tcssImage: { \"overflow\": \"false\", \"width\":\"auto\", \"height\":\"120px\"  },\n\t\t\tcssFontSize: { \"title\": \"22px\", \"caption\": \"15.4px\", \"list\": \"18px\" },\n\t\t\tclasses: { interface:'', title:' right-mjp bold-mjp plain-mjp childNorm-mjp childItalic-mjp', image:' Himg left-mjp', poscol:' soften-mjp', ul:' childNorm-mjp childPlain-mjp left-mjp' }} };<\/script>\n\n\n<p><iframe loading=\"lazy\" width=\"980\" height=\"551\" src=\"https:\/\/www.youtube.com\/embed\/efmP5hEwWBA?feature=oembed\" frameborder=\"0\" allowfullscreen><\/iframe><\/p>","protected":false},"excerpt":{"rendered":"<p><strong>Un traballo que emana emoci\u00f3n e morri\u00f1a polos catro costados.<\/strong><br \/>\n<strong>Un di\u00e1logo e fusi\u00f3n de d\u00faas culturas, Galicia e Cabo Verde.<\/strong><\/p>\n<p>&#8220;Djunta m\u00f4&#8221; \u00e9 un proxecto que se remonta ao ano 2006, cando PAI M\u00fasica co\u00f1ece e escoita por primeira vez \u00e1s Batuko Tabanka grazas ao interese da produtora Abada de iniciar un proxecto discogr\u00e1fico conxunto con este grupo de mulleres caboverdianas asentadas desde principios dos anos 70 no pobo mari\u00f1eiro de Burela, na costa lucense galega.<\/p>\n","protected":false},"featured_media":155,"comment_status":"closed","ping_status":"closed","template":"","meta":[],"product_brand":[],"product_cat":[30,17],"product_tag":[],"class_list":{"0":"post-152","1":"product","2":"type-product","3":"status-publish","4":"has-post-thumbnail","6":"product_cat-liquidacion","7":"product_cat-tradicional-world","8":"product_shipping_class-envio-liquidacion","9":"pa_formato-libro-cddvd","10":"pa_formato-mp3-descargable","12":"first","13":"instock","14":"sale","15":"taxable","16":"shipping-taxable","17":"purchasable","18":"product-type-variable","19":"has-default-attributes"},"_links":{"self":[{"href":"https:\/\/paitunes.com\/gl\/wp-json\/wp\/v2\/product\/152","targetHints":{"allow":["GET"]}}],"collection":[{"href":"https:\/\/paitunes.com\/gl\/wp-json\/wp\/v2\/product"}],"about":[{"href":"https:\/\/paitunes.com\/gl\/wp-json\/wp\/v2\/types\/product"}],"replies":[{"embeddable":true,"href":"https:\/\/paitunes.com\/gl\/wp-json\/wp\/v2\/comments?post=152"}],"wp:featuredmedia":[{"embeddable":true,"href":"https:\/\/paitunes.com\/gl\/wp-json\/wp\/v2\/media\/155"}],"wp:attachment":[{"href":"https:\/\/paitunes.com\/gl\/wp-json\/wp\/v2\/media?parent=152"}],"wp:term":[{"taxonomy":"product_brand","embeddable":true,"href":"https:\/\/paitunes.com\/gl\/wp-json\/wp\/v2\/product_brand?post=152"},{"taxonomy":"product_cat","embeddable":true,"href":"https:\/\/paitunes.com\/gl\/wp-json\/wp\/v2\/product_cat?post=152"},{"taxonomy":"product_tag","embeddable":true,"href":"https:\/\/paitunes.com\/gl\/wp-json\/wp\/v2\/product_tag?post=152"}],"curies":[{"name":"wp","href":"https:\/\/api.w.org\/{rel}","templated":true}]}}