{"id":156,"date":"2015-09-04T12:27:49","date_gmt":"2015-09-04T12:27:49","guid":{"rendered":"http:\/\/paitunes.com\/producto\/branas-folk-alala-do-cebreiro\/"},"modified":"2019-12-19T00:11:43","modified_gmt":"2019-12-18T23:11:43","slug":"branas-folk-alala-do-cebreiro","status":"publish","type":"product","link":"https:\/\/paitunes.com\/gl\/tienda\/branas-folk-alala-do-cebreiro\/","title":{"rendered":"Bra\u00f1as Folk &#8211; Alal\u00e1 do Cebreiro"},"content":{"rendered":"<p>&#8221;Alal\u00e1 do Cebreiro&#8221; (2009 PAI M\u00fasica). Baixo este titulo xen\u00e9rico sae a luz o segundo traballo discogr\u00e1fico de Bra\u00f1as Folk, agrupaci\u00f3n liderada por Manuel Bra\u00f1as desde o ano 2002 e despois da sua andadura coa c\u00e9lebre agrupaci\u00f3n &#8220;Arco da Vella&#8221;; part\u00edcipe xunto aos grandes nomes da m\u00fasica galega do que foi o auxe da m\u00fasica folk en Galicia al\u00f3 polos anos oitenta.<\/p>\n<p>Con &#8220;Alal\u00e1 do Cebreiro&#8221; atop\u00e1monos cun traballo musical aberto, como se se tratase da mesma porta que d\u00e1 entrada a unha Galicia chea de tradici\u00f3n e cultura, e receptiva do que por ela entra.<\/p>\n<p>Un disco que cont\u00e9n o folk entendido do xeito mais tradicional como o pr\u00f3pia peza que d\u00e1 nome o traballo Alal\u00e1 do Cebreiro. O medievo musical galego tam\u00e9n est\u00e1 presente neste disco co tema &#8220;Canto das Chirim\u00edas da Catedral de Santiago&#8221; interpretada pola laureada &#8220;Coral de Ruada&#8221; onde reviven as chirim\u00edas e o organistrum, instrumento do P\u00f3rtico da Gloria. As composici\u00f3ns de autor tam\u00e9n te\u00f1en un oco neste traballo, musicando poemas de Rosal\u00eda de Castro e Ram\u00f3n Cabanillas.<\/p>\n<p>&#8220;Alal\u00e1 do Cebreiro&#8221; recolle tam\u00e9n pezas con ritmos for\u00e1neos que xa forman parte do noso sentir musical. E como non pod\u00eda faltar en terras ourensans, unha banda de gaitas, a Banda de Gaitas de O Barco, acompa\u00f1an ao grupo no peche, o que pretende ser un disco homenaxe ao legado da cultura galega arroupado coas singulares e marabillosas voces femininas galegas de Ux\u00eda Senlle, Sonia Lebedisnski, Laura Amado e M\u00f3nica de Nut.<\/p>\n\n <div id=\"wrapperMI_1\" class=\"wrap-mjp nostop flip \" style=\"position: relative; padding:5px 0px 30px 0px; margin:0px; width:100%;\">\n\t<div style=\"display:none;\" class=\"Eabove-mjp\" id=\"Eabove-mjp_1\"><\/div>\n\t <div class=\"subwrap-MI\">\n\t\t <div class=\"jp-innerwrap\">\n\t\t\t <div class=\"innerx\"><\/div>\n\t\t\t <div class=\"innerleft\"><\/div>\n\t\t\t <div class=\"innerright\"><\/div>\n\t\t\t <div class=\"innertab\"><\/div>\n\t\t\t <div class=\"interface-mjp\" style=\"height:120px;\" id=\"interfaceMI_1\">\n\t\t\t\t <div class=\"MI-image Himg left-mjp\" id=\"MI_image_1\" style=\" width:auto; height:120px; overflow:false;\"><\/div>\n\t\t\t\t <div id=\"T_mp3j_1\" class=\"player-track-title right-mjp bold-mjp plain-mjp childNorm-mjp childItalic-mjp\" style=\"left:36px; right:36px;  top:30px;\"><\/div>\n\t\t\t\t <div class=\"bars_holder\">\n\t\t\t\t\t <div class=\"loadMI_mp3j\" id=\"load_mp3j_1\"><\/div>\n\t\t\t\t\t <div class=\"poscolMI_mp3j soften-mjp\" id=\"poscol_mp3j_1\"><\/div>\n\t\t\t\t\t <div class=\"posbarMI_mp3j\" id=\"posbar_mp3j_1\"><\/div>\n\t\t\t\t <\/div>\n\t\t\t\t <div id=\"P-Time-MI_1\" class=\"jp-play-time\"><\/div>\n\t\t\t\t <div id=\"T-Time-MI_1\" class=\"jp-total-time\"><\/div>\n\t\t\t\t <div id=\"statusMI_1\" class=\"statusMI\"><\/div>\n\t\t\t\t <div class=\"transport-MI\"><div class=\"play-mjp\" id=\"playpause_mp3j_1\">Play<\/div><div class=\"stop-mjp\" id=\"stop_mp3j_1\">Stop<\/div><div class=\"next-mjp\" id=\"Next_mp3j_1\">Next&raquo;<\/div><div class=\"prev-mjp\" id=\"Prev_mp3j_1\">&laquo;Prev<\/div><\/div>\n\t\t\t\t <div class=\"buttons-wrap-mjp\" id=\"buttons-wrap-mjp_1\">\n\t\t\t\t\t <div class=\"playlist-toggle-MI\" id=\"playlist-toggle_1\">HIDE PLAYLIST<\/div>\n\t\t\t\t\t <div class=\"mp3j-popout-MI\" id=\"lpp_mp3j_1\" style=\"\"><\/div>\n\t\t\t\t\t \n\t\t\t\t <\/div>\n\t\t\t <\/div>\n\t\t\t <div class=\"mjp-volwrap\">\n\t\t\t\t <div class=\"MIsliderVolume\" id=\"vol_mp3j_1\"><\/div>\n\t\t\t\t <div class=\"innerExt1\" id=\"innerExt1_1\"><\/div>\n\t\t\t\t <div class=\"innerExt2\" id=\"innerExt2_1\"><\/div>\n\t\t\t <\/div>\n\t\t <\/div>\n\t\t <div style=\"display:none;\" class=\"Ebetween-mjp\" id=\"Ebetween-mjp_1\"><\/div>\n\t\t <div class=\"listwrap_mp3j\" id=\"L_mp3j_1\" style=\"overflow:auto; max-height:450px;\"><div class=\"wrapper-mjp\"><div class=\"playlist-colour\"><\/div><div class=\"wrapper-mjp\"><ul class=\"ul-mjp childNorm-mjp childPlain-mjp left-mjp\" id=\"UL_mp3j_1\"><li><\/li><\/ul><\/div><\/div><\/div>\n\t <\/div>\n\t <div id=\"mp3j_finfo_1\" class=\"mp3j-finfo\" style=\"display:none;\"><div class=\"mp3j-finfo-sleeve\"><div id=\"mp3j_finfo_gif_1\" class=\"mp3j-finfo-gif\"><\/div><div id=\"mp3j_finfo_txt_1\" class=\"mp3j-finfo-txt\"><\/div><div class=\"mp3j-finfo-close\" id=\"mp3j_finfo_close_1\">X<\/div><\/div><\/div><div id=\"mp3j_dlf_1\" class=\"mp3j-dlframe\" style=\"display:none;\"><\/div>\n\t <div class=\"mp3j-nosolution\" id=\"mp3j_nosolution_1\" style=\"display:none;\"><\/div>\n\t <div style=\"display:none;\" class=\"Ebelow-mjp\" id=\"Ebelow-mjp_1\"><\/div>\n <\/div> \n<script>\nMP3jPLAYLISTS.MI_1 = [\n\t{ name: \"01 Flor De Cardo\", formats: [\"mp3\"], mp3: \"aHR0cDovL3BhaXR1bmVzLmNvbS9pbWFnZXMvc3Rvcmllcy9hdWRpby9CcmFuYXNfRm9sa19BbGFsYV9kb19jZWJyZWlyby8wMSBGbG9yIERlIENhcmRvLm1wMw==\", counterpart:\"\", artist: \"\", image: \"true\", imgurl: \"\" },\n\t{ name: \"02 A Gaita Galega\", formats: [\"mp3\"], mp3: \"aHR0cDovL3BhaXR1bmVzLmNvbS9pbWFnZXMvc3Rvcmllcy9hdWRpby9CcmFuYXNfRm9sa19BbGFsYV9kb19jZWJyZWlyby8wMiBBIEdhaXRhIEdhbGVnYS5tcDM=\", counterpart:\"\", artist: \"\", image: \"true\", imgurl: \"\" },\n\t{ name: \"03 Alala Do Cebreiro\", formats: [\"mp3\"], mp3: \"aHR0cDovL3BhaXR1bmVzLmNvbS9pbWFnZXMvc3Rvcmllcy9hdWRpby9CcmFuYXNfRm9sa19BbGFsYV9kb19jZWJyZWlyby8wMyBBbGFsYSBEbyBDZWJyZWlyby5tcDM=\", counterpart:\"\", artist: \"\", image: \"true\", imgurl: \"\" },\n\t{ name: \"04 Rumba De Laroa\", formats: [\"mp3\"], mp3: \"aHR0cDovL3BhaXR1bmVzLmNvbS9pbWFnZXMvc3Rvcmllcy9hdWRpby9CcmFuYXNfRm9sa19BbGFsYV9kb19jZWJyZWlyby8wNCBSdW1iYSBEZSBMYXJvYS5tcDM=\", counterpart:\"\", artist: \"\", image: \"true\", imgurl: \"\" },\n\t{ name: \"05 Canto Das Chirimias Da Catedral De Santiago\", formats: [\"mp3\"], mp3: \"aHR0cDovL3BhaXR1bmVzLmNvbS9pbWFnZXMvc3Rvcmllcy9hdWRpby9CcmFuYXNfRm9sa19BbGFsYV9kb19jZWJyZWlyby8wNSBDYW50byBEYXMgQ2hpcmltaWFzIERhIENhdGVkcmFsIERlIFNhbnRpYWdvLm1wMw==\", counterpart:\"\", artist: \"\", image: \"true\", imgurl: \"\" },\n\t{ name: \"06 Giga De Harry\", formats: [\"mp3\"], mp3: \"aHR0cDovL3BhaXR1bmVzLmNvbS9pbWFnZXMvc3Rvcmllcy9hdWRpby9CcmFuYXNfRm9sa19BbGFsYV9kb19jZWJyZWlyby8wNiBHaWdhIERlIEhhcnJ5Lm1wMw==\", counterpart:\"\", artist: \"\", image: \"true\", imgurl: \"\" },\n\t{ name: \"07 Doente De Amor\", formats: [\"mp3\"], mp3: \"aHR0cDovL3BhaXR1bmVzLmNvbS9pbWFnZXMvc3Rvcmllcy9hdWRpby9CcmFuYXNfRm9sa19BbGFsYV9kb19jZWJyZWlyby8wNyBEb2VudGUgRGUgQW1vci5tcDM=\", counterpart:\"\", artist: \"\", image: \"true\", imgurl: \"\" },\n\t{ name: \"08 Pandeirada De Outeiro\", formats: [\"mp3\"], mp3: \"aHR0cDovL3BhaXR1bmVzLmNvbS9pbWFnZXMvc3Rvcmllcy9hdWRpby9CcmFuYXNfRm9sa19BbGFsYV9kb19jZWJyZWlyby8wOCBQYW5kZWlyYWRhIERlIE91dGVpcm8ubXAz\", counterpart:\"\", artist: \"\", image: \"true\", imgurl: \"\" },\n\t{ name: \"09 Mazurca Da Bretona\", formats: [\"mp3\"], mp3: \"aHR0cDovL3BhaXR1bmVzLmNvbS9pbWFnZXMvc3Rvcmllcy9hdWRpby9CcmFuYXNfRm9sa19BbGFsYV9kb19jZWJyZWlyby8wOSBNYXp1cmNhIERhIEJyZXRvbmEubXAz\", counterpart:\"\", artist: \"\", image: \"true\", imgurl: \"\" },\n\t{ name: \"10 Ramblin\", formats: [\"mp3\"], mp3: \"aHR0cDovL3BhaXR1bmVzLmNvbS9pbWFnZXMvc3Rvcmllcy9hdWRpby9CcmFuYXNfRm9sa19BbGFsYV9kb19jZWJyZWlyby8xMCBSYW1ibGluLm1wMw==\", counterpart:\"\", artist: \"\", image: \"true\", imgurl: \"\" },\n\t{ name: \"11 Para Laura\", formats: [\"mp3\"], mp3: \"aHR0cDovL3BhaXR1bmVzLmNvbS9pbWFnZXMvc3Rvcmllcy9hdWRpby9CcmFuYXNfRm9sa19BbGFsYV9kb19jZWJyZWlyby8xMSBQYXJhIExhdXJhLm1wMw==\", counterpart:\"\", artist: \"\", image: \"true\", imgurl: \"\" },\n\t{ name: \"12 Aluveire\", formats: [\"mp3\"], mp3: \"aHR0cDovL3BhaXR1bmVzLmNvbS9pbWFnZXMvc3Rvcmllcy9hdWRpby9CcmFuYXNfRm9sa19BbGFsYV9kb19jZWJyZWlyby8xMiBBbHV2ZWlyZS5tcDM=\", counterpart:\"\", artist: \"\", image: \"true\", imgurl: \"\" }\n];\n<\/script>\n\n<script>MP3jPLAYERS[1] = { list:MP3jPLAYLISTS.MI_1, tr:0, type:'MI', lstate:true, loop:false, play_txt:'Play', pause_txt:'Pause', pp_title:'Paitunes', autoplay:false, download:false, vol:100, height:120, cssclass:'nostop flip ', popout_css:{ enabled:true, \t\t\tcolours: [\"#f0f0f0\", \"rgba(0, 0, 0, 0.18)\", \"rgba(167, 167, 167, 0.55)\", \"rgba(49, 49, 49, 0.64)\", \"rgba(0, 180, 37, 0.91)\", \"#d3d3d3\", \"#d8d8d8\", \"#3d3232\", \"#262120\", \"#262120\", \"#11912b\", \"\", 400, 600 ],\n\t\t\tcssInterface: { \"color\": \"#3d3232\" },\n\t\t\tcssTitle: { \"left\": \"36px\", \"right\":\"36px\", \"top\":\"30px\" },\n\t\t\tcssImage: { \"overflow\": \"false\", \"width\":\"auto\", \"height\":\"120px\"  },\n\t\t\tcssFontSize: { \"title\": \"22px\", \"caption\": \"15.4px\", \"list\": \"18px\" },\n\t\t\tclasses: { interface:'', title:' right-mjp bold-mjp plain-mjp childNorm-mjp childItalic-mjp', image:' Himg left-mjp', poscol:' soften-mjp', ul:' childNorm-mjp childPlain-mjp left-mjp' }} };<\/script>\n\n\n<p><iframe loading=\"lazy\" width=\"980\" height=\"551\" src=\"https:\/\/www.youtube.com\/embed\/kBS4MiY2sek?feature=oembed\" frameborder=\"0\" allow=\"autoplay; encrypted-media\" allowfullscreen><\/iframe><\/p>","protected":false},"excerpt":{"rendered":"<p>&#8220;Alal\u00e1 do Cebreiro&#8221; (2009 PAI M\u00fasica). Baixo este titulo xen\u00e9rico sae a luz o segundo traballo discogr\u00e1fico de Bra\u00f1as Folk, agrupaci\u00f3n liderada por Manuel Bra\u00f1as desde o ano 2002 e despois da sua andadura coa c\u00e9lebre agrupaci\u00f3n &#8220;Arco da Vella&#8221;; part\u00edcipe xunto aos grandes nomes da m\u00fasica galega do que foi o auxe da m\u00fasica folk en Galicia al\u00f3 polos anos oitenta.o.<\/p>\n","protected":false},"featured_media":159,"comment_status":"open","ping_status":"closed","template":"","meta":[],"product_brand":[],"product_cat":[17],"product_tag":[],"class_list":{"0":"post-156","1":"product","2":"type-product","3":"status-publish","4":"has-post-thumbnail","6":"product_cat-tradicional-world","7":"pa_formato-cdmp3-2","8":"pa_formato-mp3","10":"first","11":"instock","12":"taxable","13":"shipping-taxable","14":"purchasable","15":"product-type-variable"},"_links":{"self":[{"href":"https:\/\/paitunes.com\/gl\/wp-json\/wp\/v2\/product\/156","targetHints":{"allow":["GET"]}}],"collection":[{"href":"https:\/\/paitunes.com\/gl\/wp-json\/wp\/v2\/product"}],"about":[{"href":"https:\/\/paitunes.com\/gl\/wp-json\/wp\/v2\/types\/product"}],"replies":[{"embeddable":true,"href":"https:\/\/paitunes.com\/gl\/wp-json\/wp\/v2\/comments?post=156"}],"wp:featuredmedia":[{"embeddable":true,"href":"https:\/\/paitunes.com\/gl\/wp-json\/wp\/v2\/media\/159"}],"wp:attachment":[{"href":"https:\/\/paitunes.com\/gl\/wp-json\/wp\/v2\/media?parent=156"}],"wp:term":[{"taxonomy":"product_brand","embeddable":true,"href":"https:\/\/paitunes.com\/gl\/wp-json\/wp\/v2\/product_brand?post=156"},{"taxonomy":"product_cat","embeddable":true,"href":"https:\/\/paitunes.com\/gl\/wp-json\/wp\/v2\/product_cat?post=156"},{"taxonomy":"product_tag","embeddable":true,"href":"https:\/\/paitunes.com\/gl\/wp-json\/wp\/v2\/product_tag?post=156"}],"curies":[{"name":"wp","href":"https:\/\/api.w.org\/{rel}","templated":true}]}}