{"id":193,"date":"2015-09-04T14:44:37","date_gmt":"2015-09-04T14:44:37","guid":{"rendered":"http:\/\/paitunes.com\/producto\/milladoiro-a-quinta-das-lagrimas\/"},"modified":"2016-12-15T01:43:51","modified_gmt":"2016-12-15T00:43:51","slug":"milladoiro-a-quinta-das-lagrimas","status":"publish","type":"product","link":"https:\/\/paitunes.com\/gl\/tienda\/milladoiro-a-quinta-das-lagrimas\/","title":{"rendered":"Milladoiro &#8211; A Quinta das L\u00e1grimas"},"content":{"rendered":"<p>Es la banda sonora del alma semejante y distinta que compartimos, Galicia y Portugal. Es un viaje musical por las tierras, los montes, los r\u00edos, el habla, el mar, los ritmos, las tradiciones, la historia, etc, que forman el imaginario que hizo de nosotros dos ramas nacidas de un mismo \u00e1rbol.&#8221;<\/p>\n<p>Tiene es camino su origen e inspiraci\u00f3n en los amores de D. Pedro de Portugal y Do\u00f1a In\u00e9s de Castro, gallega que llegar\u00e1 a ser Reina de Portugal despu\u00e9s de muerta. All\u00ed encontramos la fuente donde nace esta historia que nosotros quer\u00edamos contar como un r\u00edo que juntos nos lleva al mismo mar, y su t\u00edtulo lo encontramos en ese lugar que ten\u00eda escondido su historia de amor y muerte y que di\u00f3 lugar a la hermosa leyenda que es la cuna deste relato musical: A Quinta das L\u00e1grimas.<\/p>\n<p>Recorremos el labertino del medievo de la mano de las Cantigas de &#8220;Santa Mar\u00eda&#8221; de Alfonso X, para despu\u00e9s adentrarnos en la m\u00fasica, en los ritmos nacidos sin fronteras, composiciones de Raia, llevabas por la tradici\u00f3n de orilla a orilla del Mi\u00f1o como el &#8220;Galope de Guistola&#8221; del rico folclore mi\u00f1oto y de dos temas de Tras os Montes y el tema tradiciona gallego &#8220;Foliada de Avi\u00f3n&#8221;.<\/p>\n<p>Cara al oeste, Galicia y Portugal miran ese misterio sin respuesta que es el Atl\u00e1ntico, un mismo horizonte infinito. De ese mar habla Fernando Pessoa en su poema &#8220;Mar Portugu\u00e9s&#8221;, pero hay otro, el que surcarn las mujeres y los hombres en las traves\u00edas, las veces sin retorno, el mar del trabajo, po\u00e9tico y real en el poema de Manoel antonio &#8220;S\u00f3s&#8221;.<\/p>\n<p>Un d\u00eda Portugal se levant\u00f3 lleno de claveles. De aquella \u00e9poca un canto a la nueva era en &#8220;Venham mais cinco&#8221; de Jos\u00e9 Afonso, que nos permitimo versionar. Mientras, desde esta orilla del r\u00edo, Luis E. Batall\u00e1n pon\u00eda hermosa m\u00fasica al poema de \u00c1lvaro Cunqueiro, &#8220;Qu\u00e9n poidera namorala&#8221;, una deja v\u00fa de la l\u00edrica de los trovadores.<\/p>\n<p>Este trabajo pasa a ocupar el n\u00famero 23 de la historia del grupo m\u00e1s representativo y admirado de la m\u00fasica folk de nuestro pa\u00ede.\u00a0 A Quinta das L\u00e1grimas es pues una vuelta a los colores, la belleza y al cuidado exquisito de los trabajos de Milladoiro.<\/p>\n<p>Un disco grabado en los estudios Cormor\u00e1n y en Casa de Tolos y que cuenta con las colaboraciones especiales de las voces femeninas de Laura Amado y de la fadista lisboeta Mafalda Arnauth.<\/p>\n<p>El dise\u00f1o corre nuevamente a cargo de Xose M. Pi\u00f1eiro, otro compa\u00f1ero de viaje de Milladoiro desde &#8220;A Galicia de Maeloc&#8221;.<\/p>","protected":false},"excerpt":{"rendered":"<p>Es la banda sonora del alma semejante y distinta que compartimos, Galicia y Portugal. Es un viaje musical por las tierras, los montes, los r\u00edos, el habla, el mar, los ritmos, las tradiciones, la historia, etc, que forman el imaginario que hizo de nosotros dos ramas nacidas de un mismo \u00e1rbol.&#8221;<\/p>\n","protected":false},"featured_media":192,"comment_status":"open","ping_status":"closed","template":"","meta":[],"product_brand":[],"product_cat":[17],"product_tag":[],"class_list":{"0":"post-193","1":"product","2":"type-product","3":"status-publish","4":"has-post-thumbnail","6":"product_cat-tradicional-world","7":"pa_formato-digipack-cd-dvdmp3","8":"pa_formato-mp3","10":"first","11":"instock","12":"downloadable","13":"virtual","14":"taxable","15":"purchasable","16":"product-type-simple"},"_links":{"self":[{"href":"https:\/\/paitunes.com\/gl\/wp-json\/wp\/v2\/product\/193","targetHints":{"allow":["GET"]}}],"collection":[{"href":"https:\/\/paitunes.com\/gl\/wp-json\/wp\/v2\/product"}],"about":[{"href":"https:\/\/paitunes.com\/gl\/wp-json\/wp\/v2\/types\/product"}],"replies":[{"embeddable":true,"href":"https:\/\/paitunes.com\/gl\/wp-json\/wp\/v2\/comments?post=193"}],"wp:featuredmedia":[{"embeddable":true,"href":"https:\/\/paitunes.com\/gl\/wp-json\/wp\/v2\/media\/192"}],"wp:attachment":[{"href":"https:\/\/paitunes.com\/gl\/wp-json\/wp\/v2\/media?parent=193"}],"wp:term":[{"taxonomy":"product_brand","embeddable":true,"href":"https:\/\/paitunes.com\/gl\/wp-json\/wp\/v2\/product_brand?post=193"},{"taxonomy":"product_cat","embeddable":true,"href":"https:\/\/paitunes.com\/gl\/wp-json\/wp\/v2\/product_cat?post=193"},{"taxonomy":"product_tag","embeddable":true,"href":"https:\/\/paitunes.com\/gl\/wp-json\/wp\/v2\/product_tag?post=193"}],"curies":[{"name":"wp","href":"https:\/\/api.w.org\/{rel}","templated":true}]}}