{"id":208,"date":"2015-09-04T14:57:09","date_gmt":"2015-09-04T14:57:09","guid":{"rendered":"http:\/\/paitunes.com\/producto\/os-terribles-de-donas-pedramoura\/"},"modified":"2016-11-03T11:12:03","modified_gmt":"2016-11-03T10:12:03","slug":"os-terribles-de-donas-pedramoura","status":"publish","type":"product","link":"https:\/\/paitunes.com\/gl\/tienda\/os-terribles-de-donas-pedramoura\/","title":{"rendered":"Os Terribles de Donas &#8211; Pedramoura"},"content":{"rendered":"<p><strong>Os Terribles de Donas presentan o seu segundo disco \u201cPedramoura\u201d<\/strong><\/p>\n<p><strong>tradici\u00f3n e xuventude, modernidade e legado hist\u00f3rico<\/strong><\/p>\n<p><em>Os Terribles de Donas regresan a actualidade musical co seu segundo \u00e1lbum \u201cPedramoura\u201d un traballo que recolle o seu legado musical e presenta novas composici\u00f3ns. Un \u00e1lbum tradicional que Os Terribles presentar\u00e1n a partir do 3 de decembro en Furanchos e espacios tradicionais galegos<\/em><\/p>\n<p>O escoitar o nome de Os Terribles de Donas na memoria de moitos resoan as melod\u00edas daquela charanga que amenizaba, al\u00e1 polos anos 50, toda festa popular que se preciara na comarca do Val Mi\u00f1or e arredores, chegando a actuar tam\u00e9n no norte de Portugal. Esta formaci\u00f3n mantivo a s\u00faa intensa actividade, incluso houbo uns \u201cTerribles\u201d, fruto da emigraci\u00f3n, al\u00e9n da Atl\u00e1ntico, ata mediados dos 60, cando deciden cesar na s\u00faa actividade musical.<\/p>\n<p>Agora, gracias a memoria e tes\u00f3n dos descendentes daqueles primeiros Terribles podemos voltar a gozar da m\u00fasica desta formaci\u00f3n que tanto bailaron os nosos pa\u00eds e av\u00f3s. Dende o 2004 Manuel Antunez, Manolo Sousa, Suso Sousa, Xurxo Ant\u00fanez, Veronica Sousa e Xaime Est\u00e9vez est\u00e1n a traballar na recuperaci\u00f3n do repertorio dos primeiros Terribles. No 2009 sacaron o seu primeiro traballo discogr\u00e1fico, editado por PAI M\u00fasica, \u00a0\u201cAbrollido\u201d, unha magnifica recolecci\u00f3n sonora de 12 temas, acompa\u00f1adas por un libro que nos axuda a co\u00f1ecer a historia dos Terribles.<\/p>\n<p><strong>PEDRAMOURA<\/strong><\/p>\n<p>\u201cPedramoura\u201d, gravado nos estudios de Casa de Tolos (Gondomar) e editado por Pai M\u00fasica, \u00a0\u00e9 o segundo disco desta formaci\u00f3n que cada d\u00eda se esforza por recuperar o seu pasado, gozar do presente e labrar un novo futuro. Unha formaci\u00f3n na que as diferentes xeraci\u00f3ns danse a man para gozar da m\u00fasica tradicional.<\/p>\n<p>\u201cPedramoura\u201d \u00e9 un paso m\u00e1is na recuperaci\u00f3n do legado do patrimonio sonoro e representa a consolidaci\u00f3n de Os Terribles do s\u00e9culo XXI. Un grupo, e non s\u00f3 musical, que segue a recuperar o seu repertorio para unilo as novas melod\u00edas compostas por eles mesmos. Neste traballo atopamos 19 temas que fan un completo percorrido pola m\u00fasica galega. Dende a m\u00e1is co\u00f1ecida mui\u00f1eira, acompa\u00f1ada de\u00a0 foliadas, pasodobles, rumbas e ata algunha polca.<\/p>\n<p>O nome deste \u00e1lbum buscaronno Os Terribles no lugar de Pedra Moura, e o seu castro no Monte da Pinceiras. \u201cFacendo unha homenaxe a un dos lugares m\u00e1is espectaculares e emblem\u00e1ticos do Val Mi\u00f1or\u201d segundo aseguran eles mesmos.\u00a0 Pedramoura viviu a historia de Os Terribles moi de preto, e se al\u00ed foi onde os primeiros Terribles fixeron o seu debut musical, al\u00ed \u00e9 onde Os Terribles do s\u00e9culo XXI buscaron a inspiraci\u00f3n para este segundo traballo. E non s\u00f3 a inspiraci\u00f3n, pois todos os que merquen o disco atopar\u00e1n algo m\u00e1is dese m\u00e1xico lugar chamado Pedra Moura\u2026<\/p>\n<p>\n <div id=\"wrapperMI_1\" class=\"wrap-mjp nostop flip \" style=\"position: relative; padding:5px 0px 30px 0px; margin:0px; width:100%;\">\n\t<div style=\"display:none;\" class=\"Eabove-mjp\" id=\"Eabove-mjp_1\"><\/div>\n\t <div class=\"subwrap-MI\">\n\t\t <div class=\"jp-innerwrap\">\n\t\t\t <div class=\"innerx\"><\/div>\n\t\t\t <div class=\"innerleft\"><\/div>\n\t\t\t <div class=\"innerright\"><\/div>\n\t\t\t <div class=\"innertab\"><\/div>\n\t\t\t <div class=\"interface-mjp\" style=\"height:120px;\" id=\"interfaceMI_1\">\n\t\t\t\t <div class=\"MI-image Himg left-mjp\" id=\"MI_image_1\" style=\" width:auto; height:120px; overflow:false;\"><\/div>\n\t\t\t\t <div id=\"T_mp3j_1\" class=\"player-track-title right-mjp bold-mjp plain-mjp childNorm-mjp childItalic-mjp\" style=\"left:36px; right:36px;  top:30px;\"><\/div>\n\t\t\t\t <div class=\"bars_holder\">\n\t\t\t\t\t <div class=\"loadMI_mp3j\" id=\"load_mp3j_1\"><\/div>\n\t\t\t\t\t <div class=\"poscolMI_mp3j soften-mjp\" id=\"poscol_mp3j_1\"><\/div>\n\t\t\t\t\t <div class=\"posbarMI_mp3j\" id=\"posbar_mp3j_1\"><\/div>\n\t\t\t\t <\/div>\n\t\t\t\t <div id=\"P-Time-MI_1\" class=\"jp-play-time\"><\/div>\n\t\t\t\t <div id=\"T-Time-MI_1\" class=\"jp-total-time\"><\/div>\n\t\t\t\t <div id=\"statusMI_1\" class=\"statusMI\"><\/div>\n\t\t\t\t <div class=\"transport-MI\"><div class=\"play-mjp\" id=\"playpause_mp3j_1\">Play<\/div><div class=\"stop-mjp\" id=\"stop_mp3j_1\">Stop<\/div><div class=\"next-mjp\" id=\"Next_mp3j_1\">Next&raquo;<\/div><div class=\"prev-mjp\" id=\"Prev_mp3j_1\">&laquo;Prev<\/div><\/div>\n\t\t\t\t <div class=\"buttons-wrap-mjp\" id=\"buttons-wrap-mjp_1\">\n\t\t\t\t\t <div class=\"playlist-toggle-MI\" id=\"playlist-toggle_1\">HIDE PLAYLIST<\/div>\n\t\t\t\t\t <div class=\"mp3j-popout-MI\" id=\"lpp_mp3j_1\" style=\"\"><\/div>\n\t\t\t\t\t \n\t\t\t\t <\/div>\n\t\t\t <\/div>\n\t\t\t <div class=\"mjp-volwrap\">\n\t\t\t\t <div class=\"MIsliderVolume\" id=\"vol_mp3j_1\"><\/div>\n\t\t\t\t <div class=\"innerExt1\" id=\"innerExt1_1\"><\/div>\n\t\t\t\t <div class=\"innerExt2\" id=\"innerExt2_1\"><\/div>\n\t\t\t <\/div>\n\t\t <\/div>\n\t\t <div style=\"display:none;\" class=\"Ebetween-mjp\" id=\"Ebetween-mjp_1\"><\/div>\n\t\t <div class=\"listwrap_mp3j\" id=\"L_mp3j_1\" style=\"overflow:auto; max-height:450px;\"><div class=\"wrapper-mjp\"><div class=\"playlist-colour\"><\/div><div class=\"wrapper-mjp\"><ul class=\"ul-mjp childNorm-mjp childPlain-mjp left-mjp\" id=\"UL_mp3j_1\"><li><\/li><\/ul><\/div><\/div><\/div>\n\t <\/div>\n\t <div id=\"mp3j_finfo_1\" class=\"mp3j-finfo\" style=\"display:none;\"><div class=\"mp3j-finfo-sleeve\"><div id=\"mp3j_finfo_gif_1\" class=\"mp3j-finfo-gif\"><\/div><div id=\"mp3j_finfo_txt_1\" class=\"mp3j-finfo-txt\"><\/div><div class=\"mp3j-finfo-close\" id=\"mp3j_finfo_close_1\">X<\/div><\/div><\/div><div id=\"mp3j_dlf_1\" class=\"mp3j-dlframe\" style=\"display:none;\"><\/div>\n\t <div class=\"mp3j-nosolution\" id=\"mp3j_nosolution_1\" style=\"display:none;\"><\/div>\n\t <div style=\"display:none;\" class=\"Ebelow-mjp\" id=\"Ebelow-mjp_1\"><\/div>\n <\/div> \n<script>\nMP3jPLAYLISTS.MI_1 = [\n\t{ name: \"01 - Pasodobre n\u00ba2\", formats: [\"mp3\"], mp3: \"aHR0cDovL3BhaXR1bmVzLmNvbS9pbWFnZXMvc3Rvcmllcy9hdWRpby9Pc19UZXJyaWJsZXNfUGVkcmFtb3VyYS8wMSAtIFBhc29kb2JyZSBuwroyLm1wMw==\", counterpart:\"\", artist: \"\", image: \"true\", imgurl: \"\" },\n\t{ name: \"02 - Alala\u0301\", formats: [\"mp3\"], mp3: \"aHR0cDovL3BhaXR1bmVzLmNvbS9pbWFnZXMvc3Rvcmllcy9hdWRpby9Pc19UZXJyaWJsZXNfUGVkcmFtb3VyYS8wMiAtIEFsYWxhzIEubXAz\", counterpart:\"\", artist: \"\", image: \"true\", imgurl: \"\" },\n\t{ name: \"03 - O suso\", formats: [\"mp3\"], mp3: \"aHR0cDovL3BhaXR1bmVzLmNvbS9pbWFnZXMvc3Rvcmllcy9hdWRpby9Pc19UZXJyaWJsZXNfUGVkcmFtb3VyYS8wMyAtIE8gc3Vzby5tcDM=\", counterpart:\"\", artist: \"\", image: \"true\", imgurl: \"\" },\n\t{ name: \"04 - Pasodobres\", formats: [\"mp3\"], mp3: \"aHR0cDovL3BhaXR1bmVzLmNvbS9pbWFnZXMvc3Rvcmllcy9hdWRpby9Pc19UZXJyaWJsZXNfUGVkcmFtb3VyYS8wNCAtIFBhc29kb2JyZXMubXAz\", counterpart:\"\", artist: \"\", image: \"true\", imgurl: \"\" },\n\t{ name: \"05 - A solaina\", formats: [\"mp3\"], mp3: \"aHR0cDovL3BhaXR1bmVzLmNvbS9pbWFnZXMvc3Rvcmllcy9hdWRpby9Pc19UZXJyaWJsZXNfUGVkcmFtb3VyYS8wNSAtIEEgc29sYWluYS5tcDM=\", counterpart:\"\", artist: \"\", image: \"true\", imgurl: \"\" },\n\t{ name: \"06 - O Requinteiro\", formats: [\"mp3\"], mp3: \"aHR0cDovL3BhaXR1bmVzLmNvbS9pbWFnZXMvc3Rvcmllcy9hdWRpby9Pc19UZXJyaWJsZXNfUGVkcmFtb3VyYS8wNiAtIE8gUmVxdWludGVpcm8ubXAz\", counterpart:\"\", artist: \"\", image: \"true\", imgurl: \"\" },\n\t{ name: \"07 - Xesteira e Xotin\u0303a\", formats: [\"mp3\"], mp3: \"aHR0cDovL3BhaXR1bmVzLmNvbS9pbWFnZXMvc3Rvcmllcy9hdWRpby9Pc19UZXJyaWJsZXNfUGVkcmFtb3VyYS8wNyAtIFhlc3RlaXJhIGUgWG90aW7Mg2EubXAz\", counterpart:\"\", artist: \"\", image: \"true\", imgurl: \"\" },\n\t{ name: \"08 - Pasodobre de Severino\", formats: [\"mp3\"], mp3: \"aHR0cDovL3BhaXR1bmVzLmNvbS9pbWFnZXMvc3Rvcmllcy9hdWRpby9Pc19UZXJyaWJsZXNfUGVkcmFtb3VyYS8wOCAtIFBhc29kb2JyZSBkZSBTZXZlcmluby5tcDM=\", counterpart:\"\", artist: \"\", image: \"true\", imgurl: \"\" },\n\t{ name: \"09 - Valse do Nadal\", formats: [\"mp3\"], mp3: \"aHR0cDovL3BhaXR1bmVzLmNvbS9pbWFnZXMvc3Rvcmllcy9hdWRpby9Pc19UZXJyaWJsZXNfUGVkcmFtb3VyYS8wOSAtIFZhbHNlIGRvIE5hZGFsLm1wMw==\", counterpart:\"\", artist: \"\", image: \"true\", imgurl: \"\" },\n\t{ name: \"10 - Polca para Juan\", formats: [\"mp3\"], mp3: \"aHR0cDovL3BhaXR1bmVzLmNvbS9pbWFnZXMvc3Rvcmllcy9hdWRpby9Pc19UZXJyaWJsZXNfUGVkcmFtb3VyYS8xMCAtIFBvbGNhIHBhcmEgSnVhbi5tcDM=\", counterpart:\"\", artist: \"\", image: \"true\", imgurl: \"\" },\n\t{ name: \"11 - Foliada de Parranda\", formats: [\"mp3\"], mp3: \"aHR0cDovL3BhaXR1bmVzLmNvbS9pbWFnZXMvc3Rvcmllcy9hdWRpby9Pc19UZXJyaWJsZXNfUGVkcmFtb3VyYS8xMSAtIEZvbGlhZGEgZGUgUGFycmFuZGEubXAz\", counterpart:\"\", artist: \"\", image: \"true\", imgurl: \"\" },\n\t{ name: \"12 - Muin\u0303eira da Xistra\", formats: [\"mp3\"], mp3: \"aHR0cDovL3BhaXR1bmVzLmNvbS9pbWFnZXMvc3Rvcmllcy9hdWRpby9Pc19UZXJyaWJsZXNfUGVkcmFtb3VyYS8xMiAtIE11aW7Mg2VpcmEgZGEgWGlzdHJhLm1wMw==\", counterpart:\"\", artist: \"\", image: \"true\", imgurl: \"\" },\n\t{ name: \"13 - Rumba de Emilio\", formats: [\"mp3\"], mp3: \"aHR0cDovL3BhaXR1bmVzLmNvbS9pbWFnZXMvc3Rvcmllcy9hdWRpby9Pc19UZXJyaWJsZXNfUGVkcmFtb3VyYS8xMyAtIFJ1bWJhIGRlIEVtaWxpby5tcDM=\", counterpart:\"\", artist: \"\", image: \"true\", imgurl: \"\" },\n\t{ name: \"14 - Muin\u0303eira\", formats: [\"mp3\"], mp3: \"aHR0cDovL3BhaXR1bmVzLmNvbS9pbWFnZXMvc3Rvcmllcy9hdWRpby9Pc19UZXJyaWJsZXNfUGVkcmFtb3VyYS8xNCAtIE11aW7Mg2VpcmEubXAz\", counterpart:\"\", artist: \"\", image: \"true\", imgurl: \"\" },\n\t{ name: \"15 - Foliada da Morena\", formats: [\"mp3\"], mp3: \"aHR0cDovL3BhaXR1bmVzLmNvbS9pbWFnZXMvc3Rvcmllcy9hdWRpby9Pc19UZXJyaWJsZXNfUGVkcmFtb3VyYS8xNSAtIEZvbGlhZGEgZGEgTW9yZW5hLm1wMw==\", counterpart:\"\", artist: \"\", image: \"true\", imgurl: \"\" },\n\t{ name: \"16 - O Manel maila Nena\", formats: [\"mp3\"], mp3: \"aHR0cDovL3BhaXR1bmVzLmNvbS9pbWFnZXMvc3Rvcmllcy9hdWRpby9Pc19UZXJyaWJsZXNfUGVkcmFtb3VyYS8xNiAtIE8gTWFuZWwgbWFpbGEgTmVuYS5tcDM=\", counterpart:\"\", artist: \"\", image: \"true\", imgurl: \"\" },\n\t{ name: \"17 - Pasodobre Arxentino\", formats: [\"mp3\"], mp3: \"aHR0cDovL3BhaXR1bmVzLmNvbS9pbWFnZXMvc3Rvcmllcy9hdWRpby9Pc19UZXJyaWJsZXNfUGVkcmFtb3VyYS8xNyAtIFBhc29kb2JyZSBBcnhlbnRpbm8ubXAz\", counterpart:\"\", artist: \"\", image: \"true\", imgurl: \"\" },\n\t{ name: \"18 - Belesar\", formats: [\"mp3\"], mp3: \"aHR0cDovL3BhaXR1bmVzLmNvbS9pbWFnZXMvc3Rvcmllcy9hdWRpby9Pc19UZXJyaWJsZXNfUGVkcmFtb3VyYS8xOCAtIEJlbGVzYXIubXAz\", counterpart:\"\", artist: \"\", image: \"true\", imgurl: \"\" },\n\t{ name: \"19 - Xeitoxin\u0303a\", formats: [\"mp3\"], mp3: \"aHR0cDovL3BhaXR1bmVzLmNvbS9pbWFnZXMvc3Rvcmllcy9hdWRpby9Pc19UZXJyaWJsZXNfUGVkcmFtb3VyYS8xOSAtIFhlaXRveGluzINhLm1wMw==\", counterpart:\"\", artist: \"\", image: \"true\", imgurl: \"\" }\n];\n<\/script>\n\n<script>MP3jPLAYERS[1] = { list:MP3jPLAYLISTS.MI_1, tr:0, type:'MI', lstate:true, loop:false, play_txt:'Play', pause_txt:'Pause', pp_title:'Paitunes', autoplay:false, download:false, vol:100, height:120, cssclass:'nostop flip ', popout_css:{ enabled:true, \t\t\tcolours: [\"#f0f0f0\", \"rgba(0, 0, 0, 0.18)\", \"rgba(167, 167, 167, 0.55)\", \"rgba(49, 49, 49, 0.64)\", \"rgba(0, 180, 37, 0.91)\", \"#d3d3d3\", \"#d8d8d8\", \"#3d3232\", \"#262120\", \"#262120\", \"#11912b\", \"\", 400, 600 ],\n\t\t\tcssInterface: { \"color\": \"#3d3232\" },\n\t\t\tcssTitle: { \"left\": \"36px\", \"right\":\"36px\", \"top\":\"30px\" },\n\t\t\tcssImage: { \"overflow\": \"false\", \"width\":\"auto\", \"height\":\"120px\"  },\n\t\t\tcssFontSize: { \"title\": \"22px\", \"caption\": \"15.4px\", \"list\": \"18px\" },\n\t\t\tclasses: { interface:'', title:' right-mjp bold-mjp plain-mjp childNorm-mjp childItalic-mjp', image:' Himg left-mjp', poscol:' soften-mjp', ul:' childNorm-mjp childPlain-mjp left-mjp' }} };<\/script>\n\n<\/p>","protected":false},"excerpt":{"rendered":"<p><strong>Os Terribles de Donas presentan o seu segundo disco \u201cPedramoura\u201d<\/strong><\/p>\n<p><strong>tradici\u00f3n e xuventude, modernidade e legado hist\u00f3rico<\/strong><\/p>\n<p><em>Os Terribles de Donas regresan a actualidade musical co seu segundo \u00e1lbum \u201cPedramoura\u201d un traballo que recolle o seu legado musical e presenta novas composici\u00f3ns. Un \u00e1lbum tradicional que Os Terribles presentar\u00e1n a partir do 3 de decembro en Furanchos e espacios tradicionais galegos<\/em><\/p>\n","protected":false},"featured_media":211,"comment_status":"open","ping_status":"closed","template":"","meta":[],"product_brand":[],"product_cat":[17],"product_tag":[],"class_list":{"0":"post-208","1":"product","2":"type-product","3":"status-publish","4":"has-post-thumbnail","6":"product_cat-tradicional-world","7":"pa_formato-cdmp3","8":"pa_formato-mp3","10":"first","11":"instock","12":"taxable","13":"shipping-taxable","14":"purchasable","15":"product-type-variable"},"_links":{"self":[{"href":"https:\/\/paitunes.com\/gl\/wp-json\/wp\/v2\/product\/208","targetHints":{"allow":["GET"]}}],"collection":[{"href":"https:\/\/paitunes.com\/gl\/wp-json\/wp\/v2\/product"}],"about":[{"href":"https:\/\/paitunes.com\/gl\/wp-json\/wp\/v2\/types\/product"}],"replies":[{"embeddable":true,"href":"https:\/\/paitunes.com\/gl\/wp-json\/wp\/v2\/comments?post=208"}],"wp:featuredmedia":[{"embeddable":true,"href":"https:\/\/paitunes.com\/gl\/wp-json\/wp\/v2\/media\/211"}],"wp:attachment":[{"href":"https:\/\/paitunes.com\/gl\/wp-json\/wp\/v2\/media?parent=208"}],"wp:term":[{"taxonomy":"product_brand","embeddable":true,"href":"https:\/\/paitunes.com\/gl\/wp-json\/wp\/v2\/product_brand?post=208"},{"taxonomy":"product_cat","embeddable":true,"href":"https:\/\/paitunes.com\/gl\/wp-json\/wp\/v2\/product_cat?post=208"},{"taxonomy":"product_tag","embeddable":true,"href":"https:\/\/paitunes.com\/gl\/wp-json\/wp\/v2\/product_tag?post=208"}],"curies":[{"name":"wp","href":"https:\/\/api.w.org\/{rel}","templated":true}]}}