{"id":226,"date":"2015-09-04T15:42:27","date_gmt":"2015-09-04T13:42:27","guid":{"rendered":"http:\/\/paitunes.com\/producto\/treixadura-unha-semanina-enteira\/"},"modified":"2019-12-18T14:29:35","modified_gmt":"2019-12-18T13:29:35","slug":"treixadura-unha-semanina-enteira","status":"publish","type":"product","link":"https:\/\/paitunes.com\/gl\/tienda\/treixadura-unha-semanina-enteira\/","title":{"rendered":"Treixadura &#8211; Unha semani\u00f1a enteira"},"content":{"rendered":"<p>En este nuevo trabajo, en el que cuentan con la colaboraci\u00f3n de las voces del Orfe\u00f3n Treixadura, el grupo mantiene la filosof\u00eda que lo caracteriza desde que hab\u00eda comenzado su andadura en aquel v\u00e9selo mu\u00ed\u00f1o redondelano: misturar temas conocidos de la m\u00fasica gallega con otros que se intenta rescatar del anonimato para darlos a conocer con toda la fuerza y frescura caracter\u00edsticas de la n\u00f3sa m\u00fasica.<\/p>\n<p>\n <div id=\"wrapperMI_1\" class=\"wrap-mjp nostop flip \" style=\"position: relative; padding:5px 0px 30px 0px; margin:0px; width:100%;\">\n\t<div style=\"display:none;\" class=\"Eabove-mjp\" id=\"Eabove-mjp_1\"><\/div>\n\t <div class=\"subwrap-MI\">\n\t\t <div class=\"jp-innerwrap\">\n\t\t\t <div class=\"innerx\"><\/div>\n\t\t\t <div class=\"innerleft\"><\/div>\n\t\t\t <div class=\"innerright\"><\/div>\n\t\t\t <div class=\"innertab\"><\/div>\n\t\t\t <div class=\"interface-mjp\" style=\"height:120px;\" id=\"interfaceMI_1\">\n\t\t\t\t <div class=\"MI-image Himg left-mjp\" id=\"MI_image_1\" style=\" width:auto; height:120px; overflow:false;\"><\/div>\n\t\t\t\t <div id=\"T_mp3j_1\" class=\"player-track-title right-mjp bold-mjp plain-mjp childNorm-mjp childItalic-mjp\" style=\"left:36px; right:36px;  top:30px;\"><\/div>\n\t\t\t\t <div class=\"bars_holder\">\n\t\t\t\t\t <div class=\"loadMI_mp3j\" id=\"load_mp3j_1\"><\/div>\n\t\t\t\t\t <div class=\"poscolMI_mp3j soften-mjp\" id=\"poscol_mp3j_1\"><\/div>\n\t\t\t\t\t <div class=\"posbarMI_mp3j\" id=\"posbar_mp3j_1\"><\/div>\n\t\t\t\t <\/div>\n\t\t\t\t <div id=\"P-Time-MI_1\" class=\"jp-play-time\"><\/div>\n\t\t\t\t <div id=\"T-Time-MI_1\" class=\"jp-total-time\"><\/div>\n\t\t\t\t <div id=\"statusMI_1\" class=\"statusMI\"><\/div>\n\t\t\t\t <div class=\"transport-MI\"><div class=\"play-mjp\" id=\"playpause_mp3j_1\">Play<\/div><div class=\"stop-mjp\" id=\"stop_mp3j_1\">Stop<\/div><div class=\"next-mjp\" id=\"Next_mp3j_1\">Next&raquo;<\/div><div class=\"prev-mjp\" id=\"Prev_mp3j_1\">&laquo;Prev<\/div><\/div>\n\t\t\t\t <div class=\"buttons-wrap-mjp\" id=\"buttons-wrap-mjp_1\">\n\t\t\t\t\t <div class=\"playlist-toggle-MI\" id=\"playlist-toggle_1\">HIDE PLAYLIST<\/div>\n\t\t\t\t\t <div class=\"mp3j-popout-MI\" id=\"lpp_mp3j_1\" style=\"\"><\/div>\n\t\t\t\t\t \n\t\t\t\t <\/div>\n\t\t\t <\/div>\n\t\t\t <div class=\"mjp-volwrap\">\n\t\t\t\t <div class=\"MIsliderVolume\" id=\"vol_mp3j_1\"><\/div>\n\t\t\t\t <div class=\"innerExt1\" id=\"innerExt1_1\"><\/div>\n\t\t\t\t <div class=\"innerExt2\" id=\"innerExt2_1\"><\/div>\n\t\t\t <\/div>\n\t\t <\/div>\n\t\t <div style=\"display:none;\" class=\"Ebetween-mjp\" id=\"Ebetween-mjp_1\"><\/div>\n\t\t <div class=\"listwrap_mp3j\" id=\"L_mp3j_1\" style=\"overflow:auto; max-height:450px;\"><div class=\"wrapper-mjp\"><div class=\"playlist-colour\"><\/div><div class=\"wrapper-mjp\"><ul class=\"ul-mjp childNorm-mjp childPlain-mjp left-mjp\" id=\"UL_mp3j_1\"><li><\/li><\/ul><\/div><\/div><\/div>\n\t <\/div>\n\t <div id=\"mp3j_finfo_1\" class=\"mp3j-finfo\" style=\"display:none;\"><div class=\"mp3j-finfo-sleeve\"><div id=\"mp3j_finfo_gif_1\" class=\"mp3j-finfo-gif\"><\/div><div id=\"mp3j_finfo_txt_1\" class=\"mp3j-finfo-txt\"><\/div><div class=\"mp3j-finfo-close\" id=\"mp3j_finfo_close_1\">X<\/div><\/div><\/div><div id=\"mp3j_dlf_1\" class=\"mp3j-dlframe\" style=\"display:none;\"><\/div>\n\t <div class=\"mp3j-nosolution\" id=\"mp3j_nosolution_1\" style=\"display:none;\"><\/div>\n\t <div style=\"display:none;\" class=\"Ebelow-mjp\" id=\"Ebelow-mjp_1\"><\/div>\n <\/div> \n<script>\nMP3jPLAYLISTS.MI_1 = [\n\t{ name: \"01 Unha semanina enteira\", formats: [\"mp3\"], mp3: \"aHR0cDovL3BhaXR1bmVzLmNvbS9pbWFnZXMvc3Rvcmllcy9hdWRpby9UcmVpeGFkdXJhX1VuaGFfc2VtYW5pbmFfZW50ZWlyYS8wMSBVbmhhIHNlbWFuaW5hIGVudGVpcmEubXAz\", counterpart:\"\", artist: \"\", image: \"true\", imgurl: \"\" },\n\t{ name: \"02 Fisterra\", formats: [\"mp3\"], mp3: \"aHR0cDovL3BhaXR1bmVzLmNvbS9pbWFnZXMvc3Rvcmllcy9hdWRpby9UcmVpeGFkdXJhX1VuaGFfc2VtYW5pbmFfZW50ZWlyYS8wMiBGaXN0ZXJyYS5tcDM=\", counterpart:\"\", artist: \"\", image: \"true\", imgurl: \"\" },\n\t{ name: \"03 Foliada de Sarela\", formats: [\"mp3\"], mp3: \"aHR0cDovL3BhaXR1bmVzLmNvbS9pbWFnZXMvc3Rvcmllcy9hdWRpby9UcmVpeGFkdXJhX1VuaGFfc2VtYW5pbmFfZW50ZWlyYS8wMyBGb2xpYWRhIGRlIFNhcmVsYS5tcDM=\", counterpart:\"\", artist: \"\", image: \"true\", imgurl: \"\" },\n\t{ name: \"04 Muineira do Santo Amaro\", formats: [\"mp3\"], mp3: \"aHR0cDovL3BhaXR1bmVzLmNvbS9pbWFnZXMvc3Rvcmllcy9hdWRpby9UcmVpeGFkdXJhX1VuaGFfc2VtYW5pbmFfZW50ZWlyYS8wNCBNdWluZWlyYSBkbyBTYW50byBBbWFyby5tcDM=\", counterpart:\"\", artist: \"\", image: \"true\", imgurl: \"\" },\n\t{ name: \"05 Se chove\", formats: [\"mp3\"], mp3: \"aHR0cDovL3BhaXR1bmVzLmNvbS9pbWFnZXMvc3Rvcmllcy9hdWRpby9UcmVpeGFkdXJhX1VuaGFfc2VtYW5pbmFfZW50ZWlyYS8wNSBTZSBjaG92ZS5tcDM=\", counterpart:\"\", artist: \"\", image: \"true\", imgurl: \"\" },\n\t{ name: \"06 Polca dos Encantinos\", formats: [\"mp3\"], mp3: \"aHR0cDovL3BhaXR1bmVzLmNvbS9pbWFnZXMvc3Rvcmllcy9hdWRpby9UcmVpeGFkdXJhX1VuaGFfc2VtYW5pbmFfZW50ZWlyYS8wNiBQb2xjYSBkb3MgRW5jYW50aW5vcy5tcDM=\", counterpart:\"\", artist: \"\", image: \"true\", imgurl: \"\" },\n\t{ name: \"07 Estrelina do Luceiro:Minas cunchas\", formats: [\"mp3\"], mp3: \"aHR0cDovL3BhaXR1bmVzLmNvbS9pbWFnZXMvc3Rvcmllcy9hdWRpby9UcmVpeGFkdXJhX1VuaGFfc2VtYW5pbmFfZW50ZWlyYS8wNyBFc3RyZWxpbmEgZG8gTHVjZWlybzpNaW5hcyBjdW5jaGFzLm1wMw==\", counterpart:\"\", artist: \"\", image: \"true\", imgurl: \"\" },\n\t{ name: \"08 Chula da Guia\", formats: [\"mp3\"], mp3: \"aHR0cDovL3BhaXR1bmVzLmNvbS9pbWFnZXMvc3Rvcmllcy9hdWRpby9UcmVpeGFkdXJhX1VuaGFfc2VtYW5pbmFfZW50ZWlyYS8wOCBDaHVsYSBkYSBHdWlhLm1wMw==\", counterpart:\"\", artist: \"\", image: \"true\", imgurl: \"\" },\n\t{ name: \"09 Canto da Vendima\", formats: [\"mp3\"], mp3: \"aHR0cDovL3BhaXR1bmVzLmNvbS9pbWFnZXMvc3Rvcmllcy9hdWRpby9UcmVpeGFkdXJhX1VuaGFfc2VtYW5pbmFfZW50ZWlyYS8wOSBDYW50byBkYSBWZW5kaW1hLm1wMw==\", counterpart:\"\", artist: \"\", image: \"true\", imgurl: \"\" },\n\t{ name: \"10 A herba de S.Simon\", formats: [\"mp3\"], mp3: \"aHR0cDovL3BhaXR1bmVzLmNvbS9pbWFnZXMvc3Rvcmllcy9hdWRpby9UcmVpeGFkdXJhX1VuaGFfc2VtYW5pbmFfZW50ZWlyYS8xMCBBIGhlcmJhIGRlIFMuU2ltb24ubXAz\", counterpart:\"\", artist: \"\", image: \"true\", imgurl: \"\" },\n\t{ name: \"11 Ansuin\u0303a:Minas Cousas\", formats: [\"mp3\"], mp3: \"aHR0cDovL3BhaXR1bmVzLmNvbS9pbWFnZXMvc3Rvcmllcy9hdWRpby9UcmVpeGFkdXJhX1VuaGFfc2VtYW5pbmFfZW50ZWlyYS8xMSBBbnN1aW7Mg2E6TWluYXMgQ291c2FzLm1wMw==\", counterpart:\"\", artist: \"\", image: \"true\", imgurl: \"\" }\n];\n<\/script>\n\n<script>MP3jPLAYERS[1] = { list:MP3jPLAYLISTS.MI_1, tr:0, type:'MI', lstate:true, loop:false, play_txt:'Play', pause_txt:'Pause', pp_title:'Paitunes', autoplay:false, download:false, vol:100, height:120, cssclass:'nostop flip ', popout_css:{ enabled:true, \t\t\tcolours: [\"#f0f0f0\", \"rgba(0, 0, 0, 0.18)\", \"rgba(167, 167, 167, 0.55)\", \"rgba(49, 49, 49, 0.64)\", \"rgba(0, 180, 37, 0.91)\", \"#d3d3d3\", \"#d8d8d8\", \"#3d3232\", \"#262120\", \"#262120\", \"#11912b\", \"\", 400, 600 ],\n\t\t\tcssInterface: { \"color\": \"#3d3232\" },\n\t\t\tcssTitle: { \"left\": \"36px\", \"right\":\"36px\", \"top\":\"30px\" },\n\t\t\tcssImage: { \"overflow\": \"false\", \"width\":\"auto\", \"height\":\"120px\"  },\n\t\t\tcssFontSize: { \"title\": \"22px\", \"caption\": \"15.4px\", \"list\": \"18px\" },\n\t\t\tclasses: { interface:'', title:' right-mjp bold-mjp plain-mjp childNorm-mjp childItalic-mjp', image:' Himg left-mjp', poscol:' soften-mjp', ul:' childNorm-mjp childPlain-mjp left-mjp' }} };<\/script>\n\n<\/p>","protected":false},"excerpt":{"rendered":"<p>En este nuevo trabajo, en el que cuentan con la colaboraci\u00f3n de las voces del Orfe\u00f3n Treixadura, el grupo mantiene la filosof\u00eda que lo caracteriza desde que hab\u00eda comenzado su andadura en aquel v\u00e9selo mu\u00ed\u00f1o redondelano: misturar temas conocidos de la m\u00fasica gallega con otros que se intenta rescatar del anonimato para darlos a conocer con toda la fuerza y frescura caracter\u00edsticas de la n\u00f3sa m\u00fasica.<\/p>\n","protected":false},"featured_media":229,"comment_status":"open","ping_status":"closed","template":"","meta":[],"product_brand":[],"product_cat":[17],"product_tag":[],"class_list":{"0":"post-226","1":"product","2":"type-product","3":"status-publish","4":"has-post-thumbnail","6":"product_cat-tradicional-world","7":"pa_formato-cdmp3","8":"pa_formato-mp3","10":"first","11":"instock","12":"taxable","13":"shipping-taxable","14":"purchasable","15":"product-type-variable"},"_links":{"self":[{"href":"https:\/\/paitunes.com\/gl\/wp-json\/wp\/v2\/product\/226","targetHints":{"allow":["GET"]}}],"collection":[{"href":"https:\/\/paitunes.com\/gl\/wp-json\/wp\/v2\/product"}],"about":[{"href":"https:\/\/paitunes.com\/gl\/wp-json\/wp\/v2\/types\/product"}],"replies":[{"embeddable":true,"href":"https:\/\/paitunes.com\/gl\/wp-json\/wp\/v2\/comments?post=226"}],"wp:featuredmedia":[{"embeddable":true,"href":"https:\/\/paitunes.com\/gl\/wp-json\/wp\/v2\/media\/229"}],"wp:attachment":[{"href":"https:\/\/paitunes.com\/gl\/wp-json\/wp\/v2\/media?parent=226"}],"wp:term":[{"taxonomy":"product_brand","embeddable":true,"href":"https:\/\/paitunes.com\/gl\/wp-json\/wp\/v2\/product_brand?post=226"},{"taxonomy":"product_cat","embeddable":true,"href":"https:\/\/paitunes.com\/gl\/wp-json\/wp\/v2\/product_cat?post=226"},{"taxonomy":"product_tag","embeddable":true,"href":"https:\/\/paitunes.com\/gl\/wp-json\/wp\/v2\/product_tag?post=226"}],"curies":[{"name":"wp","href":"https:\/\/api.w.org\/{rel}","templated":true}]}}