{"id":235,"date":"2015-09-04T16:21:51","date_gmt":"2015-09-04T14:21:51","guid":{"rendered":"http:\/\/paitunes.com\/producto\/documental-sixtytolos-concerto-vigo-yeye\/"},"modified":"2025-01-09T19:32:27","modified_gmt":"2025-01-09T18:32:27","slug":"documental-sixtytolos-concerto-vigo-yeye","status":"publish","type":"product","link":"https:\/\/paitunes.com\/gl\/tienda\/documental-sixtytolos-concerto-vigo-yeye\/","title":{"rendered":"Documental SixtyTolos &#8211; Concerto Vigo Yey\u00e9"},"content":{"rendered":"<p>Un documental e un concerto dos grupos dos 60 que marcaron unha \u00e9poca da vida viguesa.<\/p>\n<p>A publicaci\u00f3n deste traballo documental e musical colma as expectativas destes grupos vigueses que, a diferenza dos seus coet\u00e1neos das grandes capitais, non tiveran a oportunidade de rexistrar as s\u00faas composici\u00f3ns formalmente.<\/p>\n<p>\u00c9 tempo de lembrar aos compa\u00f1eiros cos que tantos momentos compartimos e que a pesar de que se quedaron no cami\u00f1o, seguimos sent\u00edndoos tan pr\u00f3ximos que podemos percibir o son das s\u00faas melod\u00edas.<\/p>\n<p>Especialmente a Pepe Lara, vocalista do Clan e aut\u00e9ntico motor dos Reencontros que, sen d\u00fabida, gozar\u00eda enormemente coa realizaci\u00f3n deste traballo.<\/p>\n<p><iframe loading=\"lazy\" width=\"980\" height=\"551\" src=\"https:\/\/www.youtube.com\/embed\/z1zplihZVo0?feature=oembed\" frameborder=\"0\" allowfullscreen><\/iframe><\/p>","protected":false},"excerpt":{"rendered":"<p>Un documental e un concerto dos grupos dos 60 que marcaron unha \u00e9poca da vida viguesa.<\/p>\n<p>A publicaci\u00f3n deste traballo documental e musical colma as expectativas destes grupos vigueses que, a diferenza dos seus coet\u00e1neos das grandes capitais, non tiveran a oportunidade de rexistrar as s\u00faas composici\u00f3ns formalmente.<\/p>\n<p>Formato: DVD<\/p>\n","protected":false},"featured_media":238,"comment_status":"open","ping_status":"closed","template":"","meta":[],"product_brand":[],"product_cat":[30,18],"product_tag":[],"class_list":{"0":"post-235","1":"product","2":"type-product","3":"status-publish","4":"has-post-thumbnail","6":"product_cat-liquidacion","7":"product_cat-varios","8":"product_shipping_class-envio-liquidacion","9":"pa_formato-dvd","11":"first","12":"instock","13":"sale","14":"taxable","15":"shipping-taxable","16":"purchasable","17":"product-type-simple"},"_links":{"self":[{"href":"https:\/\/paitunes.com\/gl\/wp-json\/wp\/v2\/product\/235","targetHints":{"allow":["GET"]}}],"collection":[{"href":"https:\/\/paitunes.com\/gl\/wp-json\/wp\/v2\/product"}],"about":[{"href":"https:\/\/paitunes.com\/gl\/wp-json\/wp\/v2\/types\/product"}],"replies":[{"embeddable":true,"href":"https:\/\/paitunes.com\/gl\/wp-json\/wp\/v2\/comments?post=235"}],"wp:featuredmedia":[{"embeddable":true,"href":"https:\/\/paitunes.com\/gl\/wp-json\/wp\/v2\/media\/238"}],"wp:attachment":[{"href":"https:\/\/paitunes.com\/gl\/wp-json\/wp\/v2\/media?parent=235"}],"wp:term":[{"taxonomy":"product_brand","embeddable":true,"href":"https:\/\/paitunes.com\/gl\/wp-json\/wp\/v2\/product_brand?post=235"},{"taxonomy":"product_cat","embeddable":true,"href":"https:\/\/paitunes.com\/gl\/wp-json\/wp\/v2\/product_cat?post=235"},{"taxonomy":"product_tag","embeddable":true,"href":"https:\/\/paitunes.com\/gl\/wp-json\/wp\/v2\/product_tag?post=235"}],"curies":[{"name":"wp","href":"https:\/\/api.w.org\/{rel}","templated":true}]}}