{"id":244,"date":"2015-09-04T18:39:09","date_gmt":"2015-09-04T16:39:09","guid":{"rendered":"http:\/\/paitunes.com\/producto\/na-ponte\/"},"modified":"2025-08-04T01:34:17","modified_gmt":"2025-08-03T23:34:17","slug":"na-ponte","status":"publish","type":"product","link":"https:\/\/paitunes.com\/gl\/tienda\/na-ponte\/","title":{"rendered":"Na ponte"},"content":{"rendered":"<p><strong>NA PONTE<\/strong> \u00e9 un traballo colectivo que\u00a0<strong>Ponte&#8230;nas ondas!<\/strong> edita cami\u00f1o dos 20 anos da s\u00faa existencia. Unha experiencia in\u00e9dita que ten acadado \u00a0importantes avances nos diferentes \u00e1mbitos da s\u00faa actuaci\u00f3n.<\/p>\n<p>NA PONTE \u00e9 unha obra que suma moitas vontades: do alumnado, do profesorado, dos profesionais dos medios de comunicaci\u00f3n, das emisoras de radio, de investigadores, antrop\u00f3logos, educadores, &#8220;portadores\/as do patrimonio&#8221;&#8230;<\/p>\n<p>Ao longo destes anos, Ponte&#8230;nas ondas! foi producindo e creando materiais en diversos formatos. Forman parte deste traballo, Gravaci\u00f3ns, textos, debuxos, fotograf\u00edas, canci\u00f3ns, expresi\u00f3ns do patrimonio com\u00fan galego-portugu\u00e9s&#8230;un universo patrimonial que se foi realizando en diferentes momentos e contextos: aulas de escolas e institutos, teatros e salas de concertos, estudos de radio, museos, prazas e espazos p\u00fablicos. Estes materiais te\u00f1en tam\u00e9n te\u00f1en procedencias diversas: Galicia, Brasil, Angola, Mozambique ou Portugal.<\/p>\n<p>Un aut\u00e9ntico traballo coral que xunta as voces da amizade, as voces do patrimonio com\u00fan, da nosa identidade. Un di\u00e1logo interxeneracional que que agora se mostra nas voces dos seus protagonistas.<\/p>\n<p><strong>O CD<\/strong><\/p>\n<p>Un percorrido pola paisaxe sonora de Ponte&#8230;nas ondas! cun formato radiof\u00f3nico conducido polas voces do alumnado. 23 colaboraci\u00f3ns de artistas de tres continentes realizadas para a xornada de comunicaci\u00f3n. <strong>Chico C\u00e9sar, Lenine, Margareth Menezes, Socorro Lira, Daniela Mercury, Jo\u00e3o Afonso, Treixadura, Gaiteiros de Lisboa, Am\u00e9lia Muge, Vozes da R\u00e1dio, S\u00e9rgio Godinho, Couple Coffee, Filipa Pais, Da outra margem, Luis Pastor, Ux\u00eda, X.M.Budi\u00f1o, Treixadura, Pancho \u00c1lvarez, Narf, Guadi Galego, A banda de Poi, 2us, Xo\u00e1n Curiel, Xiana Lado, Timbila Muzimba, Aline Fraz\u00e3o.<\/strong><\/p>\n<p><strong>O DVD<\/strong><\/p>\n<p>Cont\u00e9n:<\/p>\n<ul>\n<li>O documental\u00a0<strong>&#8220;Pontes nas ondas&#8221;<\/strong> realizado por Gus Abreu. Un percurso audiovisual que achega a faciana poli\u00e9drica de Ponte&#8230;nas ondas! con m\u00faltiples testemu\u00f1as de varios pa\u00edses.<\/li>\n<li>6 videoclips de temas musicais realizados para a xornada de comunicaci\u00f3n.<\/li>\n<li>Extras de v\u00eddeos con actividades de Ponte&#8230;nas ondas!<\/li>\n<\/ul>\n\n <div id=\"wrapperMI_1\" class=\"wrap-mjp nostop flip \" style=\"position: relative; padding:5px 0px 30px 0px; margin:0px; width:100%;\">\n\t<div style=\"display:none;\" class=\"Eabove-mjp\" id=\"Eabove-mjp_1\"><\/div>\n\t <div class=\"subwrap-MI\">\n\t\t <div class=\"jp-innerwrap\">\n\t\t\t <div class=\"innerx\"><\/div>\n\t\t\t <div class=\"innerleft\"><\/div>\n\t\t\t <div class=\"innerright\"><\/div>\n\t\t\t <div class=\"innertab\"><\/div>\n\t\t\t <div class=\"interface-mjp\" style=\"height:120px;\" id=\"interfaceMI_1\">\n\t\t\t\t <div class=\"MI-image Himg left-mjp\" id=\"MI_image_1\" style=\" width:auto; height:120px; overflow:false;\"><\/div>\n\t\t\t\t <div id=\"T_mp3j_1\" class=\"player-track-title right-mjp bold-mjp plain-mjp childNorm-mjp childItalic-mjp\" style=\"left:36px; right:36px;  top:30px;\"><\/div>\n\t\t\t\t <div class=\"bars_holder\">\n\t\t\t\t\t <div class=\"loadMI_mp3j\" id=\"load_mp3j_1\"><\/div>\n\t\t\t\t\t <div class=\"poscolMI_mp3j soften-mjp\" id=\"poscol_mp3j_1\"><\/div>\n\t\t\t\t\t <div class=\"posbarMI_mp3j\" id=\"posbar_mp3j_1\"><\/div>\n\t\t\t\t <\/div>\n\t\t\t\t <div id=\"P-Time-MI_1\" class=\"jp-play-time\"><\/div>\n\t\t\t\t <div id=\"T-Time-MI_1\" class=\"jp-total-time\"><\/div>\n\t\t\t\t <div id=\"statusMI_1\" class=\"statusMI\"><\/div>\n\t\t\t\t <div class=\"transport-MI\"><div class=\"play-mjp\" id=\"playpause_mp3j_1\">Play<\/div><div class=\"stop-mjp\" id=\"stop_mp3j_1\">Stop<\/div><div class=\"next-mjp\" id=\"Next_mp3j_1\">Next&raquo;<\/div><div class=\"prev-mjp\" id=\"Prev_mp3j_1\">&laquo;Prev<\/div><\/div>\n\t\t\t\t <div class=\"buttons-wrap-mjp\" id=\"buttons-wrap-mjp_1\">\n\t\t\t\t\t <div class=\"playlist-toggle-MI\" id=\"playlist-toggle_1\">HIDE PLAYLIST<\/div>\n\t\t\t\t\t <div class=\"mp3j-popout-MI\" id=\"lpp_mp3j_1\" style=\"\"><\/div>\n\t\t\t\t\t \n\t\t\t\t <\/div>\n\t\t\t <\/div>\n\t\t\t <div class=\"mjp-volwrap\">\n\t\t\t\t <div class=\"MIsliderVolume\" id=\"vol_mp3j_1\"><\/div>\n\t\t\t\t <div class=\"innerExt1\" id=\"innerExt1_1\"><\/div>\n\t\t\t\t <div class=\"innerExt2\" id=\"innerExt2_1\"><\/div>\n\t\t\t <\/div>\n\t\t <\/div>\n\t\t <div style=\"display:none;\" class=\"Ebetween-mjp\" id=\"Ebetween-mjp_1\"><\/div>\n\t\t <div class=\"listwrap_mp3j\" id=\"L_mp3j_1\" style=\"overflow:auto; max-height:450px;\"><div class=\"wrapper-mjp\"><div class=\"playlist-colour\"><\/div><div class=\"wrapper-mjp\"><ul class=\"ul-mjp childNorm-mjp childPlain-mjp left-mjp\" id=\"UL_mp3j_1\"><li><\/li><\/ul><\/div><\/div><\/div>\n\t <\/div>\n\t <div id=\"mp3j_finfo_1\" class=\"mp3j-finfo\" style=\"display:none;\"><div class=\"mp3j-finfo-sleeve\"><div id=\"mp3j_finfo_gif_1\" class=\"mp3j-finfo-gif\"><\/div><div id=\"mp3j_finfo_txt_1\" class=\"mp3j-finfo-txt\"><\/div><div class=\"mp3j-finfo-close\" id=\"mp3j_finfo_close_1\">X<\/div><\/div><\/div><div id=\"mp3j_dlf_1\" class=\"mp3j-dlframe\" style=\"display:none;\"><\/div>\n\t <div class=\"mp3j-nosolution\" id=\"mp3j_nosolution_1\" style=\"display:none;\"><\/div>\n\t <div style=\"display:none;\" class=\"Ebelow-mjp\" id=\"Ebelow-mjp_1\"><\/div>\n <\/div> \n<script>\nMP3jPLAYLISTS.MI_1 = [\n\t{ name: \"01 - Suite da ponte\", formats: [\"mp3\"], mp3: \"aHR0cDovL3BhaXR1bmVzLmNvbS9pbWFnZXMvc3Rvcmllcy9hdWRpby92dl9hYS1uYV9wb250ZS8wMSAtIFN1aXRlIGRhIHBvbnRlLm1wMw==\", counterpart:\"\", artist: \"\", image: \"true\", imgurl: \"\" },\n\t{ name: \"02 - A Ponte\", formats: [\"mp3\"], mp3: \"aHR0cDovL3BhaXR1bmVzLmNvbS9pbWFnZXMvc3Rvcmllcy9hdWRpby92dl9hYS1uYV9wb250ZS8wMiAtIEEgUG9udGUubXAz\", counterpart:\"\", artist: \"\", image: \"true\", imgurl: \"\" },\n\t{ name: \"03 - O cantar galego\", formats: [\"mp3\"], mp3: \"aHR0cDovL3BhaXR1bmVzLmNvbS9pbWFnZXMvc3Rvcmllcy9hdWRpby92dl9hYS1uYV9wb250ZS8wMyAtIE8gY2FudGFyIGdhbGVnby5tcDM=\", counterpart:\"\", artist: \"\", image: \"true\", imgurl: \"\" },\n\t{ name: \"04 - Chula da Po\u0301voa\", formats: [\"mp3\"], mp3: \"aHR0cDovL3BhaXR1bmVzLmNvbS9pbWFnZXMvc3Rvcmllcy9hdWRpby92dl9hYS1uYV9wb250ZS8wNCAtIENodWxhIGRhIFBvzIF2b2EubXAz\", counterpart:\"\", artist: \"\", image: \"true\", imgurl: \"\" },\n\t{ name: \"05 - A farinhada\", formats: [\"mp3\"], mp3: \"aHR0cDovL3BhaXR1bmVzLmNvbS9pbWFnZXMvc3Rvcmllcy9hdWRpby92dl9hYS1uYV9wb250ZS8wNSAtIEEgZmFyaW5oYWRhLm1wMw==\", counterpart:\"\", artist: \"\", image: \"true\", imgurl: \"\" },\n\t{ name: \"06 - Ondas ale\u0301n mar\", formats: [\"mp3\"], mp3: \"aHR0cDovL3BhaXR1bmVzLmNvbS9pbWFnZXMvc3Rvcmllcy9hdWRpby92dl9hYS1uYV9wb250ZS8wNiAtIE9uZGFzIGFsZcyBbiBtYXIubXAz\", counterpart:\"\", artist: \"\", image: \"true\", imgurl: \"\" },\n\t{ name: \"07 - Eu levo unha pena\", formats: [\"mp3\"], mp3: \"aHR0cDovL3BhaXR1bmVzLmNvbS9pbWFnZXMvc3Rvcmllcy9hdWRpby92dl9hYS1uYV9wb250ZS8wNyAtIEV1IGxldm8gdW5oYSBwZW5hLm1wMw==\", counterpart:\"\", artist: \"\", image: \"true\", imgurl: \"\" },\n\t{ name: \"08 - A peneira\", formats: [\"mp3\"], mp3: \"aHR0cDovL3BhaXR1bmVzLmNvbS9pbWFnZXMvc3Rvcmllcy9hdWRpby92dl9hYS1uYV9wb250ZS8wOCAtIEEgcGVuZWlyYS5tcDM=\", counterpart:\"\", artist: \"\", image: \"true\", imgurl: \"\" },\n\t{ name: \"09 - Em ponte sobre as ondas\", formats: [\"mp3\"], mp3: \"aHR0cDovL3BhaXR1bmVzLmNvbS9pbWFnZXMvc3Rvcmllcy9hdWRpby92dl9hYS1uYV9wb250ZS8wOSAtIEVtIHBvbnRlIHNvYnJlIGFzIG9uZGFzLm1wMw==\", counterpart:\"\", artist: \"\", image: \"true\", imgurl: \"\" },\n\t{ name: \"10 - Portugaliza\", formats: [\"mp3\"], mp3: \"aHR0cDovL3BhaXR1bmVzLmNvbS9pbWFnZXMvc3Rvcmllcy9hdWRpby92dl9hYS1uYV9wb250ZS8xMCAtIFBvcnR1Z2FsaXphLm1wMw==\", counterpart:\"\", artist: \"\", image: \"true\", imgurl: \"\" },\n\t{ name: \"11 - Ponte ao meu lado\", formats: [\"mp3\"], mp3: \"aHR0cDovL3BhaXR1bmVzLmNvbS9pbWFnZXMvc3Rvcmllcy9hdWRpby92dl9hYS1uYV9wb250ZS8xMSAtIFBvbnRlIGFvIG1ldSBsYWRvLm1wMw==\", counterpart:\"\", artist: \"\", image: \"true\", imgurl: \"\" },\n\t{ name: \"12 - Despois do horizonte\", formats: [\"mp3\"], mp3: \"aHR0cDovL3BhaXR1bmVzLmNvbS9pbWFnZXMvc3Rvcmllcy9hdWRpby92dl9hYS1uYV9wb250ZS8xMiAtIERlc3BvaXMgZG8gaG9yaXpvbnRlLm1wMw==\", counterpart:\"\", artist: \"\", image: \"true\", imgurl: \"\" },\n\t{ name: \"13 - O canarinho\", formats: [\"mp3\"], mp3: \"aHR0cDovL3BhaXR1bmVzLmNvbS9pbWFnZXMvc3Rvcmllcy9hdWRpby92dl9hYS1uYV9wb250ZS8xMyAtIE8gY2FuYXJpbmhvLm1wMw==\", counterpart:\"\", artist: \"\", image: \"true\", imgurl: \"\" },\n\t{ name: \"14 - Samba da Galiza\", formats: [\"mp3\"], mp3: \"aHR0cDovL3BhaXR1bmVzLmNvbS9pbWFnZXMvc3Rvcmllcy9hdWRpby92dl9hYS1uYV9wb250ZS8xNCAtIFNhbWJhIGRhIEdhbGl6YS5tcDM=\", counterpart:\"\", artist: \"\", image: \"true\", imgurl: \"\" },\n\t{ name: \"15 - Bico:Beijo\", formats: [\"mp3\"], mp3: \"aHR0cDovL3BhaXR1bmVzLmNvbS9pbWFnZXMvc3Rvcmllcy9hdWRpby92dl9hYS1uYV9wb250ZS8xNSAtIEJpY286QmVpam8ubXAz\", counterpart:\"\", artist: \"\", image: \"true\", imgurl: \"\" },\n\t{ name: \"16 - O alecrim\", formats: [\"mp3\"], mp3: \"aHR0cDovL3BhaXR1bmVzLmNvbS9pbWFnZXMvc3Rvcmllcy9hdWRpby92dl9hYS1uYV9wb250ZS8xNiAtIE8gYWxlY3JpbS5tcDM=\", counterpart:\"\", artist: \"\", image: \"true\", imgurl: \"\" },\n\t{ name: \"17 - Este mundo\", formats: [\"mp3\"], mp3: \"aHR0cDovL3BhaXR1bmVzLmNvbS9pbWFnZXMvc3Rvcmllcy9hdWRpby92dl9hYS1uYV9wb250ZS8xNyAtIEVzdGUgbXVuZG8ubXAz\", counterpart:\"\", artist: \"\", image: \"true\", imgurl: \"\" },\n\t{ name: \"18 - Nobre vagabundo\", formats: [\"mp3\"], mp3: \"aHR0cDovL3BhaXR1bmVzLmNvbS9pbWFnZXMvc3Rvcmllcy9hdWRpby92dl9hYS1uYV9wb250ZS8xOCAtIE5vYnJlIHZhZ2FidW5kby5tcDM=\", counterpart:\"\", artist: \"\", image: \"true\", imgurl: \"\" },\n\t{ name: \"19 - Na rede do patrimonio\", formats: [\"mp3\"], mp3: \"aHR0cDovL3BhaXR1bmVzLmNvbS9pbWFnZXMvc3Rvcmllcy9hdWRpby92dl9hYS1uYV9wb250ZS8xOSAtIE5hIHJlZGUgZG8gcGF0cmltb25pby5tcDM=\", counterpart:\"\", artist: \"\", image: \"true\", imgurl: \"\" },\n\t{ name: \"20 - E\u0301 a vida\", formats: [\"mp3\"], mp3: \"aHR0cDovL3BhaXR1bmVzLmNvbS9pbWFnZXMvc3Rvcmllcy9hdWRpby92dl9hYS1uYV9wb250ZS8yMCAtIEXMgSBhIHZpZGEubXAz\", counterpart:\"\", artist: \"\", image: \"true\", imgurl: \"\" },\n\t{ name: \"21 - Vira galego\", formats: [\"mp3\"], mp3: \"aHR0cDovL3BhaXR1bmVzLmNvbS9pbWFnZXMvc3Rvcmllcy9hdWRpby92dl9hYS1uYV9wb250ZS8yMSAtIFZpcmEgZ2FsZWdvLm1wMw==\", counterpart:\"\", artist: \"\", image: \"true\", imgurl: \"\" },\n\t{ name: \"22 - Vosa\", formats: [\"mp3\"], mp3: \"aHR0cDovL3BhaXR1bmVzLmNvbS9pbWFnZXMvc3Rvcmllcy9hdWRpby92dl9hYS1uYV9wb250ZS8yMiAtIFZvc2EubXAz\", counterpart:\"\", artist: \"\", image: \"true\", imgurl: \"\" },\n\t{ name: \"23 - Mbale Wa Mbalele\", formats: [\"mp3\"], mp3: \"aHR0cDovL3BhaXR1bmVzLmNvbS9pbWFnZXMvc3Rvcmllcy9hdWRpby92dl9hYS1uYV9wb250ZS8yMyAtIE1iYWxlIFdhIE1iYWxlbGUubXAz\", counterpart:\"\", artist: \"\", image: \"true\", imgurl: \"\" }\n];\n<\/script>\n\n<script>MP3jPLAYERS[1] = { list:MP3jPLAYLISTS.MI_1, tr:0, type:'MI', lstate:true, loop:false, play_txt:'Play', pause_txt:'Pause', pp_title:'Paitunes', autoplay:false, download:false, vol:100, height:120, cssclass:'nostop flip ', popout_css:{ enabled:true, \t\t\tcolours: [\"#f0f0f0\", \"rgba(0, 0, 0, 0.18)\", \"rgba(167, 167, 167, 0.55)\", \"rgba(49, 49, 49, 0.64)\", \"rgba(0, 180, 37, 0.91)\", \"#d3d3d3\", \"#d8d8d8\", \"#3d3232\", \"#262120\", \"#262120\", \"#11912b\", \"\", 400, 600 ],\n\t\t\tcssInterface: { \"color\": \"#3d3232\" },\n\t\t\tcssTitle: { \"left\": \"36px\", \"right\":\"36px\", \"top\":\"30px\" },\n\t\t\tcssImage: { \"overflow\": \"false\", \"width\":\"auto\", \"height\":\"120px\"  },\n\t\t\tcssFontSize: { \"title\": \"22px\", \"caption\": \"15.4px\", \"list\": \"18px\" },\n\t\t\tclasses: { interface:'', title:' right-mjp bold-mjp plain-mjp childNorm-mjp childItalic-mjp', image:' Himg left-mjp', poscol:' soften-mjp', ul:' childNorm-mjp childPlain-mjp left-mjp' }} };<\/script>\n\n\n<p><iframe loading=\"lazy\" width=\"980\" height=\"551\" src=\"https:\/\/www.youtube.com\/embed\/6IHX_pz0i_U?start=129&#038;feature=oembed\" frameborder=\"0\" allowfullscreen><\/iframe><\/p>","protected":false},"excerpt":{"rendered":"<p><strong>NA PONTE<\/strong> \u00e9 un traballo colectivo que\u00a0<strong>Ponte&#8230;nas ondas!<\/strong> edita cami\u00f1o dos 20 anos da s\u00faa existencia. Unha experiencia in\u00e9dita que ten acadado \u00a0importantes avances nos diferentes \u00e1mbitos da s\u00faa actuaci\u00f3n.<\/p>\n<p>NA PONTE \u00e9 unha obra que suma moitas vontades: do alumnado, do profesorado, dos profesionais dos medios de comunicaci\u00f3n, das emisoras de radio, de investigadores, antrop\u00f3logos, educadores, &#8220;portadores\/as do patrimonio&#8221;&#8230;<\/p>\n","protected":false},"featured_media":248,"comment_status":"open","ping_status":"closed","template":"","meta":[],"product_brand":[],"product_cat":[18],"product_tag":[],"class_list":{"0":"post-244","1":"product","2":"type-product","3":"status-publish","4":"has-post-thumbnail","6":"product_cat-varios","7":"pa_formato-libro-cd-dvdmp3","8":"pa_formato-mp3","10":"first","11":"instock","12":"sale","13":"taxable","14":"shipping-taxable","15":"purchasable","16":"product-type-variable","17":"has-default-attributes"},"_links":{"self":[{"href":"https:\/\/paitunes.com\/gl\/wp-json\/wp\/v2\/product\/244","targetHints":{"allow":["GET"]}}],"collection":[{"href":"https:\/\/paitunes.com\/gl\/wp-json\/wp\/v2\/product"}],"about":[{"href":"https:\/\/paitunes.com\/gl\/wp-json\/wp\/v2\/types\/product"}],"replies":[{"embeddable":true,"href":"https:\/\/paitunes.com\/gl\/wp-json\/wp\/v2\/comments?post=244"}],"wp:featuredmedia":[{"embeddable":true,"href":"https:\/\/paitunes.com\/gl\/wp-json\/wp\/v2\/media\/248"}],"wp:attachment":[{"href":"https:\/\/paitunes.com\/gl\/wp-json\/wp\/v2\/media?parent=244"}],"wp:term":[{"taxonomy":"product_brand","embeddable":true,"href":"https:\/\/paitunes.com\/gl\/wp-json\/wp\/v2\/product_brand?post=244"},{"taxonomy":"product_cat","embeddable":true,"href":"https:\/\/paitunes.com\/gl\/wp-json\/wp\/v2\/product_cat?post=244"},{"taxonomy":"product_tag","embeddable":true,"href":"https:\/\/paitunes.com\/gl\/wp-json\/wp\/v2\/product_tag?post=244"}],"curies":[{"name":"wp","href":"https:\/\/api.w.org\/{rel}","templated":true}]}}