{"id":249,"date":"2015-09-04T18:42:03","date_gmt":"2015-09-04T16:42:03","guid":{"rendered":"http:\/\/paitunes.com\/producto\/o-ano-pitano\/"},"modified":"2023-11-03T12:36:18","modified_gmt":"2023-11-03T11:36:18","slug":"o-ano-pitano","status":"publish","type":"product","link":"https:\/\/paitunes.com\/gl\/tienda\/o-ano-pitano\/","title":{"rendered":"O a\u00f1o pita\u00f1o"},"content":{"rendered":"<p>\u201cO A\u00f1o Pita\u00f1o\u201d \u00e9 un libro disco que une os textos de poetas galegos contempor\u00e1neos coas composici\u00f3ns e a interpretaci\u00f3n de Anxo Rei, acompa\u00f1ado por m\u00fasicos de reco\u00f1ecido prestixio e gravado nos estudios de Casa de Tolos, sito en Gondomar. &#8220;<em>A idea \u00e9 dedicarlle aos m\u00e1is cativos un traballo no que estiveran presentes os nosos poetas, para achegar aos pequenos a nosa literatura, a nosa lingua e, ao mesmo tempo, a mi\u00f1a m\u00fasica<\/em>\u201d, comenta o propio Anxo Rei.<\/p>\n<p>As canci\u00f3ns que recolle este traballo axudan a debuxar para os cativos unha visi\u00f3n distinta dalgunhas figuras tradicionais. Non s\u00f3 de contos cl\u00e1sicos, como a <em>cincenta<\/em>, sen\u00f3n tam\u00e9n personaxes moi nosos, como pode ser o <em>home do saco<\/em>, que durante moitas xeraci\u00f3ns estivo sempre presente como elemento aut\u00f3ctono no desenvolvemento dos p\u00edcaros. Probablemente hoxe non sexa tan co\u00f1ecido, no medio de tantas alegor\u00edas importadas, pero non est\u00e1 mal lembrarmos eses seres imaxinarios que poboaban as nosas infancias e legarllos, entre outras formas de cultura que transmitimos, aos meni\u00f1os que ser\u00e1n os galegos e galegas do futuro.<\/p>\n<p>As ilustraci\u00f3ns deste traballo foron elaboradas por alumnos de primaria, de Centros educativos galegos, que participaron no Certame de Ilustraci\u00f3ns A\u00f1o Pita\u00f1o, convocado por PAI Edici\u00f3ns. Foron centos os debuxos que se recibiron. \u00a0Cada un dos debuxos ga\u00f1adores ilustra un dos poemas que recolle este traballo. Un total de doce canci\u00f3ns, de seis poetas:Dar\u00edo Xoh\u00e1n Cabana, Ana Mar\u00eda Fern\u00e1ndez, Yolanda Casta\u00f1o, Marica Campo, Xos\u00e9 M. \u00c1lvarez Blazquez e\u00a0 Xos\u00e9 Rodr\u00edguez Ferrer.<\/p>\n<p>\n <div id=\"wrapperMI_1\" class=\"wrap-mjp nostop flip \" style=\"position: relative; padding:5px 0px 30px 0px; margin:0px; width:100%;\">\n\t<div style=\"display:none;\" class=\"Eabove-mjp\" id=\"Eabove-mjp_1\"><\/div>\n\t <div class=\"subwrap-MI\">\n\t\t <div class=\"jp-innerwrap\">\n\t\t\t <div class=\"innerx\"><\/div>\n\t\t\t <div class=\"innerleft\"><\/div>\n\t\t\t <div class=\"innerright\"><\/div>\n\t\t\t <div class=\"innertab\"><\/div>\n\t\t\t <div class=\"interface-mjp\" style=\"height:120px;\" id=\"interfaceMI_1\">\n\t\t\t\t <div class=\"MI-image Himg left-mjp\" id=\"MI_image_1\" style=\" width:auto; height:120px; overflow:false;\"><\/div>\n\t\t\t\t <div id=\"T_mp3j_1\" class=\"player-track-title right-mjp bold-mjp plain-mjp childNorm-mjp childItalic-mjp\" style=\"left:36px; right:36px;  top:30px;\"><\/div>\n\t\t\t\t <div class=\"bars_holder\">\n\t\t\t\t\t <div class=\"loadMI_mp3j\" id=\"load_mp3j_1\"><\/div>\n\t\t\t\t\t <div class=\"poscolMI_mp3j soften-mjp\" id=\"poscol_mp3j_1\"><\/div>\n\t\t\t\t\t <div class=\"posbarMI_mp3j\" id=\"posbar_mp3j_1\"><\/div>\n\t\t\t\t <\/div>\n\t\t\t\t <div id=\"P-Time-MI_1\" class=\"jp-play-time\"><\/div>\n\t\t\t\t <div id=\"T-Time-MI_1\" class=\"jp-total-time\"><\/div>\n\t\t\t\t <div id=\"statusMI_1\" class=\"statusMI\"><\/div>\n\t\t\t\t <div class=\"transport-MI\"><div class=\"play-mjp\" id=\"playpause_mp3j_1\">Play<\/div><div class=\"stop-mjp\" id=\"stop_mp3j_1\">Stop<\/div><div class=\"next-mjp\" id=\"Next_mp3j_1\">Next&raquo;<\/div><div class=\"prev-mjp\" id=\"Prev_mp3j_1\">&laquo;Prev<\/div><\/div>\n\t\t\t\t <div class=\"buttons-wrap-mjp\" id=\"buttons-wrap-mjp_1\">\n\t\t\t\t\t <div class=\"playlist-toggle-MI\" id=\"playlist-toggle_1\">HIDE PLAYLIST<\/div>\n\t\t\t\t\t <div class=\"mp3j-popout-MI\" id=\"lpp_mp3j_1\" style=\"\"><\/div>\n\t\t\t\t\t \n\t\t\t\t <\/div>\n\t\t\t <\/div>\n\t\t\t <div class=\"mjp-volwrap\">\n\t\t\t\t <div class=\"MIsliderVolume\" id=\"vol_mp3j_1\"><\/div>\n\t\t\t\t <div class=\"innerExt1\" id=\"innerExt1_1\"><\/div>\n\t\t\t\t <div class=\"innerExt2\" id=\"innerExt2_1\"><\/div>\n\t\t\t <\/div>\n\t\t <\/div>\n\t\t <div style=\"display:none;\" class=\"Ebetween-mjp\" id=\"Ebetween-mjp_1\"><\/div>\n\t\t <div class=\"listwrap_mp3j\" id=\"L_mp3j_1\" style=\"overflow:auto; max-height:450px;\"><div class=\"wrapper-mjp\"><div class=\"playlist-colour\"><\/div><div class=\"wrapper-mjp\"><ul class=\"ul-mjp childNorm-mjp childPlain-mjp left-mjp\" id=\"UL_mp3j_1\"><li><\/li><\/ul><\/div><\/div><\/div>\n\t <\/div>\n\t <div id=\"mp3j_finfo_1\" class=\"mp3j-finfo\" style=\"display:none;\"><div class=\"mp3j-finfo-sleeve\"><div id=\"mp3j_finfo_gif_1\" class=\"mp3j-finfo-gif\"><\/div><div id=\"mp3j_finfo_txt_1\" class=\"mp3j-finfo-txt\"><\/div><div class=\"mp3j-finfo-close\" id=\"mp3j_finfo_close_1\">X<\/div><\/div><\/div><div id=\"mp3j_dlf_1\" class=\"mp3j-dlframe\" style=\"display:none;\"><\/div>\n\t <div class=\"mp3j-nosolution\" id=\"mp3j_nosolution_1\" style=\"display:none;\"><\/div>\n\t <div style=\"display:none;\" class=\"Ebelow-mjp\" id=\"Ebelow-mjp_1\"><\/div>\n <\/div> \n<script>\nMP3jPLAYLISTS.MI_1 = [\n\t{ name: \"01 - Imos inventar un conto\", formats: [\"mp3\"], mp3: \"aHR0cDovL3BhaXR1bmVzLmNvbS9pbWFnZXMvc3Rvcmllcy9hdWRpby9BbnhvX1JlaV9PX2Fub19waXRhbm8vMDEgLSBJbW9zIGludmVudGFyIHVuIGNvbnRvLm1wMw==\", counterpart:\"\", artist: \"\", image: \"true\", imgurl: \"\" },\n\t{ name: \"02 - O un mailo cero\", formats: [\"mp3\"], mp3: \"aHR0cDovL3BhaXR1bmVzLmNvbS9pbWFnZXMvc3Rvcmllcy9hdWRpby9BbnhvX1JlaV9PX2Fub19waXRhbm8vMDIgLSBPIHVuIG1haWxvIGNlcm8ubXAz\", counterpart:\"\", artist: \"\", image: \"true\", imgurl: \"\" },\n\t{ name: \"03 - Cincenta\", formats: [\"mp3\"], mp3: \"aHR0cDovL3BhaXR1bmVzLmNvbS9pbWFnZXMvc3Rvcmllcy9hdWRpby9BbnhvX1JlaV9PX2Fub19waXRhbm8vMDMgLSBDaW5jZW50YS5tcDM=\", counterpart:\"\", artist: \"\", image: \"true\", imgurl: \"\" },\n\t{ name: \"04 - A ra Clodomira\", formats: [\"mp3\"], mp3: \"aHR0cDovL3BhaXR1bmVzLmNvbS9pbWFnZXMvc3Rvcmllcy9hdWRpby9BbnhvX1JlaV9PX2Fub19waXRhbm8vMDQgLSBBIHJhIENsb2RvbWlyYS5tcDM=\", counterpart:\"\", artist: \"\", image: \"true\", imgurl: \"\" },\n\t{ name: \"05 - O home do saco\", formats: [\"mp3\"], mp3: \"aHR0cDovL3BhaXR1bmVzLmNvbS9pbWFnZXMvc3Rvcmllcy9hdWRpby9BbnhvX1JlaV9PX2Fub19waXRhbm8vMDUgLSBPIGhvbWUgZG8gc2Fjby5tcDM=\", counterpart:\"\", artist: \"\", image: \"true\", imgurl: \"\" },\n\t{ name: \"06 - O an\u0303o pitan\u0303o\", formats: [\"mp3\"], mp3: \"aHR0cDovL3BhaXR1bmVzLmNvbS9pbWFnZXMvc3Rvcmllcy9hdWRpby9BbnhvX1JlaV9PX2Fub19waXRhbm8vMDYgLSBPIGFuzINvIHBpdGFuzINvLm1wMw==\", counterpart:\"\", artist: \"\", image: \"true\", imgurl: \"\" },\n\t{ name: \"07 - Era un airin\u0303o suave\", formats: [\"mp3\"], mp3: \"aHR0cDovL3BhaXR1bmVzLmNvbS9pbWFnZXMvc3Rvcmllcy9hdWRpby9BbnhvX1JlaV9PX2Fub19waXRhbm8vMDcgLSBFcmEgdW4gYWlyaW7Mg28gc3VhdmUubXAz\", counterpart:\"\", artist: \"\", image: \"true\", imgurl: \"\" },\n\t{ name: \"08 - O piollo e a pulga\", formats: [\"mp3\"], mp3: \"aHR0cDovL3BhaXR1bmVzLmNvbS9pbWFnZXMvc3Rvcmllcy9hdWRpby9BbnhvX1JlaV9PX2Fub19waXRhbm8vMDggLSBPIHBpb2xsbyBlIGEgcHVsZ2EubXAz\", counterpart:\"\", artist: \"\", image: \"true\", imgurl: \"\" },\n\t{ name: \"09 - O principe encantado\", formats: [\"mp3\"], mp3: \"aHR0cDovL3BhaXR1bmVzLmNvbS9pbWFnZXMvc3Rvcmllcy9hdWRpby9BbnhvX1JlaV9PX2Fub19waXRhbm8vMDkgLSBPIHByaW5jaXBlIGVuY2FudGFkby5tcDM=\", counterpart:\"\", artist: \"\", image: \"true\", imgurl: \"\" },\n\t{ name: \"10 - Cando eu saiba ler\", formats: [\"mp3\"], mp3: \"aHR0cDovL3BhaXR1bmVzLmNvbS9pbWFnZXMvc3Rvcmllcy9hdWRpby9BbnhvX1JlaV9PX2Fub19waXRhbm8vMTAgLSBDYW5kbyBldSBzYWliYSBsZXIubXAz\", counterpart:\"\", artist: \"\", image: \"true\", imgurl: \"\" },\n\t{ name: \"11 - Durme nenin\u0303a\", formats: [\"mp3\"], mp3: \"aHR0cDovL3BhaXR1bmVzLmNvbS9pbWFnZXMvc3Rvcmllcy9hdWRpby9BbnhvX1JlaV9PX2Fub19waXRhbm8vMTEgLSBEdXJtZSBuZW5pbsyDYS5tcDM=\", counterpart:\"\", artist: \"\", image: \"true\", imgurl: \"\" },\n\t{ name: \"12 - O paxaro carpinteiro\", formats: [\"mp3\"], mp3: \"aHR0cDovL3BhaXR1bmVzLmNvbS9pbWFnZXMvc3Rvcmllcy9hdWRpby9BbnhvX1JlaV9PX2Fub19waXRhbm8vMTIgLSBPIHBheGFybyBjYXJwaW50ZWlyby5tcDM=\", counterpart:\"\", artist: \"\", image: \"true\", imgurl: \"\" }\n];\n<\/script>\n\n<script>MP3jPLAYERS[1] = { list:MP3jPLAYLISTS.MI_1, tr:0, type:'MI', lstate:true, loop:false, play_txt:'Play', pause_txt:'Pause', pp_title:'Paitunes', autoplay:false, download:false, vol:100, height:120, cssclass:'nostop flip ', popout_css:{ enabled:true, \t\t\tcolours: [\"#f0f0f0\", \"rgba(0, 0, 0, 0.18)\", \"rgba(167, 167, 167, 0.55)\", \"rgba(49, 49, 49, 0.64)\", \"rgba(0, 180, 37, 0.91)\", \"#d3d3d3\", \"#d8d8d8\", \"#3d3232\", \"#262120\", \"#262120\", \"#11912b\", \"\", 400, 600 ],\n\t\t\tcssInterface: { \"color\": \"#3d3232\" },\n\t\t\tcssTitle: { \"left\": \"36px\", \"right\":\"36px\", \"top\":\"30px\" },\n\t\t\tcssImage: { \"overflow\": \"false\", \"width\":\"auto\", \"height\":\"120px\"  },\n\t\t\tcssFontSize: { \"title\": \"22px\", \"caption\": \"15.4px\", \"list\": \"18px\" },\n\t\t\tclasses: { interface:'', title:' right-mjp bold-mjp plain-mjp childNorm-mjp childItalic-mjp', image:' Himg left-mjp', poscol:' soften-mjp', ul:' childNorm-mjp childPlain-mjp left-mjp' }} };<\/script>\n\n<\/p>","protected":false},"excerpt":{"rendered":"<p>\u201cO A\u00f1o Pita\u00f1o\u201d \u00e9 un libro disco que une os textos de poetas galegos contempor\u00e1neos coas composici\u00f3ns e a interpretaci\u00f3n de Anxo Rei, acompa\u00f1ado por m\u00fasicos de reco\u00f1ecido prestixio e gravado nos estudios de Casa de Tolos, sito en Gondomar. &#8220;<em>A idea \u00e9 dedicarlle aos m\u00e1is cativos un traballo no que estiveran presentes os nosos poetas, para achegar aos pequenos a nosa literatura, a nosa lingua e, ao mesmo tempo, a mi\u00f1a m\u00fasica<\/em>\u201d, comenta o propio Anxo Rei.<\/p>\n","protected":false},"featured_media":252,"comment_status":"open","ping_status":"closed","template":"","meta":[],"product_brand":[],"product_cat":[18],"product_tag":[],"class_list":{"0":"post-249","1":"product","2":"type-product","3":"status-publish","4":"has-post-thumbnail","6":"product_cat-varios","7":"pa_formato-libro-cdmp3","8":"pa_formato-mp3","10":"first","11":"instock","12":"taxable","13":"shipping-taxable","14":"purchasable","15":"product-type-variable","16":"has-default-attributes"},"_links":{"self":[{"href":"https:\/\/paitunes.com\/gl\/wp-json\/wp\/v2\/product\/249","targetHints":{"allow":["GET"]}}],"collection":[{"href":"https:\/\/paitunes.com\/gl\/wp-json\/wp\/v2\/product"}],"about":[{"href":"https:\/\/paitunes.com\/gl\/wp-json\/wp\/v2\/types\/product"}],"replies":[{"embeddable":true,"href":"https:\/\/paitunes.com\/gl\/wp-json\/wp\/v2\/comments?post=249"}],"wp:featuredmedia":[{"embeddable":true,"href":"https:\/\/paitunes.com\/gl\/wp-json\/wp\/v2\/media\/252"}],"wp:attachment":[{"href":"https:\/\/paitunes.com\/gl\/wp-json\/wp\/v2\/media?parent=249"}],"wp:term":[{"taxonomy":"product_brand","embeddable":true,"href":"https:\/\/paitunes.com\/gl\/wp-json\/wp\/v2\/product_brand?post=249"},{"taxonomy":"product_cat","embeddable":true,"href":"https:\/\/paitunes.com\/gl\/wp-json\/wp\/v2\/product_cat?post=249"},{"taxonomy":"product_tag","embeddable":true,"href":"https:\/\/paitunes.com\/gl\/wp-json\/wp\/v2\/product_tag?post=249"}],"curies":[{"name":"wp","href":"https:\/\/api.w.org\/{rel}","templated":true}]}}