{"id":28,"date":"2015-09-03T17:38:40","date_gmt":"2015-09-03T17:38:40","guid":{"rendered":"http:\/\/paitunes.com\/?post_type=product&#038;p=28"},"modified":"2016-09-15T18:16:03","modified_gmt":"2016-09-15T16:16:03","slug":"javier-gonzalez-cancer-de-tiempo","status":"publish","type":"product","link":"https:\/\/paitunes.com\/gl\/tienda\/javier-gonzalez-cancer-de-tiempo\/","title":{"rendered":"Javier Gonz\u00e1lez &#8211; C\u00e1ncer de Tiempo"},"content":{"rendered":"<p>Javier Gonz\u00e1lez redescubre as\u00ed mesmo neste novo disco e m\u00f3stranos un traballo cheo de mensaxes.<\/p>\n<p>Para aqueles a os que lle gusta darlle voltas \u00e1s cousas e velos desde o prisma da sinxeleza e a realidade da vida mesma, sen d\u00fabida leste \u00e9 o seu disco.<\/p>\n<p>En palabras do propio Javier:<\/p>\n<p>Ata que chega ese d\u00eda en que exclamas sorprendido xa \u00e9 de novo Nadal&#8230;!, coma se decembro co\u00e1seche en casa sen chamar ao timbre. Empezas a facer m\u00e1is viaxes ao \u00e1lbum de fotos que ao futuro, e as agullas do teu reloxo transp\u00f3rtanche do alba ao ocaso \u00e1 velocidade da luz. A penas acabas de levantarche unha ma\u00f1\u00e1 rumoreando: bos d\u00edas, ver\u00e1n!, e xa che responde educadamente o outono, instalado de &#8220;okupa&#8221; na xanela. Descobres que os teus minutos, as t\u00faas horas, os teus d\u00edas, os teus anos vanse clonando a unha velocidade f\u00f3ra de control, e aparecen met\u00e1stase de monoton\u00eda, sen carga, de tristeza, esparexidas polo sistema enigm\u00e1tico da nosa existencia.<\/p>\n<p>Ent\u00f3n, acodes \u00e1 consulta de don ningu\u00e9n en plena Avenida da nada:<br \/>\n-Que me pasa doutor?<br \/>\n-Padece vostede cancro de tempo.<br \/>\n-\u00c9 grave?<br \/>\n-\u00c9 terminal.<\/p>\n<p>E s\u00e1casche un billete de ida cara ao pasado, nunha r\u00faa do Nova York, embalsamada na memoria desde o s\u00e9culo pasado, onde permanece aquel grafiti que segue sendo a \u00fanica quimioterapia efectiva contra a insoportable levedad do ser: &#8220;hai vida antes da morte&#8221;<\/p>\n<p>Un disco, indispensable na nosa colecci\u00f3n particular.<\/p>\n<p>&nbsp;<\/p>\n\n <div id=\"wrapperMI_1\" class=\"wrap-mjp nostop flip \" style=\"position: relative; padding:5px 0px 30px 0px; margin:0px; width:100%;\">\n\t<div style=\"display:none;\" class=\"Eabove-mjp\" id=\"Eabove-mjp_1\"><\/div>\n\t <div class=\"subwrap-MI\">\n\t\t <div class=\"jp-innerwrap\">\n\t\t\t <div class=\"innerx\"><\/div>\n\t\t\t <div class=\"innerleft\"><\/div>\n\t\t\t <div class=\"innerright\"><\/div>\n\t\t\t <div class=\"innertab\"><\/div>\n\t\t\t <div class=\"interface-mjp\" style=\"height:120px;\" id=\"interfaceMI_1\">\n\t\t\t\t <div class=\"MI-image Himg left-mjp\" id=\"MI_image_1\" style=\" width:auto; height:120px; overflow:false;\"><\/div>\n\t\t\t\t <div id=\"T_mp3j_1\" class=\"player-track-title right-mjp bold-mjp plain-mjp childNorm-mjp childItalic-mjp\" style=\"left:36px; right:36px;  top:30px;\"><\/div>\n\t\t\t\t <div class=\"bars_holder\">\n\t\t\t\t\t <div class=\"loadMI_mp3j\" id=\"load_mp3j_1\"><\/div>\n\t\t\t\t\t <div class=\"poscolMI_mp3j soften-mjp\" id=\"poscol_mp3j_1\"><\/div>\n\t\t\t\t\t <div class=\"posbarMI_mp3j\" id=\"posbar_mp3j_1\"><\/div>\n\t\t\t\t <\/div>\n\t\t\t\t <div id=\"P-Time-MI_1\" class=\"jp-play-time\"><\/div>\n\t\t\t\t <div id=\"T-Time-MI_1\" class=\"jp-total-time\"><\/div>\n\t\t\t\t <div id=\"statusMI_1\" class=\"statusMI\"><\/div>\n\t\t\t\t <div class=\"transport-MI\"><div class=\"play-mjp\" id=\"playpause_mp3j_1\">Play<\/div><div class=\"stop-mjp\" id=\"stop_mp3j_1\">Stop<\/div><div class=\"next-mjp\" id=\"Next_mp3j_1\">Next&raquo;<\/div><div class=\"prev-mjp\" id=\"Prev_mp3j_1\">&laquo;Prev<\/div><\/div>\n\t\t\t\t <div class=\"buttons-wrap-mjp\" id=\"buttons-wrap-mjp_1\">\n\t\t\t\t\t <div class=\"playlist-toggle-MI\" id=\"playlist-toggle_1\">HIDE PLAYLIST<\/div>\n\t\t\t\t\t <div class=\"mp3j-popout-MI\" id=\"lpp_mp3j_1\" style=\"\"><\/div>\n\t\t\t\t\t \n\t\t\t\t <\/div>\n\t\t\t <\/div>\n\t\t\t <div class=\"mjp-volwrap\">\n\t\t\t\t <div class=\"MIsliderVolume\" id=\"vol_mp3j_1\"><\/div>\n\t\t\t\t <div class=\"innerExt1\" id=\"innerExt1_1\"><\/div>\n\t\t\t\t <div class=\"innerExt2\" id=\"innerExt2_1\"><\/div>\n\t\t\t <\/div>\n\t\t <\/div>\n\t\t <div style=\"display:none;\" class=\"Ebetween-mjp\" id=\"Ebetween-mjp_1\"><\/div>\n\t\t <div class=\"listwrap_mp3j\" id=\"L_mp3j_1\" style=\"overflow:auto; max-height:450px;\"><div class=\"wrapper-mjp\"><div class=\"playlist-colour\"><\/div><div class=\"wrapper-mjp\"><ul class=\"ul-mjp childNorm-mjp childPlain-mjp left-mjp\" id=\"UL_mp3j_1\"><li><\/li><\/ul><\/div><\/div><\/div>\n\t <\/div>\n\t <div id=\"mp3j_finfo_1\" class=\"mp3j-finfo\" style=\"display:none;\"><div class=\"mp3j-finfo-sleeve\"><div id=\"mp3j_finfo_gif_1\" class=\"mp3j-finfo-gif\"><\/div><div id=\"mp3j_finfo_txt_1\" class=\"mp3j-finfo-txt\"><\/div><div class=\"mp3j-finfo-close\" id=\"mp3j_finfo_close_1\">X<\/div><\/div><\/div><div id=\"mp3j_dlf_1\" class=\"mp3j-dlframe\" style=\"display:none;\"><\/div>\n\t <div class=\"mp3j-nosolution\" id=\"mp3j_nosolution_1\" style=\"display:none;\"><\/div>\n\t <div style=\"display:none;\" class=\"Ebelow-mjp\" id=\"Ebelow-mjp_1\"><\/div>\n <\/div> \n<script>\nMP3jPLAYLISTS.MI_1 = [\n\t{ name: \"01 La Respuesta esta en el tiempo\", formats: [\"mp3\"], mp3: \"aHR0cDovL3BhaXR1bmVzLmNvbS9pbWFnZXMvc3Rvcmllcy9hdWRpby9KYXZpZXJfR29uemFsZXpfTWVuZGV6X0NhbmNlcl9kZV90aWVtcG8vMDEgTGEgUmVzcHVlc3RhIGVzdGEgZW4gZWwgdGllbXBvLm1wMw==\", counterpart:\"\", artist: \"\", image: \"true\", imgurl: \"\" },\n\t{ name: \"02 Secretos De Confesion\", formats: [\"mp3\"], mp3: \"aHR0cDovL3BhaXR1bmVzLmNvbS9pbWFnZXMvc3Rvcmllcy9hdWRpby9KYXZpZXJfR29uemFsZXpfTWVuZGV6X0NhbmNlcl9kZV90aWVtcG8vMDIgU2VjcmV0b3MgRGUgQ29uZmVzaW9uLm1wMw==\", counterpart:\"\", artist: \"\", image: \"true\", imgurl: \"\" },\n\t{ name: \"03 Bandera Blanca\", formats: [\"mp3\"], mp3: \"aHR0cDovL3BhaXR1bmVzLmNvbS9pbWFnZXMvc3Rvcmllcy9hdWRpby9KYXZpZXJfR29uemFsZXpfTWVuZGV6X0NhbmNlcl9kZV90aWVtcG8vMDMgQmFuZGVyYSBCbGFuY2EubXAz\", counterpart:\"\", artist: \"\", image: \"true\", imgurl: \"\" },\n\t{ name: \"04 Se Rompio La Soledad\", formats: [\"mp3\"], mp3: \"aHR0cDovL3BhaXR1bmVzLmNvbS9pbWFnZXMvc3Rvcmllcy9hdWRpby9KYXZpZXJfR29uemFsZXpfTWVuZGV6X0NhbmNlcl9kZV90aWVtcG8vMDQgU2UgUm9tcGlvIExhIFNvbGVkYWQubXAz\", counterpart:\"\", artist: \"\", image: \"true\", imgurl: \"\" },\n\t{ name: \"05 Monos Vestidos\", formats: [\"mp3\"], mp3: \"aHR0cDovL3BhaXR1bmVzLmNvbS9pbWFnZXMvc3Rvcmllcy9hdWRpby9KYXZpZXJfR29uemFsZXpfTWVuZGV6X0NhbmNlcl9kZV90aWVtcG8vMDUgTW9ub3MgVmVzdGlkb3MubXAz\", counterpart:\"\", artist: \"\", image: \"true\", imgurl: \"\" },\n\t{ name: \"06 Autostop\", formats: [\"mp3\"], mp3: \"aHR0cDovL3BhaXR1bmVzLmNvbS9pbWFnZXMvc3Rvcmllcy9hdWRpby9KYXZpZXJfR29uemFsZXpfTWVuZGV6X0NhbmNlcl9kZV90aWVtcG8vMDYgQXV0b3N0b3AubXAz\", counterpart:\"\", artist: \"\", image: \"true\", imgurl: \"\" },\n\t{ name: \"07 La Otra\", formats: [\"mp3\"], mp3: \"aHR0cDovL3BhaXR1bmVzLmNvbS9pbWFnZXMvc3Rvcmllcy9hdWRpby9KYXZpZXJfR29uemFsZXpfTWVuZGV6X0NhbmNlcl9kZV90aWVtcG8vMDcgTGEgT3RyYS5tcDM=\", counterpart:\"\", artist: \"\", image: \"true\", imgurl: \"\" },\n\t{ name: \"08 Si Yo No Voy\", formats: [\"mp3\"], mp3: \"aHR0cDovL3BhaXR1bmVzLmNvbS9pbWFnZXMvc3Rvcmllcy9hdWRpby9KYXZpZXJfR29uemFsZXpfTWVuZGV6X0NhbmNlcl9kZV90aWVtcG8vMDggU2kgWW8gTm8gVm95Lm1wMw==\", counterpart:\"\", artist: \"\", image: \"true\", imgurl: \"\" },\n\t{ name: \"09 Mientras eramos nosotros\", formats: [\"mp3\"], mp3: \"aHR0cDovL3BhaXR1bmVzLmNvbS9pbWFnZXMvc3Rvcmllcy9hdWRpby9KYXZpZXJfR29uemFsZXpfTWVuZGV6X0NhbmNlcl9kZV90aWVtcG8vMDkgTWllbnRyYXMgZXJhbW9zIG5vc290cm9zLm1wMw==\", counterpart:\"\", artist: \"\", image: \"true\", imgurl: \"\" },\n\t{ name: \"10 Cancion Del acaro\", formats: [\"mp3\"], mp3: \"aHR0cDovL3BhaXR1bmVzLmNvbS9pbWFnZXMvc3Rvcmllcy9hdWRpby9KYXZpZXJfR29uemFsZXpfTWVuZGV6X0NhbmNlcl9kZV90aWVtcG8vMTAgQ2FuY2lvbiBEZWwgYWNhcm8ubXAz\", counterpart:\"\", artist: \"\", image: \"true\", imgurl: \"\" },\n\t{ name: \"11 Mariposa Sin Alas\", formats: [\"mp3\"], mp3: \"aHR0cDovL3BhaXR1bmVzLmNvbS9pbWFnZXMvc3Rvcmllcy9hdWRpby9KYXZpZXJfR29uemFsZXpfTWVuZGV6X0NhbmNlcl9kZV90aWVtcG8vMTEgTWFyaXBvc2EgU2luIEFsYXMubXAz\", counterpart:\"\", artist: \"\", image: \"true\", imgurl: \"\" },\n\t{ name: \"12 Pacto Con Neptuno\", formats: [\"mp3\"], mp3: \"aHR0cDovL3BhaXR1bmVzLmNvbS9pbWFnZXMvc3Rvcmllcy9hdWRpby9KYXZpZXJfR29uemFsZXpfTWVuZGV6X0NhbmNlcl9kZV90aWVtcG8vMTIgUGFjdG8gQ29uIE5lcHR1bm8ubXAz\", counterpart:\"\", artist: \"\", image: \"true\", imgurl: \"\" },\n\t{ name: \"13 Inmortalidad\", formats: [\"mp3\"], mp3: \"aHR0cDovL3BhaXR1bmVzLmNvbS9pbWFnZXMvc3Rvcmllcy9hdWRpby9KYXZpZXJfR29uemFsZXpfTWVuZGV6X0NhbmNlcl9kZV90aWVtcG8vMTMgSW5tb3J0YWxpZGFkLm1wMw==\", counterpart:\"\", artist: \"\", image: \"true\", imgurl: \"\" },\n\t{ name: \"14 Del Cielo A Madrid\", formats: [\"mp3\"], mp3: \"aHR0cDovL3BhaXR1bmVzLmNvbS9pbWFnZXMvc3Rvcmllcy9hdWRpby9KYXZpZXJfR29uemFsZXpfTWVuZGV6X0NhbmNlcl9kZV90aWVtcG8vMTQgRGVsIENpZWxvIEEgTWFkcmlkLm1wMw==\", counterpart:\"\", artist: \"\", image: \"true\", imgurl: \"\" }\n];\n<\/script>\n\n<script>MP3jPLAYERS[1] = { list:MP3jPLAYLISTS.MI_1, tr:0, type:'MI', lstate:true, loop:false, play_txt:'Play', pause_txt:'Pause', pp_title:'Paitunes', autoplay:false, download:false, vol:100, height:120, cssclass:'nostop flip ', popout_css:{ enabled:true, \t\t\tcolours: [\"#f0f0f0\", \"rgba(0, 0, 0, 0.18)\", \"rgba(167, 167, 167, 0.55)\", \"rgba(49, 49, 49, 0.64)\", \"rgba(0, 180, 37, 0.91)\", \"#d3d3d3\", \"#d8d8d8\", \"#3d3232\", \"#262120\", \"#262120\", \"#11912b\", \"\", 400, 600 ],\n\t\t\tcssInterface: { \"color\": \"#3d3232\" },\n\t\t\tcssTitle: { \"left\": \"36px\", \"right\":\"36px\", \"top\":\"30px\" },\n\t\t\tcssImage: { \"overflow\": \"false\", \"width\":\"auto\", \"height\":\"120px\"  },\n\t\t\tcssFontSize: { \"title\": \"22px\", \"caption\": \"15.4px\", \"list\": \"18px\" },\n\t\t\tclasses: { interface:'', title:' right-mjp bold-mjp plain-mjp childNorm-mjp childItalic-mjp', image:' Himg left-mjp', poscol:' soften-mjp', ul:' childNorm-mjp childPlain-mjp left-mjp' }} };<\/script>\n\n\n<p><iframe loading=\"lazy\" width=\"980\" height=\"551\" src=\"https:\/\/www.youtube.com\/embed\/BhUpTB1rrp8?feature=oembed\" frameborder=\"0\" allowfullscreen><\/iframe><\/p>","protected":false},"excerpt":{"rendered":"<p>Javier Gonz\u00e1lez redescubre as\u00ed mesmo neste novo disco e m\u00f3stranos un traballo cheo de mensaxes.<\/p>\n<p>Para aqueles a os que lle gusta darlle voltas \u00e1s cousas e velos desde o prisma da sinxeleza e a realidade da vida mesma, sen d\u00fabida leste \u00e9 o seu disco.<\/p>\n","protected":false},"featured_media":29,"comment_status":"open","ping_status":"closed","template":"","meta":[],"product_brand":[],"product_cat":[6],"product_tag":[],"class_list":{"0":"post-28","1":"product","2":"type-product","3":"status-publish","4":"has-post-thumbnail","6":"product_cat-solistas","7":"pa_formato-cdmp3","8":"pa_formato-mp3","10":"first","11":"instock","12":"taxable","13":"shipping-taxable","14":"purchasable","15":"product-type-variable","16":"has-default-attributes"},"_links":{"self":[{"href":"https:\/\/paitunes.com\/gl\/wp-json\/wp\/v2\/product\/28","targetHints":{"allow":["GET"]}}],"collection":[{"href":"https:\/\/paitunes.com\/gl\/wp-json\/wp\/v2\/product"}],"about":[{"href":"https:\/\/paitunes.com\/gl\/wp-json\/wp\/v2\/types\/product"}],"replies":[{"embeddable":true,"href":"https:\/\/paitunes.com\/gl\/wp-json\/wp\/v2\/comments?post=28"}],"wp:featuredmedia":[{"embeddable":true,"href":"https:\/\/paitunes.com\/gl\/wp-json\/wp\/v2\/media\/29"}],"wp:attachment":[{"href":"https:\/\/paitunes.com\/gl\/wp-json\/wp\/v2\/media?parent=28"}],"wp:term":[{"taxonomy":"product_brand","embeddable":true,"href":"https:\/\/paitunes.com\/gl\/wp-json\/wp\/v2\/product_brand?post=28"},{"taxonomy":"product_cat","embeddable":true,"href":"https:\/\/paitunes.com\/gl\/wp-json\/wp\/v2\/product_cat?post=28"},{"taxonomy":"product_tag","embeddable":true,"href":"https:\/\/paitunes.com\/gl\/wp-json\/wp\/v2\/product_tag?post=28"}],"curies":[{"name":"wp","href":"https:\/\/api.w.org\/{rel}","templated":true}]}}