{"id":628,"date":"2021-12-02T10:25:28","date_gmt":"2021-12-02T09:25:28","guid":{"rendered":"https:\/\/paitunes.com\/?post_type=product&#038;p=628"},"modified":"2025-08-04T01:34:13","modified_gmt":"2025-08-03T23:34:13","slug":"meninos-cantores-2","status":"publish","type":"product","link":"https:\/\/paitunes.com\/gl\/tienda\/meninos-cantores-2\/","title":{"rendered":"Meni\u00f1os Cantores 2"},"content":{"rendered":"<p>Un proxecto de Ponte\u2026nas ondas! con 17 centros educativos de Galiza e Portugal, coa\u00a0<strong>colaboraci\u00f3n de artistas e m\u00fasicos que interpretan conxuntamente en cada concello unha canci\u00f3n tradicional.<\/strong>\u00a0Testemu\u00f1as de persoas e comunidades portadores do patrimonio inmaterial galego-portugu\u00e9s de cada concello.<\/p>\n<p>Un exemplo das boas pr\u00e1cticas co patrimonio cultural inmaterial galego-portugu\u00e9s que a UNESCO pode inscribir en 2022 unha vez que a candidatura de Ponte\u2026nas ondas foi presentada por Portugal e Espa\u00f1a.<\/p>\n<p>Unha idea de Ponte\u2026nas Ondas! coeditada co Consello da Cultura Galega, realizada pola productora Casa de Tolos e publicada por PAI Edici\u00f3ns.<\/p>\n<p><img loading=\"lazy\" decoding=\"async\" class=\"alignnone size-full\" src=\"https:\/\/meninoscantores.com\/wp-content\/uploads\/2021\/11\/Libro-usb-montaje-web-1024x1014.jpg\" alt=\"Libro-USB de Meni\u00f1os cantores 2\" width=\"1024\" height=\"1014\" \/><\/p>\n<h2>O Resultado:<\/h2>\n<ul>\n<li>Unha serie documental de CATRO CAP\u00cdTULOS de 50 minutos<\/li>\n<li>Un libro con m\u00e1is de 90 p\u00e1xinas (formato 20 x 20 cm. en tapa dura), con colaboraci\u00f3ns de escritores e artistas.<\/li>\n<li>Unha tarxeta-USB con canci\u00f3ns, videoclips e karaokes. Acceso \u00e1 serie documental.<\/li>\n<\/ul>\n<p><img loading=\"lazy\" decoding=\"async\" class=\"alignnone size-full\" src=\"https:\/\/meninoscantores.com\/wp-content\/uploads\/2021\/11\/meninos-collage-1024x1024.png\" alt=\"Meni\u00f1os Cantores 2\" width=\"1024\" height=\"1024\" \/><\/p>\n<h3 class=\"alignfull\">Artistas Colaboradores:<\/h3>\n<ul>\n<li><strong>Pancho \u00c1lvarez<\/strong>\u00a0\u2013 Tui<\/li>\n<li><strong>A Roda<\/strong>\u00a0\u2013 As Neves<\/li>\n<li><strong>Luc\u00eda P\u00e9rez<\/strong>\u00a0\u2013 O Rosal<\/li>\n<li><strong>Zaraida de Maskarpone<\/strong>\u00a0\u2013 Ver\u00edn<\/li>\n<li><strong>Ant\u00f3nio Zambujo<\/strong>\u00a0\u2013 Montalegre<\/li>\n<li><strong>Augusto Can\u00e1rio<\/strong>\u00a0\u2013 Valen\u00e7a e Viana do Castelo<\/li>\n<li><strong>Sons do Minho<\/strong>\u00a0\u2013 Mon\u00e7\u00e3o<\/li>\n<li><strong>Daniel Pereira<\/strong>\u00a0\u2013 Melga\u00e7o<\/li>\n<li><strong>Vozes da Radio<\/strong>\u00a0\u2013 Chaves<\/li>\n<li><strong>Cuarteto Caramuxo<\/strong>\u00a0\u2013 Salvaterra<\/li>\n<li><strong>Andrea Pousa<\/strong>\u00a0\u2013 Tomi\u00f1o<\/li>\n<li><strong>Jaime \u00c1lvarez<\/strong>\u00a0\u2013 Caminha<\/li>\n<li><strong>Luis Caruncho<\/strong>\u00a0\u2013 A Guarda<\/li>\n<li><strong>Castri\u00f1o de Rebordech\u00e1n<\/strong>\u00a0\u2013 Crecente<\/li>\n<li><strong>Ux\u00eda<\/strong>\u00a0\u2013 Salceda de Caselas<\/li>\n<li><strong>C\u00e1ndido Miranda<\/strong>\u00a0\u2013 Vilanova da Cerveira<\/li>\n<\/ul>\n<p><img loading=\"lazy\" decoding=\"async\" class=\"alignnone size-full\" src=\"https:\/\/meninoscantores.com\/wp-content\/uploads\/2021\/11\/artistas-collage-1024x954.png\" alt=\"Artistas de meni\u00f1os cantores 2\" width=\"1024\" height=\"954\" \/><\/p>\n<p><iframe loading=\"lazy\" title=\"Trailer Meni\u00f1os Cantores 2\" width=\"980\" height=\"551\" src=\"https:\/\/www.youtube.com\/embed\/UZvL7QSCv5I?feature=oembed\" frameborder=\"0\" allow=\"accelerometer; autoplay; clipboard-write; encrypted-media; gyroscope; picture-in-picture\" allowfullscreen><\/iframe><\/p>","protected":false},"excerpt":{"rendered":"<p>Un proxecto de Ponte\u2026nas ondas! con 17 centros educativos de Galiza e Portugal, coa\u00a0<strong>colaboraci\u00f3n de artistas e m\u00fasicos que interpretan conxuntamente en cada concello unha canci\u00f3n tradicional.<\/strong><\/p>\n","protected":false},"featured_media":629,"comment_status":"open","ping_status":"closed","template":"","meta":[],"product_brand":[],"product_cat":[18],"product_tag":[],"class_list":{"0":"post-628","1":"product","2":"type-product","3":"status-publish","4":"has-post-thumbnail","6":"product_cat-varios","7":"product_shipping_class-gratis","9":"first","10":"instock","11":"featured","12":"taxable","13":"shipping-taxable","14":"purchasable","15":"product-type-simple"},"_links":{"self":[{"href":"https:\/\/paitunes.com\/gl\/wp-json\/wp\/v2\/product\/628","targetHints":{"allow":["GET"]}}],"collection":[{"href":"https:\/\/paitunes.com\/gl\/wp-json\/wp\/v2\/product"}],"about":[{"href":"https:\/\/paitunes.com\/gl\/wp-json\/wp\/v2\/types\/product"}],"replies":[{"embeddable":true,"href":"https:\/\/paitunes.com\/gl\/wp-json\/wp\/v2\/comments?post=628"}],"wp:featuredmedia":[{"embeddable":true,"href":"https:\/\/paitunes.com\/gl\/wp-json\/wp\/v2\/media\/629"}],"wp:attachment":[{"href":"https:\/\/paitunes.com\/gl\/wp-json\/wp\/v2\/media?parent=628"}],"wp:term":[{"taxonomy":"product_brand","embeddable":true,"href":"https:\/\/paitunes.com\/gl\/wp-json\/wp\/v2\/product_brand?post=628"},{"taxonomy":"product_cat","embeddable":true,"href":"https:\/\/paitunes.com\/gl\/wp-json\/wp\/v2\/product_cat?post=628"},{"taxonomy":"product_tag","embeddable":true,"href":"https:\/\/paitunes.com\/gl\/wp-json\/wp\/v2\/product_tag?post=628"}],"curies":[{"name":"wp","href":"https:\/\/api.w.org\/{rel}","templated":true}]}}