{"id":73,"date":"2015-09-04T08:24:47","date_gmt":"2015-09-04T08:24:47","guid":{"rendered":"http:\/\/paitunes.com\/producto\/los-fulanitos-de-tal-dia-f\/"},"modified":"2023-06-23T00:46:38","modified_gmt":"2023-06-22T22:46:38","slug":"los-fulanitos-de-tal-dia-f","status":"publish","type":"product","link":"https:\/\/paitunes.com\/gl\/tienda\/los-fulanitos-de-tal-dia-f\/","title":{"rendered":"Los Fulanitos de Tal &#8211; Dia F"},"content":{"rendered":"<p>&#8221;<strong>Los Fulanitos de Tal<\/strong>&#8221;\u00a0son unha banda catal\u00e1 de punk-rock con m\u00e1is de 16 anos \u00e1s s\u00faas costas. Tras editar tres discos, agora volven con &#8220;<strong>D\u00eda F<\/strong>&#8220;, un Cd e DVD en directo gravado na sala Espai Jove de L\u00b4Example de Barcelona.<\/p>\n<p>19 canci\u00f3ns compo\u00f1en este novo traballo, con canci\u00f3ns como &#8220;Constipado&#8221;, &#8220;La polla&#8221;, &#8220;Exorcista&#8221;, &#8220;Cutre y hortera&#8221; ou &#8220;Basta&#8221;, que son alg\u00fans dos seus temas m\u00e1is emblem\u00e1ticos. Letras sarc\u00e1sticas acompa\u00f1adas de guitarras potentes e ritmos punzantes e unha boa dose de enerx\u00eda positiva.<\/p>\n<p>&nbsp;<\/p>\n<p>\n <div id=\"wrapperMI_1\" class=\"wrap-mjp nostop flip \" style=\"position: relative; padding:5px 0px 30px 0px; margin:0px; width:100%;\">\n\t<div style=\"display:none;\" class=\"Eabove-mjp\" id=\"Eabove-mjp_1\"><\/div>\n\t <div class=\"subwrap-MI\">\n\t\t <div class=\"jp-innerwrap\">\n\t\t\t <div class=\"innerx\"><\/div>\n\t\t\t <div class=\"innerleft\"><\/div>\n\t\t\t <div class=\"innerright\"><\/div>\n\t\t\t <div class=\"innertab\"><\/div>\n\t\t\t <div class=\"interface-mjp\" style=\"height:120px;\" id=\"interfaceMI_1\">\n\t\t\t\t <div class=\"MI-image Himg left-mjp\" id=\"MI_image_1\" style=\" width:auto; height:120px; overflow:false;\"><\/div>\n\t\t\t\t <div id=\"T_mp3j_1\" class=\"player-track-title right-mjp bold-mjp plain-mjp childNorm-mjp childItalic-mjp\" style=\"left:36px; right:36px;  top:30px;\"><\/div>\n\t\t\t\t <div class=\"bars_holder\">\n\t\t\t\t\t <div class=\"loadMI_mp3j\" id=\"load_mp3j_1\"><\/div>\n\t\t\t\t\t <div class=\"poscolMI_mp3j soften-mjp\" id=\"poscol_mp3j_1\"><\/div>\n\t\t\t\t\t <div class=\"posbarMI_mp3j\" id=\"posbar_mp3j_1\"><\/div>\n\t\t\t\t <\/div>\n\t\t\t\t <div id=\"P-Time-MI_1\" class=\"jp-play-time\"><\/div>\n\t\t\t\t <div id=\"T-Time-MI_1\" class=\"jp-total-time\"><\/div>\n\t\t\t\t <div id=\"statusMI_1\" class=\"statusMI\"><\/div>\n\t\t\t\t <div class=\"transport-MI\"><div class=\"play-mjp\" id=\"playpause_mp3j_1\">Play<\/div><div class=\"stop-mjp\" id=\"stop_mp3j_1\">Stop<\/div><div class=\"next-mjp\" id=\"Next_mp3j_1\">Next&raquo;<\/div><div class=\"prev-mjp\" id=\"Prev_mp3j_1\">&laquo;Prev<\/div><\/div>\n\t\t\t\t <div class=\"buttons-wrap-mjp\" id=\"buttons-wrap-mjp_1\">\n\t\t\t\t\t <div class=\"playlist-toggle-MI\" id=\"playlist-toggle_1\">HIDE PLAYLIST<\/div>\n\t\t\t\t\t <div class=\"mp3j-popout-MI\" id=\"lpp_mp3j_1\" style=\"\"><\/div>\n\t\t\t\t\t \n\t\t\t\t <\/div>\n\t\t\t <\/div>\n\t\t\t <div class=\"mjp-volwrap\">\n\t\t\t\t <div class=\"MIsliderVolume\" id=\"vol_mp3j_1\"><\/div>\n\t\t\t\t <div class=\"innerExt1\" id=\"innerExt1_1\"><\/div>\n\t\t\t\t <div class=\"innerExt2\" id=\"innerExt2_1\"><\/div>\n\t\t\t <\/div>\n\t\t <\/div>\n\t\t <div style=\"display:none;\" class=\"Ebetween-mjp\" id=\"Ebetween-mjp_1\"><\/div>\n\t\t <div class=\"listwrap_mp3j\" id=\"L_mp3j_1\" style=\"overflow:auto; max-height:450px;\"><div class=\"wrapper-mjp\"><div class=\"playlist-colour\"><\/div><div class=\"wrapper-mjp\"><ul class=\"ul-mjp childNorm-mjp childPlain-mjp left-mjp\" id=\"UL_mp3j_1\"><li><\/li><\/ul><\/div><\/div><\/div>\n\t <\/div>\n\t <div id=\"mp3j_finfo_1\" class=\"mp3j-finfo\" style=\"display:none;\"><div class=\"mp3j-finfo-sleeve\"><div id=\"mp3j_finfo_gif_1\" class=\"mp3j-finfo-gif\"><\/div><div id=\"mp3j_finfo_txt_1\" class=\"mp3j-finfo-txt\"><\/div><div class=\"mp3j-finfo-close\" id=\"mp3j_finfo_close_1\">X<\/div><\/div><\/div><div id=\"mp3j_dlf_1\" class=\"mp3j-dlframe\" style=\"display:none;\"><\/div>\n\t <div class=\"mp3j-nosolution\" id=\"mp3j_nosolution_1\" style=\"display:none;\"><\/div>\n\t <div style=\"display:none;\" class=\"Ebelow-mjp\" id=\"Ebelow-mjp_1\"><\/div>\n <\/div> \n<script>\nMP3jPLAYLISTS.MI_1 = [\n\t{ name: \"01 Palabra De Triful\", formats: [\"mp3\"], mp3: \"aHR0cDovL3BhaXR1bmVzLmNvbS9pbWFnZXMvc3Rvcmllcy9hdWRpby9GdWxhbml0b3NfZGVfdGFsX0RpYV9GLzAxIFBhbGFicmEgRGUgVHJpZnVsLm1wMw==\", counterpart:\"\", artist: \"\", image: \"true\", imgurl: \"\" },\n\t{ name: \"02 El Buen Amo De Casa\", formats: [\"mp3\"], mp3: \"aHR0cDovL3BhaXR1bmVzLmNvbS9pbWFnZXMvc3Rvcmllcy9hdWRpby9GdWxhbml0b3NfZGVfdGFsX0RpYV9GLzAyIEVsIEJ1ZW4gQW1vIERlIENhc2EubXAz\", counterpart:\"\", artist: \"\", image: \"true\", imgurl: \"\" },\n\t{ name: \"03 Sangre Sudor Y Polipiel\", formats: [\"mp3\"], mp3: \"aHR0cDovL3BhaXR1bmVzLmNvbS9pbWFnZXMvc3Rvcmllcy9hdWRpby9GdWxhbml0b3NfZGVfdGFsX0RpYV9GLzAzIFNhbmdyZSBTdWRvciBZIFBvbGlwaWVsLm1wMw==\", counterpart:\"\", artist: \"\", image: \"true\", imgurl: \"\" },\n\t{ name: \"04 Constipado\", formats: [\"mp3\"], mp3: \"aHR0cDovL3BhaXR1bmVzLmNvbS9pbWFnZXMvc3Rvcmllcy9hdWRpby9GdWxhbml0b3NfZGVfdGFsX0RpYV9GLzA0IENvbnN0aXBhZG8ubXAz\", counterpart:\"\", artist: \"\", image: \"true\", imgurl: \"\" },\n\t{ name: \"05 Aeiou\", formats: [\"mp3\"], mp3: \"aHR0cDovL3BhaXR1bmVzLmNvbS9pbWFnZXMvc3Rvcmllcy9hdWRpby9GdWxhbml0b3NfZGVfdGFsX0RpYV9GLzA1IEFlaW91Lm1wMw==\", counterpart:\"\", artist: \"\", image: \"true\", imgurl: \"\" },\n\t{ name: \"06 El Hombre De La Gabardina\", formats: [\"mp3\"], mp3: \"aHR0cDovL3BhaXR1bmVzLmNvbS9pbWFnZXMvc3Rvcmllcy9hdWRpby9GdWxhbml0b3NfZGVfdGFsX0RpYV9GLzA2IEVsIEhvbWJyZSBEZSBMYSBHYWJhcmRpbmEubXAz\", counterpart:\"\", artist: \"\", image: \"true\", imgurl: \"\" },\n\t{ name: \"07 Todo Queda Atras\", formats: [\"mp3\"], mp3: \"aHR0cDovL3BhaXR1bmVzLmNvbS9pbWFnZXMvc3Rvcmllcy9hdWRpby9GdWxhbml0b3NfZGVfdGFsX0RpYV9GLzA3IFRvZG8gUXVlZGEgQXRyYXMubXAz\", counterpart:\"\", artist: \"\", image: \"true\", imgurl: \"\" },\n\t{ name: \"08 Monotonia\", formats: [\"mp3\"], mp3: \"aHR0cDovL3BhaXR1bmVzLmNvbS9pbWFnZXMvc3Rvcmllcy9hdWRpby9GdWxhbml0b3NfZGVfdGFsX0RpYV9GLzA4IE1vbm90b25pYS5tcDM=\", counterpart:\"\", artist: \"\", image: \"true\", imgurl: \"\" },\n\t{ name: \"09 Vamos A Ganar\", formats: [\"mp3\"], mp3: \"aHR0cDovL3BhaXR1bmVzLmNvbS9pbWFnZXMvc3Rvcmllcy9hdWRpby9GdWxhbml0b3NfZGVfdGFsX0RpYV9GLzA5IFZhbW9zIEEgR2FuYXIubXAz\", counterpart:\"\", artist: \"\", image: \"true\", imgurl: \"\" },\n\t{ name: \"10 Siempre\", formats: [\"mp3\"], mp3: \"aHR0cDovL3BhaXR1bmVzLmNvbS9pbWFnZXMvc3Rvcmllcy9hdWRpby9GdWxhbml0b3NfZGVfdGFsX0RpYV9GLzEwIFNpZW1wcmUubXAz\", counterpart:\"\", artist: \"\", image: \"true\", imgurl: \"\" },\n\t{ name: \"11 Viagra\", formats: [\"mp3\"], mp3: \"aHR0cDovL3BhaXR1bmVzLmNvbS9pbWFnZXMvc3Rvcmllcy9hdWRpby9GdWxhbml0b3NfZGVfdGFsX0RpYV9GLzExIFZpYWdyYS5tcDM=\", counterpart:\"\", artist: \"\", image: \"true\", imgurl: \"\" },\n\t{ name: \"12 Cumpleanos Senil\", formats: [\"mp3\"], mp3: \"aHR0cDovL3BhaXR1bmVzLmNvbS9pbWFnZXMvc3Rvcmllcy9hdWRpby9GdWxhbml0b3NfZGVfdGFsX0RpYV9GLzEyIEN1bXBsZWFub3MgU2VuaWwubXAz\", counterpart:\"\", artist: \"\", image: \"true\", imgurl: \"\" },\n\t{ name: \"13 Cutre Y Hortera\", formats: [\"mp3\"], mp3: \"aHR0cDovL3BhaXR1bmVzLmNvbS9pbWFnZXMvc3Rvcmllcy9hdWRpby9GdWxhbml0b3NfZGVfdGFsX0RpYV9GLzEzIEN1dHJlIFkgSG9ydGVyYS5tcDM=\", counterpart:\"\", artist: \"\", image: \"true\", imgurl: \"\" },\n\t{ name: \"14 A Mil\", formats: [\"mp3\"], mp3: \"aHR0cDovL3BhaXR1bmVzLmNvbS9pbWFnZXMvc3Rvcmllcy9hdWRpby9GdWxhbml0b3NfZGVfdGFsX0RpYV9GLzE0IEEgTWlsLm1wMw==\", counterpart:\"\", artist: \"\", image: \"true\", imgurl: \"\" },\n\t{ name: \"15 Control Suspendido\", formats: [\"mp3\"], mp3: \"aHR0cDovL3BhaXR1bmVzLmNvbS9pbWFnZXMvc3Rvcmllcy9hdWRpby9GdWxhbml0b3NfZGVfdGFsX0RpYV9GLzE1IENvbnRyb2wgU3VzcGVuZGlkby5tcDM=\", counterpart:\"\", artist: \"\", image: \"true\", imgurl: \"\" },\n\t{ name: \"16 Moscu\", formats: [\"mp3\"], mp3: \"aHR0cDovL3BhaXR1bmVzLmNvbS9pbWFnZXMvc3Rvcmllcy9hdWRpby9GdWxhbml0b3NfZGVfdGFsX0RpYV9GLzE2IE1vc2N1Lm1wMw==\", counterpart:\"\", artist: \"\", image: \"true\", imgurl: \"\" },\n\t{ name: \"17 Exorcista\", formats: [\"mp3\"], mp3: \"aHR0cDovL3BhaXR1bmVzLmNvbS9pbWFnZXMvc3Rvcmllcy9hdWRpby9GdWxhbml0b3NfZGVfdGFsX0RpYV9GLzE3IEV4b3JjaXN0YS5tcDM=\", counterpart:\"\", artist: \"\", image: \"true\", imgurl: \"\" },\n\t{ name: \"18 La Polla\", formats: [\"mp3\"], mp3: \"aHR0cDovL3BhaXR1bmVzLmNvbS9pbWFnZXMvc3Rvcmllcy9hdWRpby9GdWxhbml0b3NfZGVfdGFsX0RpYV9GLzE4IExhIFBvbGxhLm1wMw==\", counterpart:\"\", artist: \"\", image: \"true\", imgurl: \"\" },\n\t{ name: \"19 Basta\", formats: [\"mp3\"], mp3: \"aHR0cDovL3BhaXR1bmVzLmNvbS9pbWFnZXMvc3Rvcmllcy9hdWRpby9GdWxhbml0b3NfZGVfdGFsX0RpYV9GLzE5IEJhc3RhLm1wMw==\", counterpart:\"\", artist: \"\", image: \"true\", imgurl: \"\" }\n];\n<\/script>\n\n<script>MP3jPLAYERS[1] = { list:MP3jPLAYLISTS.MI_1, tr:0, type:'MI', lstate:true, loop:false, play_txt:'Play', pause_txt:'Pause', pp_title:'Paitunes', autoplay:false, download:false, vol:100, height:120, cssclass:'nostop flip ', popout_css:{ enabled:true, \t\t\tcolours: [\"#f0f0f0\", \"rgba(0, 0, 0, 0.18)\", \"rgba(167, 167, 167, 0.55)\", \"rgba(49, 49, 49, 0.64)\", \"rgba(0, 180, 37, 0.91)\", \"#d3d3d3\", \"#d8d8d8\", \"#3d3232\", \"#262120\", \"#262120\", \"#11912b\", \"\", 400, 600 ],\n\t\t\tcssInterface: { \"color\": \"#3d3232\" },\n\t\t\tcssTitle: { \"left\": \"36px\", \"right\":\"36px\", \"top\":\"30px\" },\n\t\t\tcssImage: { \"overflow\": \"false\", \"width\":\"auto\", \"height\":\"120px\"  },\n\t\t\tcssFontSize: { \"title\": \"22px\", \"caption\": \"15.4px\", \"list\": \"18px\" },\n\t\t\tclasses: { interface:'', title:' right-mjp bold-mjp plain-mjp childNorm-mjp childItalic-mjp', image:' Himg left-mjp', poscol:' soften-mjp', ul:' childNorm-mjp childPlain-mjp left-mjp' }} };<\/script>\n\n<\/p>","protected":false},"excerpt":{"rendered":"<p>&#8220;<strong>Los Fulanitos de Tal<\/strong>&#8221;\u00a0son unha banda catal\u00e1 de punk-rock con m\u00e1is de 16 anos \u00e1s s\u00faas costas. Tras editar tres discos, agora volven con &#8220;<strong>D\u00eda F<\/strong>&#8220;, un Cd e DVD en directo gravado na sala Espai Jove de L\u00b4Example de Barcelona.<\/p>\n","protected":false},"featured_media":77,"comment_status":"open","ping_status":"closed","template":"","meta":[],"product_brand":[],"product_cat":[30,16],"product_tag":[],"class_list":{"0":"post-73","1":"product","2":"type-product","3":"status-publish","4":"has-post-thumbnail","6":"product_cat-liquidacion","7":"product_cat-rock-y-pop","8":"product_shipping_class-envio-liquidacion","9":"pa_formato-cd-jewell-box","10":"pa_formato-mp3-descargable","12":"first","13":"instock","14":"sale","15":"taxable","16":"shipping-taxable","17":"purchasable","18":"product-type-variable","19":"has-default-attributes"},"_links":{"self":[{"href":"https:\/\/paitunes.com\/gl\/wp-json\/wp\/v2\/product\/73","targetHints":{"allow":["GET"]}}],"collection":[{"href":"https:\/\/paitunes.com\/gl\/wp-json\/wp\/v2\/product"}],"about":[{"href":"https:\/\/paitunes.com\/gl\/wp-json\/wp\/v2\/types\/product"}],"replies":[{"embeddable":true,"href":"https:\/\/paitunes.com\/gl\/wp-json\/wp\/v2\/comments?post=73"}],"wp:featuredmedia":[{"embeddable":true,"href":"https:\/\/paitunes.com\/gl\/wp-json\/wp\/v2\/media\/77"}],"wp:attachment":[{"href":"https:\/\/paitunes.com\/gl\/wp-json\/wp\/v2\/media?parent=73"}],"wp:term":[{"taxonomy":"product_brand","embeddable":true,"href":"https:\/\/paitunes.com\/gl\/wp-json\/wp\/v2\/product_brand?post=73"},{"taxonomy":"product_cat","embeddable":true,"href":"https:\/\/paitunes.com\/gl\/wp-json\/wp\/v2\/product_cat?post=73"},{"taxonomy":"product_tag","embeddable":true,"href":"https:\/\/paitunes.com\/gl\/wp-json\/wp\/v2\/product_tag?post=73"}],"curies":[{"name":"wp","href":"https:\/\/api.w.org\/{rel}","templated":true}]}}