{"id":86,"date":"2015-09-04T08:40:02","date_gmt":"2015-09-04T06:40:02","guid":{"rendered":"http:\/\/paitunes.com\/producto\/moon-cresta-erocktile-dysfunktion-soulutions\/"},"modified":"2016-10-27T11:29:41","modified_gmt":"2016-10-27T09:29:41","slug":"moon-cresta-erocktile-dysfunktion-soulutions","status":"publish","type":"product","link":"https:\/\/paitunes.com\/gl\/tienda\/moon-cresta-erocktile-dysfunktion-soulutions\/","title":{"rendered":"Moon Cresta &#8211; eROCKtile dysFUNKtion SOULutions"},"content":{"rendered":"<p>Con este lema presenta <a href=\"http:\/\/www.moon-cresta.com\/\"><strong>Moon Cresta<\/strong><\/a> su primera aventura discogr\u00e1fica. Toda una declaraci\u00f3n de intenciones que ofrece un sano, a la vez que excitante, remedio para todo aquel que padezca s\u00edntomas de hast\u00edo, tedio o apat\u00eda.<\/p>\n<p>Si sientes tu libido musical deca\u00edda, si tus o\u00eddos no encuentran nada sugestivo, si nada suena como aquello que siempre te hizo vibrar: prueba con <a href=\"http:\/\/www.moon-cresta.com\/\"><strong>Moon Cresta<\/strong><\/a> y sus \u201c<strong>eROCKtile dysFUNKtion SOULutions<\/strong>\u201d, un CD de 10 descargas de electro-shock sonoro, con un DVD de 9 grageas-ac\u00fasticas en directo en formato desenchufado y adem\u00e1s un videoclip comprimido con el single presentaci\u00f3n. Todo ello, elaborado con fines terap\u00e9uticos encaminados a la mejora de la salud de su deleite musical. No obstante, <a href=\"http:\/\/www.moon-cresta.com\/\"><strong>Moon Cresta<\/strong><\/a> no s\u00f3lo recomienda, sin\u00f3 que aconseja el consumo de su f\u00f3rmula a personas que no presenten s\u00edntomas con dicho decaimiento.<\/p>\n<p><iframe loading=\"lazy\" width=\"980\" height=\"551\" src=\"https:\/\/www.youtube.com\/embed\/qQc_A0MtJZo?feature=oembed\" frameborder=\"0\" allowfullscreen><\/iframe><\/p>","protected":false},"excerpt":{"rendered":"<p>Con este lema presenta <a href=\"http:\/\/www.moon-cresta.com\/\"><strong>Moon Cresta<\/strong><\/a> su primera aventura discogr\u00e1fica. Toda una declaraci\u00f3n de intenciones que ofrece un sano, a la vez que excitante, remedio para todo aquel que padezca s\u00edntomas de hast\u00edo, tedio o apat\u00eda.<\/p>\n","protected":false},"featured_media":89,"comment_status":"open","ping_status":"closed","template":"","meta":[],"product_brand":[],"product_cat":[16],"product_tag":[],"class_list":{"0":"post-86","1":"product","2":"type-product","3":"status-publish","4":"has-post-thumbnail","6":"product_cat-rock-y-pop","7":"pa_formato-cdmp3-2","8":"pa_formato-mp3","10":"first","11":"instock","12":"taxable","13":"shipping-taxable","14":"purchasable","15":"product-type-variable"},"_links":{"self":[{"href":"https:\/\/paitunes.com\/gl\/wp-json\/wp\/v2\/product\/86","targetHints":{"allow":["GET"]}}],"collection":[{"href":"https:\/\/paitunes.com\/gl\/wp-json\/wp\/v2\/product"}],"about":[{"href":"https:\/\/paitunes.com\/gl\/wp-json\/wp\/v2\/types\/product"}],"replies":[{"embeddable":true,"href":"https:\/\/paitunes.com\/gl\/wp-json\/wp\/v2\/comments?post=86"}],"wp:featuredmedia":[{"embeddable":true,"href":"https:\/\/paitunes.com\/gl\/wp-json\/wp\/v2\/media\/89"}],"wp:attachment":[{"href":"https:\/\/paitunes.com\/gl\/wp-json\/wp\/v2\/media?parent=86"}],"wp:term":[{"taxonomy":"product_brand","embeddable":true,"href":"https:\/\/paitunes.com\/gl\/wp-json\/wp\/v2\/product_brand?post=86"},{"taxonomy":"product_cat","embeddable":true,"href":"https:\/\/paitunes.com\/gl\/wp-json\/wp\/v2\/product_cat?post=86"},{"taxonomy":"product_tag","embeddable":true,"href":"https:\/\/paitunes.com\/gl\/wp-json\/wp\/v2\/product_tag?post=86"}],"curies":[{"name":"wp","href":"https:\/\/api.w.org\/{rel}","templated":true}]}}