{"id":94,"date":"2015-09-04T08:49:11","date_gmt":"2015-09-04T08:49:11","guid":{"rendered":"http:\/\/paitunes.com\/producto\/jabon-blue-flores-en-la-carretera\/"},"modified":"2019-12-26T13:22:39","modified_gmt":"2019-12-26T12:22:39","slug":"jabon-blue-flores-en-la-carretera","status":"publish","type":"product","link":"https:\/\/paitunes.com\/gl\/tienda\/jabon-blue-flores-en-la-carretera\/","title":{"rendered":"Jabon Blue &#8211; Flores en la carretera"},"content":{"rendered":"<p><em><strong>Jab\u00f3n Blue<\/strong><\/em> \u00e9 a banda formada en 2005 por <strong>Javi Maneiro &#8220;Ou fillo d\u00e1 Necha&#8221;<\/strong> (voz), <strong>Kuervo\u00a0<\/strong>(guitarra),\u00a0<strong>Diego &#8220;Mayor Tom&#8221;<\/strong> (guitarra), <strong>Pony<\/strong> (baixo) e <strong>Marcos Otero<\/strong> (Bater\u00eda).<\/p>\n<p><strong>&#8220;Flores en la carretera&#8221;<\/strong> (2010), dedicado a tod@s os que perderon a vida na estrada. Nel contan de novo con <strong>Segundo Grand\u00edo<\/strong> como produtor, ademais da colaboraci\u00f3n de <strong>Luis Cobos<\/strong> dirixindo un arranxo de corda, no tema que pon nome ao disco.<\/p>\n<p>Son 14 canci\u00f3ns coidadosamente seleccionadas entre unha longa lista, para formar un \u00e1lbum cheo de <strong>Rock and Roll<\/strong>, a\u00ednda que esta vez si, con certa influencia do <strong>Pop<\/strong> dos anos 60 e 70.<\/p>\n<p>Foi gravado nos estudos <strong>&#8220;Casa de Tolos&#8221;<\/strong> en xaneiro de 2010 e editado baixo o selo\u00a0<strong>&#8220;PAI M\u00fasica&#8221;<\/strong>.<\/p>\n<p>No grupo hai tres Galegos, un Portugu\u00e9s e un Madrile\u00f1o. Desta estra\u00f1a aliaxe de caracteres, nace un explosivo son contundente e a desenvoltura no escenario, que fai honras ao longo cami\u00f1o de varios dos seus membros.<\/p>\n<p>Tan s\u00f3 16 anos de carreira musical, 10 discos editados e m\u00e1is de 30.000 copias vendidas unicamente en Galicia, avalan a traxectoria de Javi Maneiro, voz dos m\u00edticos Heredeiros d\u00e1 Crus e actual Front Man de Jabon Blue.<\/p>\n<p>&nbsp;<\/p>\n\n <div id=\"wrapperMI_1\" class=\"wrap-mjp nostop flip \" style=\"position: relative; padding:5px 0px 30px 0px; margin:0px; width:100%;\">\n\t<div style=\"display:none;\" class=\"Eabove-mjp\" id=\"Eabove-mjp_1\"><\/div>\n\t <div class=\"subwrap-MI\">\n\t\t <div class=\"jp-innerwrap\">\n\t\t\t <div class=\"innerx\"><\/div>\n\t\t\t <div class=\"innerleft\"><\/div>\n\t\t\t <div class=\"innerright\"><\/div>\n\t\t\t <div class=\"innertab\"><\/div>\n\t\t\t <div class=\"interface-mjp\" style=\"height:120px;\" id=\"interfaceMI_1\">\n\t\t\t\t <div class=\"MI-image Himg left-mjp\" id=\"MI_image_1\" style=\" width:auto; height:120px; overflow:false;\"><\/div>\n\t\t\t\t <div id=\"T_mp3j_1\" class=\"player-track-title right-mjp bold-mjp plain-mjp childNorm-mjp childItalic-mjp\" style=\"left:36px; right:36px;  top:30px;\"><\/div>\n\t\t\t\t <div class=\"bars_holder\">\n\t\t\t\t\t <div class=\"loadMI_mp3j\" id=\"load_mp3j_1\"><\/div>\n\t\t\t\t\t <div class=\"poscolMI_mp3j soften-mjp\" id=\"poscol_mp3j_1\"><\/div>\n\t\t\t\t\t <div class=\"posbarMI_mp3j\" id=\"posbar_mp3j_1\"><\/div>\n\t\t\t\t <\/div>\n\t\t\t\t <div id=\"P-Time-MI_1\" class=\"jp-play-time\"><\/div>\n\t\t\t\t <div id=\"T-Time-MI_1\" class=\"jp-total-time\"><\/div>\n\t\t\t\t <div id=\"statusMI_1\" class=\"statusMI\"><\/div>\n\t\t\t\t <div class=\"transport-MI\"><div class=\"play-mjp\" id=\"playpause_mp3j_1\">Play<\/div><div class=\"stop-mjp\" id=\"stop_mp3j_1\">Stop<\/div><div class=\"next-mjp\" id=\"Next_mp3j_1\">Next&raquo;<\/div><div class=\"prev-mjp\" id=\"Prev_mp3j_1\">&laquo;Prev<\/div><\/div>\n\t\t\t\t <div class=\"buttons-wrap-mjp\" id=\"buttons-wrap-mjp_1\">\n\t\t\t\t\t <div class=\"playlist-toggle-MI\" id=\"playlist-toggle_1\">HIDE PLAYLIST<\/div>\n\t\t\t\t\t <div class=\"mp3j-popout-MI\" id=\"lpp_mp3j_1\" style=\"\"><\/div>\n\t\t\t\t\t \n\t\t\t\t <\/div>\n\t\t\t <\/div>\n\t\t\t <div class=\"mjp-volwrap\">\n\t\t\t\t <div class=\"MIsliderVolume\" id=\"vol_mp3j_1\"><\/div>\n\t\t\t\t <div class=\"innerExt1\" id=\"innerExt1_1\"><\/div>\n\t\t\t\t <div class=\"innerExt2\" id=\"innerExt2_1\"><\/div>\n\t\t\t <\/div>\n\t\t <\/div>\n\t\t <div style=\"display:none;\" class=\"Ebetween-mjp\" id=\"Ebetween-mjp_1\"><\/div>\n\t\t <div class=\"listwrap_mp3j\" id=\"L_mp3j_1\" style=\"overflow:auto; max-height:450px;\"><div class=\"wrapper-mjp\"><div class=\"playlist-colour\"><\/div><div class=\"wrapper-mjp\"><ul class=\"ul-mjp childNorm-mjp childPlain-mjp left-mjp\" id=\"UL_mp3j_1\"><li><\/li><\/ul><\/div><\/div><\/div>\n\t <\/div>\n\t <div id=\"mp3j_finfo_1\" class=\"mp3j-finfo\" style=\"display:none;\"><div class=\"mp3j-finfo-sleeve\"><div id=\"mp3j_finfo_gif_1\" class=\"mp3j-finfo-gif\"><\/div><div id=\"mp3j_finfo_txt_1\" class=\"mp3j-finfo-txt\"><\/div><div class=\"mp3j-finfo-close\" id=\"mp3j_finfo_close_1\">X<\/div><\/div><\/div><div id=\"mp3j_dlf_1\" class=\"mp3j-dlframe\" style=\"display:none;\"><\/div>\n\t <div class=\"mp3j-nosolution\" id=\"mp3j_nosolution_1\" style=\"display:none;\"><\/div>\n\t <div style=\"display:none;\" class=\"Ebelow-mjp\" id=\"Ebelow-mjp_1\"><\/div>\n <\/div> \n<script>\nMP3jPLAYLISTS.MI_1 = [\n\t{ name: \"01 Barbansa You!\", formats: [\"mp3\"], mp3: \"aHR0cDovL3BhaXR1bmVzLmNvbS9pbWFnZXMvc3Rvcmllcy9hdWRpby9KYWJvbl9CbHVlX0Zsb3Jlc19lbl9sYV9jYXJyZXRlcmEvMDEgQmFyYmFuc2EgWW91IS5tcDM=\", counterpart:\"\", artist: \"\", image: \"true\", imgurl: \"\" },\n\t{ name: \"02 Juana y Juan\", formats: [\"mp3\"], mp3: \"aHR0cDovL3BhaXR1bmVzLmNvbS9pbWFnZXMvc3Rvcmllcy9hdWRpby9KYWJvbl9CbHVlX0Zsb3Jlc19lbl9sYV9jYXJyZXRlcmEvMDIgSnVhbmEgeSBKdWFuLm1wMw==\", counterpart:\"\", artist: \"\", image: \"true\", imgurl: \"\" },\n\t{ name: \"03 Flores en la carretera\", formats: [\"mp3\"], mp3: \"aHR0cDovL3BhaXR1bmVzLmNvbS9pbWFnZXMvc3Rvcmllcy9hdWRpby9KYWJvbl9CbHVlX0Zsb3Jlc19lbl9sYV9jYXJyZXRlcmEvMDMgRmxvcmVzIGVuIGxhIGNhcnJldGVyYS5tcDM=\", counterpart:\"\", artist: \"\", image: \"true\", imgurl: \"\" },\n\t{ name: \"04 El Chichi\", formats: [\"mp3\"], mp3: \"aHR0cDovL3BhaXR1bmVzLmNvbS9pbWFnZXMvc3Rvcmllcy9hdWRpby9KYWJvbl9CbHVlX0Zsb3Jlc19lbl9sYV9jYXJyZXRlcmEvMDQgRWwgQ2hpY2hpLm1wMw==\", counterpart:\"\", artist: \"\", image: \"true\", imgurl: \"\" },\n\t{ name: \"05 El baile de los huesos\", formats: [\"mp3\"], mp3: \"aHR0cDovL3BhaXR1bmVzLmNvbS9pbWFnZXMvc3Rvcmllcy9hdWRpby9KYWJvbl9CbHVlX0Zsb3Jlc19lbl9sYV9jYXJyZXRlcmEvMDUgRWwgYmFpbGUgZGUgbG9zIGh1ZXNvcy5tcDM=\", counterpart:\"\", artist: \"\", image: \"true\", imgurl: \"\" },\n\t{ name: \"06 No mas platero\", formats: [\"mp3\"], mp3: \"aHR0cDovL3BhaXR1bmVzLmNvbS9pbWFnZXMvc3Rvcmllcy9hdWRpby9KYWJvbl9CbHVlX0Zsb3Jlc19lbl9sYV9jYXJyZXRlcmEvMDYgTm8gbWFzIHBsYXRlcm8ubXAz\", counterpart:\"\", artist: \"\", image: \"true\", imgurl: \"\" },\n\t{ name: \"07 Total Ingravidez\", formats: [\"mp3\"], mp3: \"aHR0cDovL3BhaXR1bmVzLmNvbS9pbWFnZXMvc3Rvcmllcy9hdWRpby9KYWJvbl9CbHVlX0Zsb3Jlc19lbl9sYV9jYXJyZXRlcmEvMDcgVG90YWwgSW5ncmF2aWRlei5tcDM=\", counterpart:\"\", artist: \"\", image: \"true\", imgurl: \"\" },\n\t{ name: \"08 Belen no me toques las campanas\", formats: [\"mp3\"], mp3: \"aHR0cDovL3BhaXR1bmVzLmNvbS9pbWFnZXMvc3Rvcmllcy9hdWRpby9KYWJvbl9CbHVlX0Zsb3Jlc19lbl9sYV9jYXJyZXRlcmEvMDggQmVsZW4gbm8gbWUgdG9xdWVzIGxhcyBjYW1wYW5hcy5tcDM=\", counterpart:\"\", artist: \"\", image: \"true\", imgurl: \"\" },\n\t{ name: \"09 Voy a cortarle las alas al Kuervo\", formats: [\"mp3\"], mp3: \"aHR0cDovL3BhaXR1bmVzLmNvbS9pbWFnZXMvc3Rvcmllcy9hdWRpby9KYWJvbl9CbHVlX0Zsb3Jlc19lbl9sYV9jYXJyZXRlcmEvMDkgVm95IGEgY29ydGFybGUgbGFzIGFsYXMgYWwgS3VlcnZvLm1wMw==\", counterpart:\"\", artist: \"\", image: \"true\", imgurl: \"\" },\n\t{ name: \"10 Felisidad\", formats: [\"mp3\"], mp3: \"aHR0cDovL3BhaXR1bmVzLmNvbS9pbWFnZXMvc3Rvcmllcy9hdWRpby9KYWJvbl9CbHVlX0Zsb3Jlc19lbl9sYV9jYXJyZXRlcmEvMTAgRmVsaXNpZGFkLm1wMw==\", counterpart:\"\", artist: \"\", image: \"true\", imgurl: \"\" },\n\t{ name: \"11 Tonterias\", formats: [\"mp3\"], mp3: \"aHR0cDovL3BhaXR1bmVzLmNvbS9pbWFnZXMvc3Rvcmllcy9hdWRpby9KYWJvbl9CbHVlX0Zsb3Jlc19lbl9sYV9jYXJyZXRlcmEvMTEgVG9udGVyaWFzLm1wMw==\", counterpart:\"\", artist: \"\", image: \"true\", imgurl: \"\" },\n\t{ name: \"12 Tranquipastillas\", formats: [\"mp3\"], mp3: \"aHR0cDovL3BhaXR1bmVzLmNvbS9pbWFnZXMvc3Rvcmllcy9hdWRpby9KYWJvbl9CbHVlX0Zsb3Jlc19lbl9sYV9jYXJyZXRlcmEvMTIgVHJhbnF1aXBhc3RpbGxhcy5tcDM=\", counterpart:\"\", artist: \"\", image: \"true\", imgurl: \"\" },\n\t{ name: \"13 Armagendon \", formats: [\"mp3\"], mp3: \"aHR0cDovL3BhaXR1bmVzLmNvbS9pbWFnZXMvc3Rvcmllcy9hdWRpby9KYWJvbl9CbHVlX0Zsb3Jlc19lbl9sYV9jYXJyZXRlcmEvMTMgQXJtYWdlbmRvbiAubXAz\", counterpart:\"\", artist: \"\", image: \"true\", imgurl: \"\" },\n\t{ name: \"14 Don\u0303a Pancha\", formats: [\"mp3\"], mp3: \"aHR0cDovL3BhaXR1bmVzLmNvbS9pbWFnZXMvc3Rvcmllcy9hdWRpby9KYWJvbl9CbHVlX0Zsb3Jlc19lbl9sYV9jYXJyZXRlcmEvMTQgRG9uzINhIFBhbmNoYS5tcDM=\", counterpart:\"\", artist: \"\", image: \"true\", imgurl: \"\" }\n];\n<\/script>\n\n<script>MP3jPLAYERS[1] = { list:MP3jPLAYLISTS.MI_1, tr:0, type:'MI', lstate:true, loop:false, play_txt:'Play', pause_txt:'Pause', pp_title:'Paitunes', autoplay:false, download:false, vol:100, height:120, cssclass:'nostop flip ', popout_css:{ enabled:true, \t\t\tcolours: [\"#f0f0f0\", \"rgba(0, 0, 0, 0.18)\", \"rgba(167, 167, 167, 0.55)\", \"rgba(49, 49, 49, 0.64)\", \"rgba(0, 180, 37, 0.91)\", \"#d3d3d3\", \"#d8d8d8\", \"#3d3232\", \"#262120\", \"#262120\", \"#11912b\", \"\", 400, 600 ],\n\t\t\tcssInterface: { \"color\": \"#3d3232\" },\n\t\t\tcssTitle: { \"left\": \"36px\", \"right\":\"36px\", \"top\":\"30px\" },\n\t\t\tcssImage: { \"overflow\": \"false\", \"width\":\"auto\", \"height\":\"120px\"  },\n\t\t\tcssFontSize: { \"title\": \"22px\", \"caption\": \"15.4px\", \"list\": \"18px\" },\n\t\t\tclasses: { interface:'', title:' right-mjp bold-mjp plain-mjp childNorm-mjp childItalic-mjp', image:' Himg left-mjp', poscol:' soften-mjp', ul:' childNorm-mjp childPlain-mjp left-mjp' }} };<\/script>\n\n\n<p><iframe loading=\"lazy\" width=\"980\" height=\"551\" src=\"https:\/\/www.youtube.com\/embed\/VJQ122X285Y?feature=oembed\" frameborder=\"0\" allowfullscreen><\/iframe><\/p>","protected":false},"excerpt":{"rendered":"<p><em><strong>Jab\u00f3n Blue<\/strong><\/em> \u00e9 a banda formada en 2005 por <strong>Javi Maneiro &#8220;Ou fillo d\u00e1 Necha&#8221;<\/strong> (voz), <strong>Kuervo\u00a0<\/strong>(guitarra),\u00a0<strong>Diego &#8220;Mayor Tom&#8221;<\/strong> (guitarra), <strong>Pony<\/strong> (baixo) e <strong>Marcos Otero<\/strong> (Bater\u00eda).<\/p>\n<p><strong>&#8220;Flores en la carretera&#8221;<\/strong> (2010), dedicado a tod@s os que perderon a vida na estrada. Nel contan de novo con <strong>Segundo Grand\u00edo<\/strong> como produtor, ademais da colaboraci\u00f3n de <strong>Luis Cobos<\/strong> dirixindo un arranxo de corda, no tema que pon nome ao disco.<\/p>\n","protected":false},"featured_media":97,"comment_status":"open","ping_status":"closed","template":"","meta":[],"product_brand":[],"product_cat":[16],"product_tag":[],"class_list":{"0":"post-94","1":"product","2":"type-product","3":"status-publish","4":"has-post-thumbnail","6":"product_cat-rock-y-pop","7":"pa_formato-cdmp3-2","8":"pa_formato-mp3","10":"first","11":"instock","12":"taxable","13":"shipping-taxable","14":"purchasable","15":"product-type-variable"},"_links":{"self":[{"href":"https:\/\/paitunes.com\/gl\/wp-json\/wp\/v2\/product\/94","targetHints":{"allow":["GET"]}}],"collection":[{"href":"https:\/\/paitunes.com\/gl\/wp-json\/wp\/v2\/product"}],"about":[{"href":"https:\/\/paitunes.com\/gl\/wp-json\/wp\/v2\/types\/product"}],"replies":[{"embeddable":true,"href":"https:\/\/paitunes.com\/gl\/wp-json\/wp\/v2\/comments?post=94"}],"wp:featuredmedia":[{"embeddable":true,"href":"https:\/\/paitunes.com\/gl\/wp-json\/wp\/v2\/media\/97"}],"wp:attachment":[{"href":"https:\/\/paitunes.com\/gl\/wp-json\/wp\/v2\/media?parent=94"}],"wp:term":[{"taxonomy":"product_brand","embeddable":true,"href":"https:\/\/paitunes.com\/gl\/wp-json\/wp\/v2\/product_brand?post=94"},{"taxonomy":"product_cat","embeddable":true,"href":"https:\/\/paitunes.com\/gl\/wp-json\/wp\/v2\/product_cat?post=94"},{"taxonomy":"product_tag","embeddable":true,"href":"https:\/\/paitunes.com\/gl\/wp-json\/wp\/v2\/product_tag?post=94"}],"curies":[{"name":"wp","href":"https:\/\/api.w.org\/{rel}","templated":true}]}}