{"id":98,"date":"2015-09-04T08:55:15","date_gmt":"2015-09-04T08:55:15","guid":{"rendered":"http:\/\/paitunes.com\/?post_type=product&#038;p=98"},"modified":"2016-10-19T12:17:34","modified_gmt":"2016-10-19T10:17:34","slug":"kit-vigo-yeye-disco-camiseta","status":"publish","type":"product","link":"https:\/\/paitunes.com\/gl\/tienda\/kit-vigo-yeye-disco-camiseta\/","title":{"rendered":"Kit Vigo Yey\u00e9: Disco + Camiseta"},"content":{"rendered":"<p>Vigo fue una de las ciudades espa\u00f1olas que con m\u00e1s decisi\u00f3n se sum\u00f3 al m\u00e1gico movimiento musical que defini\u00f3 la d\u00e9cada de los sesenta.<\/p>\n<p>Toda una generaci\u00f3n de adolescentes, a los que termin\u00f3 conoci\u00e9ndose como \u201cye-y\u00e9s\u201d, mostraba no s\u00f3lo su rebeld\u00eda para con un sistema opresivo e injusto usando la m\u00fasica como principal argumento, sino que mostraba el genio y la inspiraci\u00f3n de una juventud deseosa de evolucionar y cambiar el mundo. Cuarenta a\u00f1os y pico despu\u00e9s, aquellos valerosos m\u00fasicos de anta\u00f1o vuelven a reunirse para colaborar juntos en la creaci\u00f3n de un trabajo discogr\u00e1fico brillante y original que rinde tributo a toda una \u00e9poca, y ofrece su homenaje a los que se han quedado por el camino.<\/p>\n<p>Diez bandas hist\u00f3ricas, un CD con veinte temas originales, y un DVD con diez v\u00eddeoclips definen con toda propiedad un fen\u00f3meno en el que Vigo estuvo en primera l\u00ednea. \u201cVigo Ye-y\u00e9\u201d, una parte de nuestra historia.<\/p>","protected":false},"excerpt":{"rendered":"<p>Vigo fue una de las ciudades espa\u00f1olas que con m\u00e1s decisi\u00f3n se sum\u00f3 al m\u00e1gico movimiento musical que defini\u00f3 la d\u00e9cada de los sesenta.<\/p>\n","protected":false},"featured_media":99,"comment_status":"open","ping_status":"closed","template":"","meta":[],"product_brand":[],"product_cat":[16],"product_tag":[],"class_list":{"0":"post-98","1":"product","2":"type-product","3":"status-publish","4":"has-post-thumbnail","6":"product_cat-rock-y-pop","8":"first","9":"instock","10":"taxable","11":"shipping-taxable","12":"purchasable","13":"product-type-simple"},"_links":{"self":[{"href":"https:\/\/paitunes.com\/gl\/wp-json\/wp\/v2\/product\/98","targetHints":{"allow":["GET"]}}],"collection":[{"href":"https:\/\/paitunes.com\/gl\/wp-json\/wp\/v2\/product"}],"about":[{"href":"https:\/\/paitunes.com\/gl\/wp-json\/wp\/v2\/types\/product"}],"replies":[{"embeddable":true,"href":"https:\/\/paitunes.com\/gl\/wp-json\/wp\/v2\/comments?post=98"}],"wp:featuredmedia":[{"embeddable":true,"href":"https:\/\/paitunes.com\/gl\/wp-json\/wp\/v2\/media\/99"}],"wp:attachment":[{"href":"https:\/\/paitunes.com\/gl\/wp-json\/wp\/v2\/media?parent=98"}],"wp:term":[{"taxonomy":"product_brand","embeddable":true,"href":"https:\/\/paitunes.com\/gl\/wp-json\/wp\/v2\/product_brand?post=98"},{"taxonomy":"product_cat","embeddable":true,"href":"https:\/\/paitunes.com\/gl\/wp-json\/wp\/v2\/product_cat?post=98"},{"taxonomy":"product_tag","embeddable":true,"href":"https:\/\/paitunes.com\/gl\/wp-json\/wp\/v2\/product_tag?post=98"}],"curies":[{"name":"wp","href":"https:\/\/api.w.org\/{rel}","templated":true}]}}